{"id":4667,"date":"2020-11-19T11:45:27","date_gmt":"2020-11-19T07:45:27","guid":{"rendered":"http:\/\/college-lechaudron.ac-reunion.fr\/?page_id=4667"},"modified":"2020-11-27T15:33:50","modified_gmt":"2020-11-27T11:33:50","slug":"messagerie-professionnelle","status":"publish","type":"page","link":"https:\/\/etab.ac-reunion.fr\/clg-elie-wiesel\/messagerie-professionnelle\/","title":{"rendered":"Messagerie professionnelle"},"content":{"rendered":"<p style=\"text-align: center\"><div class=\"su-button-center\"><a href=\"https:\/\/webmail.ac-reunion.fr\/\" class=\"su-button su-button-style-3d\" style=\"color:#100401;background-color:#3b96f3;border-color:#3078c3;border-radius:8px\" target=\"_blank\" rel=\"noopener noreferrer\"><span style=\"color:#100401;padding:0px 22px;font-size:17px;line-height:34px;border-color:#76b6f7;border-radius:8px;text-shadow:none\"> Acc\u00e9der \u00e0 sa messagerie professionnelle<\/span><\/a><\/div>\n<p>&nbsp;<\/p>\n<p>&nbsp;<\/p>\n<table>\n<tbody>\n<tr>\n<td colspan=\"3\" width=\"614\">\n<p style=\"text-align: center\"><strong>Comment param\u00e9trer un client de messagerie sur\u00a0:<\/strong><\/p>\n<p style=\"text-align: center\"><em>(Cliquer sur le lien souhait\u00e9 pour ouvrir et t\u00e9l\u00e9charger le document)<\/em><\/p>\n<\/td>\n<\/tr>\n<tr>\n<td style=\"text-align: center\" width=\"205\"><a href=\"https:\/\/etab.ac-reunion.fr\/clg-elie-wiesel\/wp-content\/uploads\/sites\/20\/2020\/11\/parametrage_messagerie_outil_messagerie_android.pdf\">Smartphone:ANDROID<\/a><\/td>\n<td style=\"text-align: center\" width=\"205\"><a href=\"https:\/\/etab.ac-reunion.fr\/clg-elie-wiesel\/wp-content\/uploads\/sites\/20\/2020\/11\/parametrage_messagerie_outil_messagerie_Ordi.pdf\">Ordinateur<\/a><\/td>\n<td style=\"text-align: center\" width=\"205\"><a href=\"https:\/\/etab.ac-reunion.fr\/clg-elie-wiesel\/wp-content\/uploads\/sites\/20\/2020\/11\/parametrage_messagerie_outil_messagerie_ios.pdf\">Smartphone IOS (Iphone)<\/a><\/td>\n<\/tr>\n<\/tbody>\n<\/table>\n<p>&nbsp;<\/p>\n","protected":false},"excerpt":{"rendered":"<p>&nbsp; &nbsp; Comment param\u00e9trer un client de messagerie sur\u00a0: (Cliquer sur le lien souhait\u00e9 pour ouvrir et t\u00e9l\u00e9charger le document) Smartphone:ANDROID Ordinateur Smartphone IOS (Iphone) &nbsp;<\/p>\n","protected":false},"author":19455,"featured_media":0,"parent":0,"menu_order":0,"comment_status":"closed","ping_status":"closed","template":"","meta":{"footnotes":"","_links_to":"","_links_to_target":""},"class_list":["post-4667","page","type-page","status-publish","hentry"],"_links":{"self":[{"href":"https:\/\/etab.ac-reunion.fr\/clg-elie-wiesel\/wp-json\/wp\/v2\/pages\/4667","targetHints":{"allow":["GET"]}}],"collection":[{"href":"https:\/\/etab.ac-reunion.fr\/clg-elie-wiesel\/wp-json\/wp\/v2\/pages"}],"about":[{"href":"https:\/\/etab.ac-reunion.fr\/clg-elie-wiesel\/wp-json\/wp\/v2\/types\/page"}],"author":[{"embeddable":true,"href":"https:\/\/etab.ac-reunion.fr\/clg-elie-wiesel\/wp-json\/wp\/v2\/users\/19455"}],"replies":[{"embeddable":true,"href":"https:\/\/etab.ac-reunion.fr\/clg-elie-wiesel\/wp-json\/wp\/v2\/comments?post=4667"}],"version-history":[{"count":12,"href":"https:\/\/etab.ac-reunion.fr\/clg-elie-wiesel\/wp-json\/wp\/v2\/pages\/4667\/revisions"}],"predecessor-version":[{"id":4747,"href":"https:\/\/etab.ac-reunion.fr\/clg-elie-wiesel\/wp-json\/wp\/v2\/pages\/4667\/revisions\/4747"}],"wp:attachment":[{"href":"https:\/\/etab.ac-reunion.fr\/clg-elie-wiesel\/wp-json\/wp\/v2\/media?parent=4667"}],"curies":[{"name":"wp","href":"https:\/\/api.w.org\/{rel}","templated":true}]}}