{"id":4730,"date":"2020-11-27T15:05:48","date_gmt":"2020-11-27T11:05:48","guid":{"rendered":"http:\/\/college-lechaudron.ac-reunion.fr\/?page_id=4730"},"modified":"2020-12-01T10:22:15","modified_gmt":"2020-12-01T06:22:15","slug":"procedure-en-cas-dabsence-aesh","status":"publish","type":"page","link":"https:\/\/etab.ac-reunion.fr\/clg-elie-wiesel\/procedure-en-cas-dabsence-aesh\/","title":{"rendered":"Proc\u00e9dure en cas d&rsquo;absence AESH"},"content":{"rendered":"<p>1.D\u00e9poser les originaux dans votre \u00e9tablissement ou dans l\u2019un des \u00e9tablissements :<\/p>\n<p style=\"text-align: center\"><span style=\"color: #ff0000\">Arr\u00eat de travail + formulaire d&rsquo;absence \u00a0<\/span><\/p>\n<p style=\"text-align: center\"><span style=\"color: #ff0000\"><span style=\"color: #0000ff\"> \u00a0 <\/span><a style=\"color: #ff0000\" href=\"https:\/\/etab.ac-reunion.fr\/clg-elie-wiesel\/wp-content\/uploads\/sites\/20\/2020\/11\/formulaire-de-demande-dabsence-des-AESH-RS2020.pdf\" target=\"_blank\" rel=\"noopener noreferrer\"><em><span style=\"color: #0000ff\">(Cliquer ici pour ouvrir et t\u00e9l\u00e9charger le formulaire)<\/span><\/em><\/a><\/span><\/p>\n<p>2.Envoyer un m\u00e9l au secr\u00e9tariat du PIAL ( ce.9741208v@ac-reunion.fr) et en copie votre ou vos \u00e9tablissement(s). <em>(Vous trouverez ci-dessous le tableau des coordonn\u00e9es des \u00e9coles et \u00e9tablissements.)<\/em><\/p>\n<p><span style=\"color: #ff0000\">Voici les Informations importantes \u00e0 pr\u00e9ciser dans le m\u00e9l : <\/span><\/p>\n<ul>\n<li style=\"text-align: center\"><span style=\"color: #000000\">La p\u00e9riode d\u2019absence <\/span><\/li>\n<li style=\"text-align: center\"><span style=\"color: #000000\">Le lieu o\u00f9 a \u00e9t\u00e9 d\u00e9pos\u00e9 les originaux<\/span><\/li>\n<li style=\"text-align: center\"><span style=\"color: #000000\">Une copie de l\u2019arr\u00eat<\/span><\/li>\n<\/ul>\n<p style=\"text-align: center\"><em>Attention! Il est conseill\u00e9 de pr\u00e9venir le Pial et l&rsquo;\u00e9tablissement par m\u00e9l, si vous utilisez la voie postale pour transmettre les documents .<\/em><\/p>\n<p><a href=\"https:\/\/etab.ac-reunion.fr\/clg-elie-wiesel\/wp-content\/uploads\/sites\/20\/2020\/12\/Coordonnees-des-etablissements-et-ecoles.jpg\"><img loading=\"lazy\" decoding=\"async\" class=\"aligncenter size-full wp-image-4775\" src=\"https:\/\/etab.ac-reunion.fr\/clg-elie-wiesel\/wp-content\/uploads\/sites\/20\/2020\/12\/Coordonnees-des-etablissements-et-ecoles.jpg\" alt=\"\" width=\"523\" height=\"475\" srcset=\"https:\/\/etab.ac-reunion.fr\/clg-elie-wiesel\/wp-content\/uploads\/sites\/20\/2020\/12\/Coordonnees-des-etablissements-et-ecoles.jpg 523w, https:\/\/etab.ac-reunion.fr\/clg-elie-wiesel\/wp-content\/uploads\/sites\/20\/2020\/12\/Coordonnees-des-etablissements-et-ecoles-300x272.jpg 300w\" sizes=\"auto, (max-width: 523px) 100vw, 523px\" \/><\/a><\/p>\n","protected":false},"excerpt":{"rendered":"<p>1.D\u00e9poser les originaux dans votre \u00e9tablissement ou dans l\u2019un des \u00e9tablissements : Arr\u00eat de travail + formulaire d&rsquo;absence \u00a0 \u00a0 (Cliquer ici pour ouvrir et t\u00e9l\u00e9charger le formulaire) 2.Envoyer un m\u00e9l au secr\u00e9tariat du PIAL ( ce.9741208v@ac-reunion.fr) et en copie votre ou vos \u00e9tablissement(s). (Vous trouverez ci-dessous le tableau des coordonn\u00e9es des \u00e9coles et \u00e9tablissements.) [&hellip;]<\/p>\n","protected":false},"author":19455,"featured_media":0,"parent":0,"menu_order":0,"comment_status":"closed","ping_status":"closed","template":"","meta":{"footnotes":"","_links_to":"","_links_to_target":""},"class_list":["post-4730","page","type-page","status-publish","hentry"],"_links":{"self":[{"href":"https:\/\/etab.ac-reunion.fr\/clg-elie-wiesel\/wp-json\/wp\/v2\/pages\/4730","targetHints":{"allow":["GET"]}}],"collection":[{"href":"https:\/\/etab.ac-reunion.fr\/clg-elie-wiesel\/wp-json\/wp\/v2\/pages"}],"about":[{"href":"https:\/\/etab.ac-reunion.fr\/clg-elie-wiesel\/wp-json\/wp\/v2\/types\/page"}],"author":[{"embeddable":true,"href":"https:\/\/etab.ac-reunion.fr\/clg-elie-wiesel\/wp-json\/wp\/v2\/users\/19455"}],"replies":[{"embeddable":true,"href":"https:\/\/etab.ac-reunion.fr\/clg-elie-wiesel\/wp-json\/wp\/v2\/comments?post=4730"}],"version-history":[{"count":7,"href":"https:\/\/etab.ac-reunion.fr\/clg-elie-wiesel\/wp-json\/wp\/v2\/pages\/4730\/revisions"}],"predecessor-version":[{"id":4734,"href":"https:\/\/etab.ac-reunion.fr\/clg-elie-wiesel\/wp-json\/wp\/v2\/pages\/4730\/revisions\/4734"}],"wp:attachment":[{"href":"https:\/\/etab.ac-reunion.fr\/clg-elie-wiesel\/wp-json\/wp\/v2\/media?parent=4730"}],"curies":[{"name":"wp","href":"https:\/\/api.w.org\/{rel}","templated":true}]}}