{"id":530,"date":"2013-11-04T11:25:00","date_gmt":"2013-11-04T10:25:00","guid":{"rendered":"http:\/\/college-lechaudron-tmp.ac-reunion.fr\/?page_id=530"},"modified":"2014-05-02T10:08:35","modified_gmt":"2014-05-02T06:08:35","slug":"sport","status":"publish","type":"page","link":"https:\/\/etab.ac-reunion.fr\/clg-elie-wiesel\/sport\/","title":{"rendered":"EPS"},"content":{"rendered":"<p style=\"text-align: justify\">EPS signifie Education Physique et Sportive. L&rsquo;EPS correspond \u00e0 l&rsquo;enseignement physique et sportif dans le cadre scolaire.<\/p>\n<p style=\"text-align: justify\">L&rsquo;EPS au coll\u00e8ge du Chaudron est mise en oeuvre par une \u00e9quipe de quatre professeurs d&rsquo;EPS.<br \/>\nNotre volont\u00e9 \u00e0 travers l&rsquo;enseignement de l&rsquo;EPS est de permettre \u00e0 tous les \u00e9l\u00e8ves d&rsquo;acqu\u00e9rir une culture et des techniques li\u00e9es \u00e0 des activit\u00e9s physiques et sportives choisies dans un soucis d&rsquo;\u00e9quilibre et de diversit\u00e9.<br \/>\nNotre r\u00f4le va plus loin puisqu&rsquo;il s&rsquo;agit aussi de donner \u00e0 chacun les moyens de r\u00e9investir ses connaissances et de poursuivre ses apprentissages tout au long de sa vie et en soci\u00e9t\u00e9 et cela par l&rsquo;apprentissage de r\u00e8gles de vie collectives et de m\u00e9thodes pour apprendre.<\/p>\n","protected":false},"excerpt":{"rendered":"<p>EPS signifie Education Physique et Sportive. L&rsquo;EPS correspond \u00e0 l&rsquo;enseignement physique et sportif dans le cadre scolaire. L&rsquo;EPS au coll\u00e8ge du Chaudron est mise en oeuvre par une \u00e9quipe de quatre professeurs d&rsquo;EPS. Notre volont\u00e9 \u00e0 travers l&rsquo;enseignement de l&rsquo;EPS est de permettre \u00e0 tous les \u00e9l\u00e8ves d&rsquo;acqu\u00e9rir une culture et des techniques li\u00e9es \u00e0 [&hellip;]<\/p>\n","protected":false},"author":64,"featured_media":0,"parent":0,"menu_order":0,"comment_status":"closed","ping_status":"open","template":"page-blog.php","meta":{"footnotes":"","_links_to":"","_links_to_target":""},"class_list":["post-530","page","type-page","status-publish","hentry"],"_links":{"self":[{"href":"https:\/\/etab.ac-reunion.fr\/clg-elie-wiesel\/wp-json\/wp\/v2\/pages\/530","targetHints":{"allow":["GET"]}}],"collection":[{"href":"https:\/\/etab.ac-reunion.fr\/clg-elie-wiesel\/wp-json\/wp\/v2\/pages"}],"about":[{"href":"https:\/\/etab.ac-reunion.fr\/clg-elie-wiesel\/wp-json\/wp\/v2\/types\/page"}],"author":[{"embeddable":true,"href":"https:\/\/etab.ac-reunion.fr\/clg-elie-wiesel\/wp-json\/wp\/v2\/users\/64"}],"replies":[{"embeddable":true,"href":"https:\/\/etab.ac-reunion.fr\/clg-elie-wiesel\/wp-json\/wp\/v2\/comments?post=530"}],"version-history":[{"count":6,"href":"https:\/\/etab.ac-reunion.fr\/clg-elie-wiesel\/wp-json\/wp\/v2\/pages\/530\/revisions"}],"predecessor-version":[{"id":1359,"href":"https:\/\/etab.ac-reunion.fr\/clg-elie-wiesel\/wp-json\/wp\/v2\/pages\/530\/revisions\/1359"}],"wp:attachment":[{"href":"https:\/\/etab.ac-reunion.fr\/clg-elie-wiesel\/wp-json\/wp\/v2\/media?parent=530"}],"curies":[{"name":"wp","href":"https:\/\/api.w.org\/{rel}","templated":true}]}}