{"id":5389,"date":"2022-04-13T08:51:00","date_gmt":"2022-04-13T04:51:00","guid":{"rendered":"http:\/\/college-lechaudron.ac-reunion.fr\/?page_id=5389"},"modified":"2022-04-13T08:51:00","modified_gmt":"2022-04-13T04:51:00","slug":"le-gestionnaire","status":"publish","type":"page","link":"https:\/\/etab.ac-reunion.fr\/clg-elie-wiesel\/le-gestionnaire\/","title":{"rendered":"Le gestionnaire"},"content":{"rendered":"<p>Le gestionnaire g\u00e8re le budget de l\u2019\u00e9tablissement, les d\u00e9penses et les recettes, tout l\u2019aspect mat\u00e9riel, l\u2019entretien des locaux, mais il g\u00e8re aussi tous les personnels dits ATOS (entretien, accueil, ouvrier professionnel).<\/p>\n<p>Au coll\u00e8ge du Chaudron, les \u00e9l\u00e8ves peuvent aller le voir pour les questions de bourse, ou encore des aides ponctuelles avec le fond social coll\u00e9gien.<\/p>\n","protected":false},"excerpt":{"rendered":"<p>Le gestionnaire g\u00e8re le budget de l\u2019\u00e9tablissement, les d\u00e9penses et les recettes, tout l\u2019aspect mat\u00e9riel, l\u2019entretien des locaux, mais il g\u00e8re aussi tous les personnels dits ATOS (entretien, accueil, ouvrier professionnel). Au coll\u00e8ge du Chaudron, les \u00e9l\u00e8ves peuvent aller le voir pour les questions de bourse, ou encore des aides ponctuelles avec le fond social [&hellip;]<\/p>\n","protected":false},"author":19455,"featured_media":0,"parent":0,"menu_order":0,"comment_status":"closed","ping_status":"closed","template":"","meta":{"footnotes":"","_links_to":"","_links_to_target":""},"class_list":["post-5389","page","type-page","status-publish","hentry"],"_links":{"self":[{"href":"https:\/\/etab.ac-reunion.fr\/clg-elie-wiesel\/wp-json\/wp\/v2\/pages\/5389","targetHints":{"allow":["GET"]}}],"collection":[{"href":"https:\/\/etab.ac-reunion.fr\/clg-elie-wiesel\/wp-json\/wp\/v2\/pages"}],"about":[{"href":"https:\/\/etab.ac-reunion.fr\/clg-elie-wiesel\/wp-json\/wp\/v2\/types\/page"}],"author":[{"embeddable":true,"href":"https:\/\/etab.ac-reunion.fr\/clg-elie-wiesel\/wp-json\/wp\/v2\/users\/19455"}],"replies":[{"embeddable":true,"href":"https:\/\/etab.ac-reunion.fr\/clg-elie-wiesel\/wp-json\/wp\/v2\/comments?post=5389"}],"version-history":[{"count":1,"href":"https:\/\/etab.ac-reunion.fr\/clg-elie-wiesel\/wp-json\/wp\/v2\/pages\/5389\/revisions"}],"predecessor-version":[{"id":5390,"href":"https:\/\/etab.ac-reunion.fr\/clg-elie-wiesel\/wp-json\/wp\/v2\/pages\/5389\/revisions\/5390"}],"wp:attachment":[{"href":"https:\/\/etab.ac-reunion.fr\/clg-elie-wiesel\/wp-json\/wp\/v2\/media?parent=5389"}],"curies":[{"name":"wp","href":"https:\/\/api.w.org\/{rel}","templated":true}]}}