{"id":5392,"date":"2022-04-13T08:52:26","date_gmt":"2022-04-13T04:52:26","guid":{"rendered":"http:\/\/college-lechaudron.ac-reunion.fr\/?page_id=5392"},"modified":"2022-04-13T08:52:26","modified_gmt":"2022-04-13T04:52:26","slug":"les-agents","status":"publish","type":"page","link":"https:\/\/etab.ac-reunion.fr\/clg-elie-wiesel\/les-agents\/","title":{"rendered":"Les agents"},"content":{"rendered":"<p>Les agents du coll\u00e8ge assurent les t\u00e2ches n\u00e9cessaires au bon fonctionnement de l\u2019\u00e9tablissement\u00a0: accueil, entretien et maintenance. En tant que membre de la communaut\u00e9 \u00e9ducative, ils participent \u00e0 la qualit\u00e9 du cadre de vie scolaire.<\/p>\n","protected":false},"excerpt":{"rendered":"<p>Les agents du coll\u00e8ge assurent les t\u00e2ches n\u00e9cessaires au bon fonctionnement de l\u2019\u00e9tablissement\u00a0: accueil, entretien et maintenance. En tant que membre de la communaut\u00e9 \u00e9ducative, ils participent \u00e0 la qualit\u00e9 du cadre de vie scolaire.<\/p>\n","protected":false},"author":19455,"featured_media":0,"parent":0,"menu_order":0,"comment_status":"closed","ping_status":"closed","template":"","meta":{"footnotes":"","_links_to":"","_links_to_target":""},"class_list":["post-5392","page","type-page","status-publish","hentry"],"_links":{"self":[{"href":"https:\/\/etab.ac-reunion.fr\/clg-elie-wiesel\/wp-json\/wp\/v2\/pages\/5392","targetHints":{"allow":["GET"]}}],"collection":[{"href":"https:\/\/etab.ac-reunion.fr\/clg-elie-wiesel\/wp-json\/wp\/v2\/pages"}],"about":[{"href":"https:\/\/etab.ac-reunion.fr\/clg-elie-wiesel\/wp-json\/wp\/v2\/types\/page"}],"author":[{"embeddable":true,"href":"https:\/\/etab.ac-reunion.fr\/clg-elie-wiesel\/wp-json\/wp\/v2\/users\/19455"}],"replies":[{"embeddable":true,"href":"https:\/\/etab.ac-reunion.fr\/clg-elie-wiesel\/wp-json\/wp\/v2\/comments?post=5392"}],"version-history":[{"count":1,"href":"https:\/\/etab.ac-reunion.fr\/clg-elie-wiesel\/wp-json\/wp\/v2\/pages\/5392\/revisions"}],"predecessor-version":[{"id":5393,"href":"https:\/\/etab.ac-reunion.fr\/clg-elie-wiesel\/wp-json\/wp\/v2\/pages\/5392\/revisions\/5393"}],"wp:attachment":[{"href":"https:\/\/etab.ac-reunion.fr\/clg-elie-wiesel\/wp-json\/wp\/v2\/media?parent=5392"}],"curies":[{"name":"wp","href":"https:\/\/api.w.org\/{rel}","templated":true}]}}