{"id":5395,"date":"2022-04-13T08:53:59","date_gmt":"2022-04-13T04:53:59","guid":{"rendered":"http:\/\/college-lechaudron.ac-reunion.fr\/?page_id=5395"},"modified":"2022-04-13T08:53:59","modified_gmt":"2022-04-13T04:53:59","slug":"les-professeurs-principaux","status":"publish","type":"page","link":"https:\/\/etab.ac-reunion.fr\/clg-elie-wiesel\/les-professeurs-principaux\/","title":{"rendered":"Les professeurs principaux"},"content":{"rendered":"<p>Les professeurs principaux<\/p>\n<p>&#8211;\u00a0\u00a0\u00a0\u00a0\u00a0\u00a0\u00a0\u00a0\u00a0assure la coordination de l\u2019\u00e9quipe p\u00e9dagogique et a une responsabilit\u00e9 particuli\u00e8re dans le suivi, l\u2019information et la pr\u00e9paration de l\u2019orientation des \u00e9l\u00e8ves,<\/p>\n<p>&#8211;\u00a0\u00a0\u00a0\u00a0\u00a0\u00a0\u00a0\u00a0\u00a0charg\u00e9 de centraliser les informations concernant les \u00e9l\u00e8ves et d\u2019en \u00e9tablir la synth\u00e8se pour les conseils de classe,<\/p>\n<p>&#8211;\u00a0\u00a0\u00a0\u00a0\u00a0\u00a0\u00a0\u00a0\u00a0fait r\u00e9guli\u00e8rement la synth\u00e8se de la situation de l\u2019\u00e9l\u00e8ve, en y associant le C.P.E. et le PSY-EN notamment,<\/p>\n<p>&#8211;\u00a0\u00a0\u00a0\u00a0\u00a0\u00a0\u00a0\u00a0\u00a0propose \u00e0 l\u2019\u00e9l\u00e8ve \u00ab\u00a0les objectifs p\u00e9dagogiques et les moyens permettant la r\u00e9alisation de son projet personnel\u00a0\u00bb,<\/p>\n<p>&#8211;\u00a0\u00a0\u00a0\u00a0\u00a0\u00a0\u00a0\u00a0\u00a0am\u00e8ne les \u00e9l\u00e8ves \u00e0 pr\u00e9parer leurs choix d\u2019orientation, impulse les actions d\u2019information.<\/p>\n<p><a href=\"https:\/\/www.education.gouv.fr\/bo\/18\/Hebdo33\/MENE1823888C.htm?cid_bo=133784\">https:\/\/www.education.gouv.fr\/bo\/18\/Hebdo33\/MENE1823888C.htm?cid_bo=133784<\/a><\/p>\n","protected":false},"excerpt":{"rendered":"<p>Les professeurs principaux &#8211;\u00a0\u00a0\u00a0\u00a0\u00a0\u00a0\u00a0\u00a0\u00a0assure la coordination de l\u2019\u00e9quipe p\u00e9dagogique et a une responsabilit\u00e9 particuli\u00e8re dans le suivi, l\u2019information et la pr\u00e9paration de l\u2019orientation des \u00e9l\u00e8ves, &#8211;\u00a0\u00a0\u00a0\u00a0\u00a0\u00a0\u00a0\u00a0\u00a0charg\u00e9 de centraliser les informations concernant les \u00e9l\u00e8ves et d\u2019en \u00e9tablir la synth\u00e8se pour les conseils de classe, &#8211;\u00a0\u00a0\u00a0\u00a0\u00a0\u00a0\u00a0\u00a0\u00a0fait r\u00e9guli\u00e8rement la synth\u00e8se de la situation de l\u2019\u00e9l\u00e8ve, en y associant [&hellip;]<\/p>\n","protected":false},"author":19455,"featured_media":0,"parent":0,"menu_order":0,"comment_status":"closed","ping_status":"closed","template":"","meta":{"footnotes":"","_links_to":"","_links_to_target":""},"class_list":["post-5395","page","type-page","status-publish","hentry"],"_links":{"self":[{"href":"https:\/\/etab.ac-reunion.fr\/clg-elie-wiesel\/wp-json\/wp\/v2\/pages\/5395","targetHints":{"allow":["GET"]}}],"collection":[{"href":"https:\/\/etab.ac-reunion.fr\/clg-elie-wiesel\/wp-json\/wp\/v2\/pages"}],"about":[{"href":"https:\/\/etab.ac-reunion.fr\/clg-elie-wiesel\/wp-json\/wp\/v2\/types\/page"}],"author":[{"embeddable":true,"href":"https:\/\/etab.ac-reunion.fr\/clg-elie-wiesel\/wp-json\/wp\/v2\/users\/19455"}],"replies":[{"embeddable":true,"href":"https:\/\/etab.ac-reunion.fr\/clg-elie-wiesel\/wp-json\/wp\/v2\/comments?post=5395"}],"version-history":[{"count":1,"href":"https:\/\/etab.ac-reunion.fr\/clg-elie-wiesel\/wp-json\/wp\/v2\/pages\/5395\/revisions"}],"predecessor-version":[{"id":5396,"href":"https:\/\/etab.ac-reunion.fr\/clg-elie-wiesel\/wp-json\/wp\/v2\/pages\/5395\/revisions\/5396"}],"wp:attachment":[{"href":"https:\/\/etab.ac-reunion.fr\/clg-elie-wiesel\/wp-json\/wp\/v2\/media?parent=5395"}],"curies":[{"name":"wp","href":"https:\/\/api.w.org\/{rel}","templated":true}]}}