{"id":5398,"date":"2022-04-13T08:55:33","date_gmt":"2022-04-13T04:55:33","guid":{"rendered":"http:\/\/college-lechaudron.ac-reunion.fr\/?page_id=5398"},"modified":"2022-04-13T08:55:33","modified_gmt":"2022-04-13T04:55:33","slug":"les-professeurs","status":"publish","type":"page","link":"https:\/\/etab.ac-reunion.fr\/clg-elie-wiesel\/les-professeurs\/","title":{"rendered":"Les professeurs"},"content":{"rendered":"<p>&#8211;\u00a0\u00a0\u00a0\u00a0\u00a0\u00a0\u00a0\u00a0\u00a0le professeur est membre d\u2019une ou plusieurs \u00e9quipes p\u00e9dagogiques et \u00e9ducatives,<\/p>\n<p>&#8211;\u00a0\u00a0\u00a0\u00a0\u00a0\u00a0\u00a0\u00a0\u00a0le professeur est attentif \u00e0 la dimension \u00e9ducative du projet d\u2019\u00e9tablissement.<\/p>\n<p>Il conna\u00eet l\u2019importance du r\u00e8glement int\u00e9rieur et sait en faire comprendre le sens \u00e0 ses \u00e9l\u00e8ves. Il conna\u00eet et sait faire respecter les r\u00e8gles g\u00e9n\u00e9rales de s\u00e9curit\u00e9.<\/p>\n<p>&#8211;\u00a0\u00a0\u00a0\u00a0\u00a0\u00a0\u00a0\u00a0\u00a0le professeur doit pouvoir \u00e9tablir un dialogue constructif avec les familles.<\/p>\n<p>Au sein de la communaut\u00e9 \u00e9ducative, ils participent au suivi, \u00e0 l\u2019orientation et \u00e0 l\u2019insertion des \u00e9l\u00e8ves en collaboration avec les autres personnels d\u2019enseignement, d\u2019\u00e9ducation et d\u2019orientation.<\/p>\n<p>Ils prennent en charge l\u2019enseignement des disciplines dans les diff\u00e9rentes classes et participent \u00e0 l\u2019\u00e9valuation et \u00e0 l\u2019orientation des \u00e9l\u00e8ves.<\/p>\n<p><a href=\"https:\/\/www.education.gouv.fr\/le-referentiel-de-competences-des-metiers-du-professorat-et-de-l-education-5753\">https:\/\/www.education.gouv.fr\/le-referentiel-de-competences-des-metiers-du-professorat-et-de-l-education-5753<\/a><\/p>\n","protected":false},"excerpt":{"rendered":"<p>&#8211;\u00a0\u00a0\u00a0\u00a0\u00a0\u00a0\u00a0\u00a0\u00a0le professeur est membre d\u2019une ou plusieurs \u00e9quipes p\u00e9dagogiques et \u00e9ducatives, &#8211;\u00a0\u00a0\u00a0\u00a0\u00a0\u00a0\u00a0\u00a0\u00a0le professeur est attentif \u00e0 la dimension \u00e9ducative du projet d\u2019\u00e9tablissement. Il conna\u00eet l\u2019importance du r\u00e8glement int\u00e9rieur et sait en faire comprendre le sens \u00e0 ses \u00e9l\u00e8ves. Il conna\u00eet et sait faire respecter les r\u00e8gles g\u00e9n\u00e9rales de s\u00e9curit\u00e9. &#8211;\u00a0\u00a0\u00a0\u00a0\u00a0\u00a0\u00a0\u00a0\u00a0le professeur doit pouvoir \u00e9tablir un [&hellip;]<\/p>\n","protected":false},"author":19455,"featured_media":0,"parent":0,"menu_order":0,"comment_status":"closed","ping_status":"closed","template":"","meta":{"footnotes":"","_links_to":"","_links_to_target":""},"class_list":["post-5398","page","type-page","status-publish","hentry"],"_links":{"self":[{"href":"https:\/\/etab.ac-reunion.fr\/clg-elie-wiesel\/wp-json\/wp\/v2\/pages\/5398","targetHints":{"allow":["GET"]}}],"collection":[{"href":"https:\/\/etab.ac-reunion.fr\/clg-elie-wiesel\/wp-json\/wp\/v2\/pages"}],"about":[{"href":"https:\/\/etab.ac-reunion.fr\/clg-elie-wiesel\/wp-json\/wp\/v2\/types\/page"}],"author":[{"embeddable":true,"href":"https:\/\/etab.ac-reunion.fr\/clg-elie-wiesel\/wp-json\/wp\/v2\/users\/19455"}],"replies":[{"embeddable":true,"href":"https:\/\/etab.ac-reunion.fr\/clg-elie-wiesel\/wp-json\/wp\/v2\/comments?post=5398"}],"version-history":[{"count":1,"href":"https:\/\/etab.ac-reunion.fr\/clg-elie-wiesel\/wp-json\/wp\/v2\/pages\/5398\/revisions"}],"predecessor-version":[{"id":5399,"href":"https:\/\/etab.ac-reunion.fr\/clg-elie-wiesel\/wp-json\/wp\/v2\/pages\/5398\/revisions\/5399"}],"wp:attachment":[{"href":"https:\/\/etab.ac-reunion.fr\/clg-elie-wiesel\/wp-json\/wp\/v2\/media?parent=5398"}],"curies":[{"name":"wp","href":"https:\/\/api.w.org\/{rel}","templated":true}]}}