{"id":5404,"date":"2022-04-13T08:58:39","date_gmt":"2022-04-13T04:58:39","guid":{"rendered":"http:\/\/college-lechaudron.ac-reunion.fr\/?page_id=5404"},"modified":"2022-04-13T08:58:39","modified_gmt":"2022-04-13T04:58:39","slug":"lassistant-deducation-ae-aed","status":"publish","type":"page","link":"https:\/\/etab.ac-reunion.fr\/clg-elie-wiesel\/lassistant-deducation-ae-aed\/","title":{"rendered":"L\u2019assistant d\u2019\u00e9ducation (AE, AED)"},"content":{"rendered":"<p><strong>L\u2019assistant d\u2019\u00e9ducation (AE, AED)<\/strong>\u00a0exerce des fonctions d\u2019assistance aupr\u00e8s de l\u2019\u00e9quipe \u00e9ducative et du conseiller principal d&rsquo;\u00e9ducation (CPE)\u00a0dans les \u00e9coles primaires, les coll\u00e8ges, les lyc\u00e9es, les internats.<\/p>\n<p>Garant de la s\u00e9curit\u00e9, du respect des droits et du r\u00e8glement, il :<\/p>\n<p>&#8211; surveille les \u00e9tudes et permanences, les locaux, les r\u00e9cr\u00e9ations, l\u2019acc\u00e8s \u00e0 l\u2019\u00e9tablissement.<\/p>\n<p>&#8211; en soutien du CPE, contr\u00f4le l\u2019assiduit\u00e9 des \u00e9l\u00e8ves, g\u00e8re les absences et retards, contacte les familles en cas d\u2019absence.<\/p>\n<p>&#8211; assure en parall\u00e8le des t\u00e2ches administratives li\u00e9es \u00e0 \u00a0la vie de l\u2019\u00e9tablissement (organisation des examens, inscription des \u00e9l\u00e8ves, pr\u00e9paration des documents de rentr\u00e9e\u2026).<\/p>\n<p>&#8211; participe aussi aux activit\u00e9s \u00e9ducatives, sportives, sociales et culturelles ainsi qu\u2019\u00e0 l\u2019accueil et \u00e0 l\u2019int\u00e9gration des \u00e9l\u00e8ves handicap\u00e9s.<\/p>\n<p>&#8211; aide \u00e0 l\u2019utilisation des technologies de l\u2019information et de la communication, assure l\u2019aide aux devoirs.<\/p>\n<p>&nbsp;<\/p>\n<p><a href=\"https:\/\/www.education.gouv.fr\/bo\/2003\/25\/MENP0301316C.htm\">https:\/\/www.education.gouv.fr\/bo\/2003\/25\/MENP0301316C.htm<\/a><\/p>\n","protected":false},"excerpt":{"rendered":"<p>L\u2019assistant d\u2019\u00e9ducation (AE, AED)\u00a0exerce des fonctions d\u2019assistance aupr\u00e8s de l\u2019\u00e9quipe \u00e9ducative et du conseiller principal d&rsquo;\u00e9ducation (CPE)\u00a0dans les \u00e9coles primaires, les coll\u00e8ges, les lyc\u00e9es, les internats. Garant de la s\u00e9curit\u00e9, du respect des droits et du r\u00e8glement, il : &#8211; surveille les \u00e9tudes et permanences, les locaux, les r\u00e9cr\u00e9ations, l\u2019acc\u00e8s \u00e0 l\u2019\u00e9tablissement. &#8211; en soutien [&hellip;]<\/p>\n","protected":false},"author":19455,"featured_media":0,"parent":0,"menu_order":0,"comment_status":"closed","ping_status":"closed","template":"","meta":{"footnotes":"","_links_to":"","_links_to_target":""},"class_list":["post-5404","page","type-page","status-publish","hentry"],"_links":{"self":[{"href":"https:\/\/etab.ac-reunion.fr\/clg-elie-wiesel\/wp-json\/wp\/v2\/pages\/5404","targetHints":{"allow":["GET"]}}],"collection":[{"href":"https:\/\/etab.ac-reunion.fr\/clg-elie-wiesel\/wp-json\/wp\/v2\/pages"}],"about":[{"href":"https:\/\/etab.ac-reunion.fr\/clg-elie-wiesel\/wp-json\/wp\/v2\/types\/page"}],"author":[{"embeddable":true,"href":"https:\/\/etab.ac-reunion.fr\/clg-elie-wiesel\/wp-json\/wp\/v2\/users\/19455"}],"replies":[{"embeddable":true,"href":"https:\/\/etab.ac-reunion.fr\/clg-elie-wiesel\/wp-json\/wp\/v2\/comments?post=5404"}],"version-history":[{"count":1,"href":"https:\/\/etab.ac-reunion.fr\/clg-elie-wiesel\/wp-json\/wp\/v2\/pages\/5404\/revisions"}],"predecessor-version":[{"id":5405,"href":"https:\/\/etab.ac-reunion.fr\/clg-elie-wiesel\/wp-json\/wp\/v2\/pages\/5404\/revisions\/5405"}],"wp:attachment":[{"href":"https:\/\/etab.ac-reunion.fr\/clg-elie-wiesel\/wp-json\/wp\/v2\/media?parent=5404"}],"curies":[{"name":"wp","href":"https:\/\/api.w.org\/{rel}","templated":true}]}}