{"id":5406,"date":"2022-04-13T08:59:54","date_gmt":"2022-04-13T04:59:54","guid":{"rendered":"http:\/\/college-lechaudron.ac-reunion.fr\/?page_id=5406"},"modified":"2022-04-13T08:59:54","modified_gmt":"2022-04-13T04:59:54","slug":"le-psychologue","status":"publish","type":"page","link":"https:\/\/etab.ac-reunion.fr\/clg-elie-wiesel\/le-psychologue\/","title":{"rendered":"Le psychologue"},"content":{"rendered":"<p><strong>Le psychologue<\/strong><\/p>\n<p>Il a pour r\u00f4le\u00a0:<\/p>\n<p>\u25ba De\u00a0<strong>favoriser<\/strong>\u00a0l\u2019\u00e9panouissement des \u00e9l\u00e8ves dans l\u2019institution scolaire en assurant un suivi et en les aidant \u00e0 s\u2019adapter au coll\u00e8ge (surtout en 6\u00e8me), en collaboration avec l\u2019ensemble du personnel de l\u2019\u00e9tablissement.<\/p>\n<p>\u25ba D\u2019aider les \u00e9l\u00e8ves \u00e0 construire progressivement leur projet scolaire et professionnel, en proposant des actions qui leur permettent :<\/p>\n<ul>\n<li>de mieux se conna\u00eetre (go\u00fbts, comp\u00e9tences\u2026)<\/li>\n<li>de mieux conna\u00eetre le syst\u00e8me \u00e9ducatif (\u00e9tudes, dipl\u00f4mes)<\/li>\n<li>de mieux comprendre l\u2019environnement \u00e9conomique.<\/li>\n<\/ul>\n<p>\u25baD\u2019<strong>informer<\/strong>\u00a0les \u00e9l\u00e8ves et leur famille sur les \u00e9tudes et les professions.<\/p>\n<p>Dans ce but, de la 6\u00e8me \u00e0 la 3\u00e8me, le PSY-EN peut programmer diverses actions : s\u00e9ances d\u2019information en direction des \u00e9l\u00e8ves ou des familles, questionnaires d\u2019int\u00e9r\u00eats professionnels, tests, entretiens individuels.<\/p>\n<p>Ces entretiens individuels peuvent \u00eatre sollicit\u00e9s par l\u2019\u00e9l\u00e8ve lui-m\u00eame ou ses parents. L\u2019\u00e9quipe \u00e9ducative peut aussi demander que la conseill\u00e8re d\u2019orientation rencontre un \u00e9l\u00e8ve, dans le souci de favoriser son adaptation et sa r\u00e9ussite.<\/p>\n<p>Le psychologue participe \u00e9galement aux conseils de classe et \u00e0 diverses r\u00e9unions avec l\u2019\u00e9quipe \u00e9ducative.<\/p>\n<p>&nbsp;<\/p>\n<p><a href=\"https:\/\/www.education.gouv.fr\/etre-psychologue-de-l-education-nationale-psyen-11831\">https:\/\/www.education.gouv.fr\/etre-psychologue-de-l-education-nationale-psyen-11831<\/a><\/p>\n","protected":false},"excerpt":{"rendered":"<p>Le psychologue Il a pour r\u00f4le\u00a0: \u25ba De\u00a0favoriser\u00a0l\u2019\u00e9panouissement des \u00e9l\u00e8ves dans l\u2019institution scolaire en assurant un suivi et en les aidant \u00e0 s\u2019adapter au coll\u00e8ge (surtout en 6\u00e8me), en collaboration avec l\u2019ensemble du personnel de l\u2019\u00e9tablissement. \u25ba D\u2019aider les \u00e9l\u00e8ves \u00e0 construire progressivement leur projet scolaire et professionnel, en proposant des actions qui leur permettent [&hellip;]<\/p>\n","protected":false},"author":19455,"featured_media":0,"parent":0,"menu_order":0,"comment_status":"closed","ping_status":"closed","template":"","meta":{"footnotes":"","_links_to":"","_links_to_target":""},"class_list":["post-5406","page","type-page","status-publish","hentry"],"_links":{"self":[{"href":"https:\/\/etab.ac-reunion.fr\/clg-elie-wiesel\/wp-json\/wp\/v2\/pages\/5406","targetHints":{"allow":["GET"]}}],"collection":[{"href":"https:\/\/etab.ac-reunion.fr\/clg-elie-wiesel\/wp-json\/wp\/v2\/pages"}],"about":[{"href":"https:\/\/etab.ac-reunion.fr\/clg-elie-wiesel\/wp-json\/wp\/v2\/types\/page"}],"author":[{"embeddable":true,"href":"https:\/\/etab.ac-reunion.fr\/clg-elie-wiesel\/wp-json\/wp\/v2\/users\/19455"}],"replies":[{"embeddable":true,"href":"https:\/\/etab.ac-reunion.fr\/clg-elie-wiesel\/wp-json\/wp\/v2\/comments?post=5406"}],"version-history":[{"count":1,"href":"https:\/\/etab.ac-reunion.fr\/clg-elie-wiesel\/wp-json\/wp\/v2\/pages\/5406\/revisions"}],"predecessor-version":[{"id":5407,"href":"https:\/\/etab.ac-reunion.fr\/clg-elie-wiesel\/wp-json\/wp\/v2\/pages\/5406\/revisions\/5407"}],"wp:attachment":[{"href":"https:\/\/etab.ac-reunion.fr\/clg-elie-wiesel\/wp-json\/wp\/v2\/media?parent=5406"}],"curies":[{"name":"wp","href":"https:\/\/api.w.org\/{rel}","templated":true}]}}