{"id":5410,"date":"2022-04-13T09:02:13","date_gmt":"2022-04-13T05:02:13","guid":{"rendered":"http:\/\/college-lechaudron.ac-reunion.fr\/?page_id=5410"},"modified":"2022-04-13T09:02:13","modified_gmt":"2022-04-13T05:02:13","slug":"lassistant-social","status":"publish","type":"page","link":"https:\/\/etab.ac-reunion.fr\/clg-elie-wiesel\/lassistant-social\/","title":{"rendered":"L\u2019assistant social"},"content":{"rendered":"<h3>L\u2019assistant social<\/h3>\n<h3><strong>Missions principales\u00a0<\/strong><\/h3>\n<p>participation\u00a0:<\/p>\n<p>1\/ \u00e0 la pr\u00e9vention et \u00e0 la protection des jeunes en danger ou maltrait\u00e9s\u00a0: \u00e9coute, suivi, m\u00e9diation, signalements\u00a0;<\/p>\n<p>2\/ \u00e0 la lutte contre l\u2019absent\u00e9isme et l\u2019\u00e9chec scolaire\u00a0: soutien, \u00e9valuation sociale, projet personnel<\/p>\n<p>3\/\u00e0 l\u2019orientation des \u00e9l\u00e8ves en difficult\u00e9s ou en situation de handicap<\/p>\n<p>4\/ aux actions collective de pr\u00e9vention\u00a0: projet d\u2019\u00e9tablissement, CESC<\/p>\n<p>information et accompagnement dans les d\u00e9marches\u00a0: acc\u00e8s aux droits dans les domaines juridiques et administratifs, prestations sociales, fonds sociaux<\/p>\n<p>L\u2019assistant social accomplit ses missions aupr\u00e8s des jeunes et de leur famille en concertation avec l\u2019ensemble des intervenants externes et internes \u00e0 l\u2019\u00e9tablissement scolaire.<\/p>\n<h3><strong>M\u00e9thodes de travail<\/strong><\/h3>\n<p>Interventions individuelles<\/p>\n<p>1\/\u00e0 la demande\u00a0: des \u00e9l\u00e8ves, des familles, de l\u2019\u00e9quipe \u00e9ducative, des partenaires ext\u00e9rieurs<\/p>\n<p>2\/ \u00e0 la suite de r\u00e9unions et de probl\u00e9matiques rep\u00e9r\u00e9es au moyen\u00a0: d\u2019entretiens psychosociaux individuels, de visites \u00e0 domicile, d\u2019actions appropri\u00e9es pour r\u00e9pondre aux difficult\u00e9s<\/p>\n<p>travail institutionnel<\/p>\n<p>1\/ conseils techniques<\/p>\n<p>2\/r\u00e9unions de travail<\/p>\n<p>3\/ participation \u00e0 la vie de l\u2019\u00e9tablissement<\/p>\n<p>4\/ participation aux actions collectives<\/p>\n<p><strong>M\u00e9diation<\/strong><\/p>\n<p>1\/ \u00e9l\u00e8ves<\/p>\n<p>2\/ famille<\/p>\n<p>3\/ \u00e9tablissement<\/p>\n<p>4\/ environnement<\/p>\n<p>Partenariat avec les institutions et les associations intervenant dans le domaine de l\u2019enfance et de l\u2019adolescence.<\/p>\n<p><a href=\"https:\/\/www.education.gouv.fr\/etre-assistante-de-service-social-11651\">https:\/\/www.education.gouv.fr\/etre-assistante-de-service-social-11651<\/a><\/p>\n","protected":false},"excerpt":{"rendered":"<p>L\u2019assistant social Missions principales\u00a0 participation\u00a0: 1\/ \u00e0 la pr\u00e9vention et \u00e0 la protection des jeunes en danger ou maltrait\u00e9s\u00a0: \u00e9coute, suivi, m\u00e9diation, signalements\u00a0; 2\/ \u00e0 la lutte contre l\u2019absent\u00e9isme et l\u2019\u00e9chec scolaire\u00a0: soutien, \u00e9valuation sociale, projet personnel 3\/\u00e0 l\u2019orientation des \u00e9l\u00e8ves en difficult\u00e9s ou en situation de handicap 4\/ aux actions collective de pr\u00e9vention\u00a0: projet [&hellip;]<\/p>\n","protected":false},"author":19455,"featured_media":0,"parent":0,"menu_order":0,"comment_status":"closed","ping_status":"closed","template":"","meta":{"footnotes":"","_links_to":"","_links_to_target":""},"class_list":["post-5410","page","type-page","status-publish","hentry"],"_links":{"self":[{"href":"https:\/\/etab.ac-reunion.fr\/clg-elie-wiesel\/wp-json\/wp\/v2\/pages\/5410","targetHints":{"allow":["GET"]}}],"collection":[{"href":"https:\/\/etab.ac-reunion.fr\/clg-elie-wiesel\/wp-json\/wp\/v2\/pages"}],"about":[{"href":"https:\/\/etab.ac-reunion.fr\/clg-elie-wiesel\/wp-json\/wp\/v2\/types\/page"}],"author":[{"embeddable":true,"href":"https:\/\/etab.ac-reunion.fr\/clg-elie-wiesel\/wp-json\/wp\/v2\/users\/19455"}],"replies":[{"embeddable":true,"href":"https:\/\/etab.ac-reunion.fr\/clg-elie-wiesel\/wp-json\/wp\/v2\/comments?post=5410"}],"version-history":[{"count":1,"href":"https:\/\/etab.ac-reunion.fr\/clg-elie-wiesel\/wp-json\/wp\/v2\/pages\/5410\/revisions"}],"predecessor-version":[{"id":5411,"href":"https:\/\/etab.ac-reunion.fr\/clg-elie-wiesel\/wp-json\/wp\/v2\/pages\/5410\/revisions\/5411"}],"wp:attachment":[{"href":"https:\/\/etab.ac-reunion.fr\/clg-elie-wiesel\/wp-json\/wp\/v2\/media?parent=5410"}],"curies":[{"name":"wp","href":"https:\/\/api.w.org\/{rel}","templated":true}]}}