{"id":5430,"date":"2022-04-24T15:20:39","date_gmt":"2022-04-24T11:20:39","guid":{"rendered":"http:\/\/college-lechaudron.ac-reunion.fr\/?page_id=5430"},"modified":"2022-06-07T11:05:44","modified_gmt":"2022-06-07T07:05:44","slug":"examen-blanc-assr2","status":"publish","type":"page","link":"https:\/\/etab.ac-reunion.fr\/clg-elie-wiesel\/examen-blanc-assr2\/","title":{"rendered":"Examens Blancs d&rsquo;ASSR2"},"content":{"rendered":"<p>Cliquez sur le bouton pour acc\u00e9der \u00e0 l&rsquo;\u00e9preuve blanc de votre classe, tapez votre code d\u2019acc\u00e8s puis authentifiez vous (nom pr\u00e9nom).<\/p>\n<p style=\"text-align: center\"><strong>Attention, vous aurez un nouveau code d\u2019acc\u00e8s \u00e0 chaque examen blanc. <\/strong><\/p>\n<p>Appliquez-vous et bonne chance!<\/p>\n<p>&nbsp;<\/p>\n<p style=\"text-align: center\"><strong>SESSION RATTRAPAGE<br \/>\n<\/strong><\/p>\n<p style=\"text-align: center\"><div class=\"su-button-center\"><a href=\"https:\/\/e-assr.education-securite-routiere.fr\/eleve\/acces\/128583\" class=\"su-button su-button-style-3d\" style=\"color:#100401;background-color:#f4ef54;border-color:#c4c044;border-radius:8px\" target=\"_blank\" rel=\"noopener noreferrer\"><span style=\"color:#100401;padding:0px 22px;font-size:17px;line-height:34px;border-color:#f8f488;border-radius:8px;text-shadow:none\">  EXAMEN\u00a0 du 7 juin 2022 de 11h10 \u00e0 12h00<\/span><\/a><\/div>\n<p>&nbsp;<\/p>\n<p style=\"text-align: center\">\n","protected":false},"excerpt":{"rendered":"<p>Cliquez sur le bouton pour acc\u00e9der \u00e0 l&rsquo;\u00e9preuve blanc de votre classe, tapez votre code d\u2019acc\u00e8s puis authentifiez vous (nom pr\u00e9nom). Attention, vous aurez un nouveau code d\u2019acc\u00e8s \u00e0 chaque examen blanc. Appliquez-vous et bonne chance! &nbsp; SESSION RATTRAPAGE &nbsp;<\/p>\n","protected":false},"author":19455,"featured_media":0,"parent":0,"menu_order":0,"comment_status":"closed","ping_status":"closed","template":"","meta":{"footnotes":"","_links_to":"","_links_to_target":""},"class_list":["post-5430","page","type-page","status-publish","hentry"],"_links":{"self":[{"href":"https:\/\/etab.ac-reunion.fr\/clg-elie-wiesel\/wp-json\/wp\/v2\/pages\/5430","targetHints":{"allow":["GET"]}}],"collection":[{"href":"https:\/\/etab.ac-reunion.fr\/clg-elie-wiesel\/wp-json\/wp\/v2\/pages"}],"about":[{"href":"https:\/\/etab.ac-reunion.fr\/clg-elie-wiesel\/wp-json\/wp\/v2\/types\/page"}],"author":[{"embeddable":true,"href":"https:\/\/etab.ac-reunion.fr\/clg-elie-wiesel\/wp-json\/wp\/v2\/users\/19455"}],"replies":[{"embeddable":true,"href":"https:\/\/etab.ac-reunion.fr\/clg-elie-wiesel\/wp-json\/wp\/v2\/comments?post=5430"}],"version-history":[{"count":44,"href":"https:\/\/etab.ac-reunion.fr\/clg-elie-wiesel\/wp-json\/wp\/v2\/pages\/5430\/revisions"}],"predecessor-version":[{"id":5541,"href":"https:\/\/etab.ac-reunion.fr\/clg-elie-wiesel\/wp-json\/wp\/v2\/pages\/5430\/revisions\/5541"}],"wp:attachment":[{"href":"https:\/\/etab.ac-reunion.fr\/clg-elie-wiesel\/wp-json\/wp\/v2\/media?parent=5430"}],"curies":[{"name":"wp","href":"https:\/\/api.w.org\/{rel}","templated":true}]}}