{"id":5446,"date":"2022-04-24T15:55:49","date_gmt":"2022-04-24T11:55:49","guid":{"rendered":"http:\/\/college-lechaudron.ac-reunion.fr\/?page_id=5446"},"modified":"2023-05-05T07:22:22","modified_gmt":"2023-05-05T03:22:22","slug":"examens-blanc-dassr1","status":"publish","type":"page","link":"https:\/\/etab.ac-reunion.fr\/clg-elie-wiesel\/examens-blanc-dassr1\/","title":{"rendered":"Examens d&rsquo;ASSR1"},"content":{"rendered":"<p>Cliquez sur le bouton pour acc\u00e9der \u00e0 l&rsquo;\u00e9preuve , tapez votre code d\u2019acc\u00e8s puis authentifiez vous (nom pr\u00e9nom).<\/p>\n<p>Appliquez-vous et bonne chance!<\/p>\n<p style=\"text-align: center\"><strong>\u00a0<\/strong><\/p>\n<p style=\"text-align: center\" align=\"center\"><div class=\"su-button-center\"><a href=\"https:\/\/etab.ac-reunion.fr\/clg-elie-wiesel\" class=\"su-button su-button-style-3d\" style=\"color:#100401;background-color:#2fbd4f;border-color:#269840;border-radius:8px\" target=\"_blank\" rel=\"noopener noreferrer\"><span style=\"color:#100401;padding:0px 22px;font-size:17px;line-height:34px;border-color:#6ed184;border-radius:8px;text-shadow:none\">  EXAMEN\u00a0 du 5 mai 2023 <\/span><\/a><\/div>\n<p style=\"text-align: center\" align=\"center\">\n","protected":false},"excerpt":{"rendered":"<p>Cliquez sur le bouton pour acc\u00e9der \u00e0 l&rsquo;\u00e9preuve , tapez votre code d\u2019acc\u00e8s puis authentifiez vous (nom pr\u00e9nom). Appliquez-vous et bonne chance! \u00a0<\/p>\n","protected":false},"author":19455,"featured_media":0,"parent":0,"menu_order":0,"comment_status":"closed","ping_status":"closed","template":"","meta":{"footnotes":"","_links_to":"","_links_to_target":""},"class_list":["post-5446","page","type-page","status-publish","hentry"],"_links":{"self":[{"href":"https:\/\/etab.ac-reunion.fr\/clg-elie-wiesel\/wp-json\/wp\/v2\/pages\/5446","targetHints":{"allow":["GET"]}}],"collection":[{"href":"https:\/\/etab.ac-reunion.fr\/clg-elie-wiesel\/wp-json\/wp\/v2\/pages"}],"about":[{"href":"https:\/\/etab.ac-reunion.fr\/clg-elie-wiesel\/wp-json\/wp\/v2\/types\/page"}],"author":[{"embeddable":true,"href":"https:\/\/etab.ac-reunion.fr\/clg-elie-wiesel\/wp-json\/wp\/v2\/users\/19455"}],"replies":[{"embeddable":true,"href":"https:\/\/etab.ac-reunion.fr\/clg-elie-wiesel\/wp-json\/wp\/v2\/comments?post=5446"}],"version-history":[{"count":33,"href":"https:\/\/etab.ac-reunion.fr\/clg-elie-wiesel\/wp-json\/wp\/v2\/pages\/5446\/revisions"}],"predecessor-version":[{"id":5448,"href":"https:\/\/etab.ac-reunion.fr\/clg-elie-wiesel\/wp-json\/wp\/v2\/pages\/5446\/revisions\/5448"}],"wp:attachment":[{"href":"https:\/\/etab.ac-reunion.fr\/clg-elie-wiesel\/wp-json\/wp\/v2\/media?parent=5446"}],"curies":[{"name":"wp","href":"https:\/\/api.w.org\/{rel}","templated":true}]}}