{"id":550,"date":"2013-11-05T13:17:04","date_gmt":"2013-11-05T12:17:04","guid":{"rendered":"http:\/\/college-lechaudron-tmp.ac-reunion.fr\/?page_id=550"},"modified":"2020-10-05T21:25:23","modified_gmt":"2020-10-05T17:25:23","slug":"contact-2","status":"publish","type":"page","link":"https:\/\/etab.ac-reunion.fr\/clg-elie-wiesel\/contact-2\/","title":{"rendered":"Nous contacter"},"content":{"rendered":"<p style=\"text-align: center\"><strong>HORAIRES D\u2019OUVERTURE DE L\u2019\u00c9TABLISSEMENT<\/strong><\/p>\n<p style=\"text-align: center\"><strong>Du Lundi au vendredi<\/strong>.<\/p>\n<p style=\"text-align: center\"><strong>Matin<\/strong><strong>:<\/strong> \u00a0\u00a0\u00a0<strong> 7H35\/12h00<\/strong><\/p>\n<p style=\"text-align: center\"><strong>Apr\u00e8s-midi<\/strong><strong>:<\/strong>\u00a0<strong> \u00e0 13H15 \/18h00 sauf mercredi (\u00e9tablissement ferm\u00e9)<br \/>\n<\/strong><\/p>\n<p style=\"text-align: center\"><strong>Par Mail : <\/strong>ce.9741208v@ac-reunion.fr<\/p>\n<p style=\"text-align: center\"><strong>Par t\u00e9l\u00e9phone : <\/strong>0262 28 24 32<\/p>\n<p style=\"text-align: center\"><strong>Par Fax :\u00a0<\/strong>0262 28 07 06<\/p>\n<p style=\"text-align: center\"><strong>Par Courrier :<\/strong>1, rue Bridet BP 286 97494 Sainte-Clotilde C\u00e9dex<\/p>\n<p style=\"text-align: center\"><div class=\"su-gmap su-u-responsive-media-yes\"><iframe loading=\"lazy\" width=\"600\" height=\"400\" src=\"\/\/maps.google.com\/maps?q=1%2C%20rue%20Bridet%20BP%20286%2097494%20Sainte-Clotilde%20C%C3%A9dex&amp;output=embed\" title=\"\"><\/iframe><\/div>\n","protected":false},"excerpt":{"rendered":"<p>HORAIRES D\u2019OUVERTURE DE L\u2019\u00c9TABLISSEMENT Du Lundi au vendredi. Matin: \u00a0\u00a0\u00a0 7H35\/12h00 Apr\u00e8s-midi:\u00a0 \u00e0 13H15 \/18h00 sauf mercredi (\u00e9tablissement ferm\u00e9) Par Mail : ce.9741208v@ac-reunion.fr Par t\u00e9l\u00e9phone : 0262 28 24 32 Par Fax :\u00a00262 28 07 06 Par Courrier :1, rue Bridet BP 286 97494 Sainte-Clotilde C\u00e9dex<\/p>\n","protected":false},"author":64,"featured_media":0,"parent":0,"menu_order":0,"comment_status":"closed","ping_status":"open","template":"","meta":{"footnotes":"","_links_to":"","_links_to_target":""},"class_list":["post-550","page","type-page","status-publish","hentry"],"_links":{"self":[{"href":"https:\/\/etab.ac-reunion.fr\/clg-elie-wiesel\/wp-json\/wp\/v2\/pages\/550","targetHints":{"allow":["GET"]}}],"collection":[{"href":"https:\/\/etab.ac-reunion.fr\/clg-elie-wiesel\/wp-json\/wp\/v2\/pages"}],"about":[{"href":"https:\/\/etab.ac-reunion.fr\/clg-elie-wiesel\/wp-json\/wp\/v2\/types\/page"}],"author":[{"embeddable":true,"href":"https:\/\/etab.ac-reunion.fr\/clg-elie-wiesel\/wp-json\/wp\/v2\/users\/64"}],"replies":[{"embeddable":true,"href":"https:\/\/etab.ac-reunion.fr\/clg-elie-wiesel\/wp-json\/wp\/v2\/comments?post=550"}],"version-history":[{"count":9,"href":"https:\/\/etab.ac-reunion.fr\/clg-elie-wiesel\/wp-json\/wp\/v2\/pages\/550\/revisions"}],"predecessor-version":[{"id":4588,"href":"https:\/\/etab.ac-reunion.fr\/clg-elie-wiesel\/wp-json\/wp\/v2\/pages\/550\/revisions\/4588"}],"wp:attachment":[{"href":"https:\/\/etab.ac-reunion.fr\/clg-elie-wiesel\/wp-json\/wp\/v2\/media?parent=550"}],"curies":[{"name":"wp","href":"https:\/\/api.w.org\/{rel}","templated":true}]}}