{"id":604,"date":"2013-11-19T12:46:08","date_gmt":"2013-11-19T11:46:08","guid":{"rendered":"http:\/\/college-lechaudron-tmp.ac-reunion.fr\/?page_id=604"},"modified":"2014-11-24T15:05:12","modified_gmt":"2014-11-24T11:05:12","slug":"as","status":"publish","type":"page","link":"https:\/\/etab.ac-reunion.fr\/clg-elie-wiesel\/as\/","title":{"rendered":"Association Sportive"},"content":{"rendered":"<h2 style=\"text-align: center\"><span id=\"Objectifs\" class=\"mw-headline\">Objectifs<\/span><\/h2>\n<p style=\"text-align: justify\">\u00a0<div class=\"su-quote su-quote-style-default\"><div class=\"su-quote-inner su-u-clearfix su-u-trim\">L&rsquo;association sportive de l&rsquo;\u00e9tablissement constitue, un champ d&rsquo;exp\u00e9riences d&rsquo;une particuli\u00e8re richesse, dans le m\u00eame temps o\u00f9 elle offre des possibilit\u00e9s d&rsquo;approfondissement et de d\u00e9couvertes.<\/div><\/div>\n<h3><\/h3>\n<h2 style=\"text-align: center\"><span id=\"Fonctionnement\" class=\"mw-headline\">Fonctionnement<\/span><\/h2>\n<p style=\"text-align: justify\">Les associations sportives sont f\u00e9d\u00e9r\u00e9es au sein de l&rsquo;<a class=\"mw-redirect\" title=\"Union Nationale du Sport Scolaire\" href=\"http:\/\/fr.wikipedia.org\/wiki\/Union_Nationale_du_Sport_Scolaire\">Union Nationale du Sport Scolaire<\/a> qui organise et coordonne rencontres et championnats.<\/p>\n<h3><span id=\"Encadrement\" class=\"mw-headline\">Encadrement<\/span><\/h3>\n<p style=\"text-align: justify\">Les <a title=\"Professeur (enseignant)\" href=\"http:\/\/fr.wikipedia.org\/wiki\/Professeur_(enseignant)\">enseignants<\/a> d&rsquo;<a title=\"\u00c9ducation physique et sportive\" href=\"http:\/\/fr.wikipedia.org\/wiki\/%C3%89ducation_physique_et_sportive\">EPS<\/a> participent \u00e0 l&rsquo;animation et \u00e0 l&rsquo;encadrement de l\u2019association dans leur service d&rsquo;enseignement obligatoire. Un forfait hebdomadaire de 3h sp\u00e9cialement inclus dans leur emploi du temps r\u00e9tribue leur implication.<\/p>\n<p style=\"text-align: justify\">L&rsquo;association peut aussi faire appel \u00e0 d&rsquo;autres professeurs ou \u00e0 des adultes ext\u00e9rieurs au lyc\u00e9e. Elle peut \u00e9galement signer des conventions avec d&rsquo;autres \u00e9tablissements ou des centres sportifs, afin de diversifier l&rsquo;offre propos\u00e9e aux \u00e9l\u00e8ves.<\/p>\n<h3 style=\"text-align: justify\"><span id=\"Activit.C3.A9s_sportives\" class=\"mw-headline\">Activit\u00e9s sportives<\/span><\/h3>\n<p>Les activit\u00e9s propos\u00e9es par l&rsquo;AS d\u00e9pendent de trois facteurs\u00a0:<\/p>\n<ul>\n<li>le choix des adh\u00e9rents<\/li>\n<li>les installations disponibles et les opportunit\u00e9s g\u00e9ographiques<\/li>\n<li>les comp\u00e9tences sp\u00e9cifiques de l&rsquo;encadrement<\/li>\n<\/ul>\n","protected":false},"excerpt":{"rendered":"<p>Objectifs \u00a0 Fonctionnement Les associations sportives sont f\u00e9d\u00e9r\u00e9es au sein de l&rsquo;Union Nationale du Sport Scolaire qui organise et coordonne rencontres et championnats. Encadrement Les enseignants d&rsquo;EPS participent \u00e0 l&rsquo;animation et \u00e0 l&rsquo;encadrement de l\u2019association dans leur service d&rsquo;enseignement obligatoire. Un forfait hebdomadaire de 3h sp\u00e9cialement inclus dans leur emploi du temps r\u00e9tribue leur implication. [&hellip;]<\/p>\n","protected":false},"author":64,"featured_media":0,"parent":0,"menu_order":0,"comment_status":"closed","ping_status":"open","template":"page-blog.php","meta":{"footnotes":"","_links_to":"","_links_to_target":""},"class_list":["post-604","page","type-page","status-publish","hentry"],"_links":{"self":[{"href":"https:\/\/etab.ac-reunion.fr\/clg-elie-wiesel\/wp-json\/wp\/v2\/pages\/604","targetHints":{"allow":["GET"]}}],"collection":[{"href":"https:\/\/etab.ac-reunion.fr\/clg-elie-wiesel\/wp-json\/wp\/v2\/pages"}],"about":[{"href":"https:\/\/etab.ac-reunion.fr\/clg-elie-wiesel\/wp-json\/wp\/v2\/types\/page"}],"author":[{"embeddable":true,"href":"https:\/\/etab.ac-reunion.fr\/clg-elie-wiesel\/wp-json\/wp\/v2\/users\/64"}],"replies":[{"embeddable":true,"href":"https:\/\/etab.ac-reunion.fr\/clg-elie-wiesel\/wp-json\/wp\/v2\/comments?post=604"}],"version-history":[{"count":8,"href":"https:\/\/etab.ac-reunion.fr\/clg-elie-wiesel\/wp-json\/wp\/v2\/pages\/604\/revisions"}],"predecessor-version":[{"id":1602,"href":"https:\/\/etab.ac-reunion.fr\/clg-elie-wiesel\/wp-json\/wp\/v2\/pages\/604\/revisions\/1602"}],"wp:attachment":[{"href":"https:\/\/etab.ac-reunion.fr\/clg-elie-wiesel\/wp-json\/wp\/v2\/media?parent=604"}],"curies":[{"name":"wp","href":"https:\/\/api.w.org\/{rel}","templated":true}]}}