{"id":606,"date":"2013-11-19T12:46:37","date_gmt":"2013-11-19T11:46:37","guid":{"rendered":"http:\/\/college-lechaudron-tmp.ac-reunion.fr\/?page_id=606"},"modified":"2014-11-24T15:06:59","modified_gmt":"2014-11-24T11:06:59","slug":"fse","status":"publish","type":"page","link":"https:\/\/etab.ac-reunion.fr\/clg-elie-wiesel\/fse\/","title":{"rendered":"Foyer Socio-Educatif"},"content":{"rendered":"<p style=\"text-align: justify\">Les foyers socio-\u00e9ducatifs (FSE) sont des <a title=\"Association \u00e0 but non lucratif\" href=\"http:\/\/fr.wikipedia.org\/wiki\/Association_%C3%A0_but_non_lucratif\">associations<\/a> constitu\u00e9es au sein des <a title=\"Lyc\u00e9e en France\" href=\"http:\/\/fr.wikipedia.org\/wiki\/Lyc%C3%A9e_en_France\">lyc\u00e9es<\/a> et des <a title=\"Coll\u00e8ge en France\" href=\"http:\/\/fr.wikipedia.org\/wiki\/Coll%C3%A8ge_en_France\">coll\u00e8ges<\/a> en <a title=\"France\" href=\"http:\/\/fr.wikipedia.org\/wiki\/France\">France<\/a>, dans le but de participer \u00e0 la finalit\u00e9 \u00e9ducative de ceux-ci par le biais d&rsquo;activit\u00e9s diverses, mais aussi dans le but de d\u00e9velopper chez les \u00e9l\u00e8ves le sens des responsabilit\u00e9s. Le FSE peut cofinancer les voyages p\u00e9dagogiques. Les \u00e9l\u00e8ves le connaissent surtout pour les clubs et activit\u00e9s propos\u00e9s par un adulte ou par un lyc\u00e9en. Ces activit\u00e9s varient selon les \u00e9tablissements. Le FSE ne doit pas \u00eatre confondu avec le Fonds social du coll\u00e8ge ou du lyc\u00e9e, \u00e0 subvention publique, et qui aide les \u00e9l\u00e8ves en difficult\u00e9 financi\u00e8re. Le FSE est dot\u00e9 d&rsquo;un budget propre, financ\u00e9 par les cotisations des \u00e9l\u00e8ves (par adh\u00e9sion volontaire) et par la vente des objets fabriqu\u00e9s et par l&rsquo;organisation de manifestations (loto\u2026). Il peut recevoir des dons ou des subventions.<\/p>\n","protected":false},"excerpt":{"rendered":"<p>Les foyers socio-\u00e9ducatifs (FSE) sont des associations constitu\u00e9es au sein des lyc\u00e9es et des coll\u00e8ges en France, dans le but de participer \u00e0 la finalit\u00e9 \u00e9ducative de ceux-ci par le biais d&rsquo;activit\u00e9s diverses, mais aussi dans le but de d\u00e9velopper chez les \u00e9l\u00e8ves le sens des responsabilit\u00e9s. Le FSE peut cofinancer les voyages p\u00e9dagogiques. Les [&hellip;]<\/p>\n","protected":false},"author":64,"featured_media":0,"parent":0,"menu_order":0,"comment_status":"closed","ping_status":"open","template":"page-full.php","meta":{"footnotes":"","_links_to":"","_links_to_target":""},"class_list":["post-606","page","type-page","status-publish","hentry"],"_links":{"self":[{"href":"https:\/\/etab.ac-reunion.fr\/clg-elie-wiesel\/wp-json\/wp\/v2\/pages\/606","targetHints":{"allow":["GET"]}}],"collection":[{"href":"https:\/\/etab.ac-reunion.fr\/clg-elie-wiesel\/wp-json\/wp\/v2\/pages"}],"about":[{"href":"https:\/\/etab.ac-reunion.fr\/clg-elie-wiesel\/wp-json\/wp\/v2\/types\/page"}],"author":[{"embeddable":true,"href":"https:\/\/etab.ac-reunion.fr\/clg-elie-wiesel\/wp-json\/wp\/v2\/users\/64"}],"replies":[{"embeddable":true,"href":"https:\/\/etab.ac-reunion.fr\/clg-elie-wiesel\/wp-json\/wp\/v2\/comments?post=606"}],"version-history":[{"count":5,"href":"https:\/\/etab.ac-reunion.fr\/clg-elie-wiesel\/wp-json\/wp\/v2\/pages\/606\/revisions"}],"predecessor-version":[{"id":1603,"href":"https:\/\/etab.ac-reunion.fr\/clg-elie-wiesel\/wp-json\/wp\/v2\/pages\/606\/revisions\/1603"}],"wp:attachment":[{"href":"https:\/\/etab.ac-reunion.fr\/clg-elie-wiesel\/wp-json\/wp\/v2\/media?parent=606"}],"curies":[{"name":"wp","href":"https:\/\/api.w.org\/{rel}","templated":true}]}}