{"id":6911,"date":"2025-03-31T09:22:14","date_gmt":"2025-03-31T05:22:14","guid":{"rendered":"https:\/\/etab.ac-reunion.fr\/clg-elie-wiesel\/?page_id=6911"},"modified":"2025-04-01T09:49:26","modified_gmt":"2025-04-01T05:49:26","slug":"egalite-et-ambition","status":"publish","type":"page","link":"https:\/\/etab.ac-reunion.fr\/clg-elie-wiesel\/egalite-et-ambition\/","title":{"rendered":"Egalit\u00e9 et Ambition"},"content":{"rendered":"<p>Cliquez sur le mot suivant pour acc\u00e9der au questionnaire: <a href=\"https:\/\/portail.college-lechaudron.ac-reunion.fr\/nextcloud\/index.php\/s\/oyE5FMA93nEcn5S\" target=\"_blank\" rel=\"noopener\">\u00e9galit\u00e9 et ambition<\/a><\/p>\n<p>Cliquez sur le mot suivant pour afficher le document \u00e0 lire: <a href=\"https:\/\/etab.ac-reunion.fr\/clg-elie-wiesel\/wp-content\/uploads\/sites\/20\/2025\/03\/2018_Exposition_Filles_garcons.pdf\" target=\"_blank\" rel=\"noopener\">Exposition filles-gar\u00e7ons<\/a><\/p>\n<p>&nbsp;<\/p>\n","protected":false},"excerpt":{"rendered":"<p>Cliquez sur le mot suivant pour acc\u00e9der au questionnaire: \u00e9galit\u00e9 et ambition Cliquez sur le mot suivant pour afficher le document \u00e0 lire: Exposition filles-gar\u00e7ons &nbsp;<\/p>\n","protected":false},"author":19455,"featured_media":0,"parent":0,"menu_order":0,"comment_status":"closed","ping_status":"closed","template":"","meta":{"footnotes":"","_links_to":"","_links_to_target":""},"class_list":["post-6911","page","type-page","status-publish","hentry"],"_links":{"self":[{"href":"https:\/\/etab.ac-reunion.fr\/clg-elie-wiesel\/wp-json\/wp\/v2\/pages\/6911","targetHints":{"allow":["GET"]}}],"collection":[{"href":"https:\/\/etab.ac-reunion.fr\/clg-elie-wiesel\/wp-json\/wp\/v2\/pages"}],"about":[{"href":"https:\/\/etab.ac-reunion.fr\/clg-elie-wiesel\/wp-json\/wp\/v2\/types\/page"}],"author":[{"embeddable":true,"href":"https:\/\/etab.ac-reunion.fr\/clg-elie-wiesel\/wp-json\/wp\/v2\/users\/19455"}],"replies":[{"embeddable":true,"href":"https:\/\/etab.ac-reunion.fr\/clg-elie-wiesel\/wp-json\/wp\/v2\/comments?post=6911"}],"version-history":[{"count":4,"href":"https:\/\/etab.ac-reunion.fr\/clg-elie-wiesel\/wp-json\/wp\/v2\/pages\/6911\/revisions"}],"predecessor-version":[{"id":6951,"href":"https:\/\/etab.ac-reunion.fr\/clg-elie-wiesel\/wp-json\/wp\/v2\/pages\/6911\/revisions\/6951"}],"wp:attachment":[{"href":"https:\/\/etab.ac-reunion.fr\/clg-elie-wiesel\/wp-json\/wp\/v2\/media?parent=6911"}],"curies":[{"name":"wp","href":"https:\/\/api.w.org\/{rel}","templated":true}]}}