{"id":256,"date":"2013-11-19T23:27:57","date_gmt":"2013-11-19T19:27:57","guid":{"rendered":"http:\/\/college-ehugot-tmp.ac-reunion.fr\/?page_id=256"},"modified":"2014-04-01T20:58:02","modified_gmt":"2014-04-01T16:58:02","slug":"presentation-de-lent-metice","status":"publish","type":"page","link":"https:\/\/etab.ac-reunion.fr\/clg-emile-hugot\/presentation-de-lent-metice\/","title":{"rendered":"Pr\u00e9sentation de l&rsquo;ENT: M\u00e9tice"},"content":{"rendered":"<p>L&rsquo;ENT est un Environnement Num\u00e9rique de Travail qui r\u00e9unit au sein d&rsquo;un portail Web unique, toutes les applications utiles \u00e0 une personne, et ceci en fonction de son profil (Administratif, Enseignant, \u00c9l\u00e8ve, Parent&#8230;)<\/p>\n","protected":false},"excerpt":{"rendered":"<p>L&rsquo;ENT est un Environnement Num\u00e9rique de Travail qui r\u00e9unit au sein d&rsquo;un portail Web unique, toutes les applications utiles \u00e0 une personne, et ceci en fonction de son profil (Administratif, Enseignant, \u00c9l\u00e8ve, Parent&#8230;)<\/p>\n<p> <a class=\"continue-reading-link\" href=\"https:\/\/etab.ac-reunion.fr\/clg-emile-hugot\/presentation-de-lent-metice\/\"><span>Continue reading<\/span><i class=\"crycon-right-dir\"><\/i><\/a> <\/p>\n","protected":false},"author":311,"featured_media":0,"parent":0,"menu_order":0,"comment_status":"open","ping_status":"closed","template":"page-full.php","meta":{"footnotes":"","_links_to":"","_links_to_target":""},"class_list":["post-256","page","type-page","status-publish","hentry"],"_links":{"self":[{"href":"https:\/\/etab.ac-reunion.fr\/clg-emile-hugot\/wp-json\/wp\/v2\/pages\/256","targetHints":{"allow":["GET"]}}],"collection":[{"href":"https:\/\/etab.ac-reunion.fr\/clg-emile-hugot\/wp-json\/wp\/v2\/pages"}],"about":[{"href":"https:\/\/etab.ac-reunion.fr\/clg-emile-hugot\/wp-json\/wp\/v2\/types\/page"}],"author":[{"embeddable":true,"href":"https:\/\/etab.ac-reunion.fr\/clg-emile-hugot\/wp-json\/wp\/v2\/users\/311"}],"replies":[{"embeddable":true,"href":"https:\/\/etab.ac-reunion.fr\/clg-emile-hugot\/wp-json\/wp\/v2\/comments?post=256"}],"version-history":[{"count":4,"href":"https:\/\/etab.ac-reunion.fr\/clg-emile-hugot\/wp-json\/wp\/v2\/pages\/256\/revisions"}],"predecessor-version":[{"id":1205,"href":"https:\/\/etab.ac-reunion.fr\/clg-emile-hugot\/wp-json\/wp\/v2\/pages\/256\/revisions\/1205"}],"wp:attachment":[{"href":"https:\/\/etab.ac-reunion.fr\/clg-emile-hugot\/wp-json\/wp\/v2\/media?parent=256"}],"curies":[{"name":"wp","href":"https:\/\/api.w.org\/{rel}","templated":true}]}}