{"id":3745,"date":"2021-09-24T08:44:57","date_gmt":"2021-09-24T04:44:57","guid":{"rendered":"http:\/\/college-ehugot.ac-reunion.fr\/?page_id=3745"},"modified":"2025-07-08T10:08:01","modified_gmt":"2025-07-08T06:08:01","slug":"accueil","status":"publish","type":"page","link":"https:\/\/etab.ac-reunion.fr\/clg-emile-hugot\/","title":{"rendered":"Accueil"},"content":{"rendered":"<p style=\"text-align: center\"><img loading=\"lazy\" decoding=\"async\" class=\"alignnone size-full wp-image-4459\" src=\"https:\/\/etab.ac-reunion.fr\/clg-emile-hugot\/wp-content\/uploads\/sites\/42\/2024\/08\/Organisation-de-la-rentree-1.gif\" alt=\"\" width=\"793\" height=\"1122\" \/><\/p>\n<p>&nbsp;<\/p>\n<a href=\"https:\/\/etab.ac-reunion.fr\/clg-emile-hugot\/wp-content\/uploads\/sites\/42\/2024\/07\/Liste-de-Fournitures-Classe-de-6eme-.pdf\" class=\"pdfemb-viewer\" style=\"\" data-width=\"max\" data-height=\"max\" data-toolbar=\"top\" data-toolbar-fixed=\"off\">Liste de Fournitures - Classe de 6\u00e8me -..<\/a>\n<a href=\"https:\/\/etab.ac-reunion.fr\/clg-emile-hugot\/wp-content\/uploads\/sites\/42\/2024\/07\/Liste-de-Fournitures-Classe-de-5eme.pdf\" class=\"pdfemb-viewer\" style=\"\" data-width=\"max\" data-height=\"max\" data-toolbar=\"top\" data-toolbar-fixed=\"off\">Liste de Fournitures - Classe de 5\u00e8me.<\/a>\n<a href=\"https:\/\/etab.ac-reunion.fr\/clg-emile-hugot\/wp-content\/uploads\/sites\/42\/2024\/07\/Liste-de-Fournitures-Classe-de-4eme.pdf\" class=\"pdfemb-viewer\" style=\"\" data-width=\"max\" data-height=\"max\" data-toolbar=\"top\" data-toolbar-fixed=\"off\">Liste de Fournitures - Classe de 4\u00e8me..<\/a>\n<a href=\"https:\/\/etab.ac-reunion.fr\/clg-emile-hugot\/wp-content\/uploads\/sites\/42\/2024\/07\/Liste-de-Fournitures-Classe-de-3eme.pdf\" class=\"pdfemb-viewer\" style=\"\" data-width=\"max\" data-height=\"max\" data-toolbar=\"top\" data-toolbar-fixed=\"off\">Liste de Fournitures - Classe de 3\u00e8me..<\/a>\n<a href=\"https:\/\/etab.ac-reunion.fr\/clg-emile-hugot\/wp-content\/uploads\/sites\/42\/2024\/07\/Liste-de-Fournitures-Classe-de-3eme-Prepa-Metiers-.pdf\" class=\"pdfemb-viewer\" style=\"\" data-width=\"max\" data-height=\"max\" data-toolbar=\"top\" data-toolbar-fixed=\"off\">Liste de Fournitures - Classe de 3\u00e8me Pr\u00e9pa M\u00e9tiers -..<\/a>\n","protected":false},"excerpt":{"rendered":"<p>&nbsp;<\/p>\n<p> <a class=\"continue-reading-link\" href=\"https:\/\/etab.ac-reunion.fr\/clg-emile-hugot\/\"><span>Continue reading<\/span><i class=\"crycon-right-dir\"><\/i><\/a> <\/p>\n","protected":false},"author":28425,"featured_media":0,"parent":0,"menu_order":0,"comment_status":"closed","ping_status":"closed","template":"","meta":{"footnotes":"","_links_to":"","_links_to_target":""},"class_list":["post-3745","page","type-page","status-publish","hentry"],"_links":{"self":[{"href":"https:\/\/etab.ac-reunion.fr\/clg-emile-hugot\/wp-json\/wp\/v2\/pages\/3745","targetHints":{"allow":["GET"]}}],"collection":[{"href":"https:\/\/etab.ac-reunion.fr\/clg-emile-hugot\/wp-json\/wp\/v2\/pages"}],"about":[{"href":"https:\/\/etab.ac-reunion.fr\/clg-emile-hugot\/wp-json\/wp\/v2\/types\/page"}],"author":[{"embeddable":true,"href":"https:\/\/etab.ac-reunion.fr\/clg-emile-hugot\/wp-json\/wp\/v2\/users\/28425"}],"replies":[{"embeddable":true,"href":"https:\/\/etab.ac-reunion.fr\/clg-emile-hugot\/wp-json\/wp\/v2\/comments?post=3745"}],"version-history":[{"count":43,"href":"https:\/\/etab.ac-reunion.fr\/clg-emile-hugot\/wp-json\/wp\/v2\/pages\/3745\/revisions"}],"predecessor-version":[{"id":4463,"href":"https:\/\/etab.ac-reunion.fr\/clg-emile-hugot\/wp-json\/wp\/v2\/pages\/3745\/revisions\/4463"}],"wp:attachment":[{"href":"https:\/\/etab.ac-reunion.fr\/clg-emile-hugot\/wp-json\/wp\/v2\/media?parent=3745"}],"curies":[{"name":"wp","href":"https:\/\/api.w.org\/{rel}","templated":true}]}}