{"id":2480,"date":"2019-12-16T21:34:44","date_gmt":"2019-12-16T17:34:44","guid":{"rendered":"http:\/\/college-etang-stpaul.ac-reunion.fr\/?page_id=2480"},"modified":"2022-08-29T20:21:59","modified_gmt":"2022-08-29T16:21:59","slug":"maison-des-collegiens","status":"publish","type":"page","link":"https:\/\/etab.ac-reunion.fr\/clg-etang-saint-paul\/maison-des-collegiens\/","title":{"rendered":"Maison des coll\u00e9giens"},"content":{"rendered":"<h3><img loading=\"lazy\" decoding=\"async\" class=\"alignnone size-medium wp-image-3207 aligncenter\" src=\"https:\/\/etab.ac-reunion.fr\/clg-etang-saint-paul\/wp-content\/uploads\/sites\/29\/2022\/08\/Logo-MDC-Etang-couleur-291x300.png\" alt=\"\" width=\"291\" height=\"300\" \/><\/h3>\n<h3><\/h3>\n<h3><strong>Activit\u00e9s 2022 &#8211; 2023<\/strong><\/h3>\n<p>&nbsp;<\/p>\n<p>&nbsp;<\/p>\n<div>\n<p><span style=\"color: #0000cd\">L&rsquo;association propose des activit\u00e9s hebdomadaires sur la pause m\u00e9ridienne pour ses adh\u00e9rents (voir affiche ci-dessous) et des actions ponctuelles dans l&rsquo;ann\u00e9e. Cette ann\u00e9e les adh\u00e9rents ont eu l&rsquo;occasion d&rsquo;aller voir un spectacle de th\u00e9\u00e2tre <i>Chocolat Blues<\/i> le 5 septembre \u00e0 Lespas culturel Leconte de Lisle. R\u00e9cemment ils ont eu l&rsquo;opportunit\u00e9 de s&rsquo;initier au beach tennis et au beach volley lors d&rsquo;une apr\u00e8s-midi r\u00e9cr\u00e9ative le mercredi 4 d\u00e9cembre sur les terrains de Saint Paul.<\/span><\/p>\n<p><a href=\"https:\/\/etab.ac-reunion.fr\/clg-etang-saint-paul\/wp-content\/uploads\/sites\/29\/2022\/08\/visuel-site-college.pdf\">Activit\u00e9s MDC 2022-2023<\/a><\/p>\n<\/div>\n<div class=\"su-document su-u-responsive-media-yes\"><iframe loading=\"lazy\" src=\"\/\/docs.google.com\/viewer?embedded=true&url=https:\/\/etab.ac-reunion.fr\/clg-etang-saint-paul\/wp-content\/uploads\/sites\/29\/2022\/08\/visuel-site-college.pdf\" width=\"600\" height=\"880\" class=\"su-document\" title=\"\"><\/iframe><\/div>\n","protected":false},"excerpt":{"rendered":"<p>Activit\u00e9s 2022 &#8211; 2023 &nbsp; &nbsp; L&rsquo;association propose des activit\u00e9s hebdomadaires sur la pause m\u00e9ridienne pour ses adh\u00e9rents (voir affiche ci-dessous) et des actions ponctuelles dans l&rsquo;ann\u00e9e. Cette ann\u00e9e les adh\u00e9rents ont eu l&rsquo;occasion d&rsquo;aller voir un spectacle de th\u00e9\u00e2tre Chocolat Blues le 5 septembre \u00e0 Lespas culturel Leconte de Lisle. R\u00e9cemment ils ont eu [&hellip;]<\/p>\n","protected":false},"author":2269,"featured_media":0,"parent":0,"menu_order":0,"comment_status":"closed","ping_status":"closed","template":"","meta":{"_et_pb_use_builder":"","_et_pb_old_content":"","_et_gb_content_width":"","footnotes":"","_links_to":"","_links_to_target":""},"class_list":["post-2480","page","type-page","status-publish","hentry"],"_links":{"self":[{"href":"https:\/\/etab.ac-reunion.fr\/clg-etang-saint-paul\/wp-json\/wp\/v2\/pages\/2480","targetHints":{"allow":["GET"]}}],"collection":[{"href":"https:\/\/etab.ac-reunion.fr\/clg-etang-saint-paul\/wp-json\/wp\/v2\/pages"}],"about":[{"href":"https:\/\/etab.ac-reunion.fr\/clg-etang-saint-paul\/wp-json\/wp\/v2\/types\/page"}],"author":[{"embeddable":true,"href":"https:\/\/etab.ac-reunion.fr\/clg-etang-saint-paul\/wp-json\/wp\/v2\/users\/2269"}],"replies":[{"embeddable":true,"href":"https:\/\/etab.ac-reunion.fr\/clg-etang-saint-paul\/wp-json\/wp\/v2\/comments?post=2480"}],"version-history":[{"count":14,"href":"https:\/\/etab.ac-reunion.fr\/clg-etang-saint-paul\/wp-json\/wp\/v2\/pages\/2480\/revisions"}],"predecessor-version":[{"id":3214,"href":"https:\/\/etab.ac-reunion.fr\/clg-etang-saint-paul\/wp-json\/wp\/v2\/pages\/2480\/revisions\/3214"}],"wp:attachment":[{"href":"https:\/\/etab.ac-reunion.fr\/clg-etang-saint-paul\/wp-json\/wp\/v2\/media?parent=2480"}],"curies":[{"name":"wp","href":"https:\/\/api.w.org\/{rel}","templated":true}]}}