{"id":640,"date":"2015-09-02T10:34:41","date_gmt":"2015-09-02T06:34:41","guid":{"rendered":"http:\/\/college-etang-stpaul.ac-reunion.fr\/?page_id=640"},"modified":"2023-08-15T15:34:59","modified_gmt":"2023-08-15T11:34:59","slug":"sante-infirmerie","status":"publish","type":"page","link":"https:\/\/etab.ac-reunion.fr\/clg-etang-saint-paul\/sante-infirmerie\/","title":{"rendered":"Sant\u00e9 &#8211; Infirmerie"},"content":{"rendered":"<p>Infirmerie scolaire<\/p>\n<p>Poste mixte Coll\u00e8ge-Ecoles du secteur<\/p>\n<p>En l\u2019absence de l\u2019infirmi\u00e8re, tout \u00e9l\u00e8ve souffrant doit \u00eatre accompagn\u00e9 au bureau de la Vie Scolaire.<\/p>\n<p>Missions :<br \/>\n&#8211; Accueil des \u00e9l\u00e8ves (si pas d\u2019urgence : \u00e0 la r\u00e9cr\u00e9ation ou interclasse)<br \/>\n&#8211; Gestion des urgences<br \/>\n&#8211; Int\u00e9gration des \u00e9l\u00e8ves avec troubles d\u2019apprentissage ou handicap<br \/>\n&#8211; Ecoute<br \/>\n&#8211; Pr\u00e9vention : addiction, ob\u00e9sit\u00e9, grossesse pr\u00e9coce, absent\u00e9isme<br \/>\n&#8211; Aide \u00e0 la parentalit\u00e9.<\/p>\n<p>&nbsp;<\/p>\n","protected":false},"excerpt":{"rendered":"<p>Infirmerie scolaire Poste mixte Coll\u00e8ge-Ecoles du secteur En l\u2019absence de l\u2019infirmi\u00e8re, tout \u00e9l\u00e8ve souffrant doit \u00eatre accompagn\u00e9 au bureau de la Vie Scolaire. Missions : &#8211; Accueil des \u00e9l\u00e8ves (si pas d\u2019urgence : \u00e0 la r\u00e9cr\u00e9ation ou interclasse) &#8211; Gestion des urgences &#8211; Int\u00e9gration des \u00e9l\u00e8ves avec troubles d\u2019apprentissage ou handicap &#8211; Ecoute &#8211; Pr\u00e9vention [&hellip;]<\/p>\n","protected":false},"author":2269,"featured_media":0,"parent":0,"menu_order":0,"comment_status":"closed","ping_status":"closed","template":"","meta":{"_et_pb_use_builder":"","_et_pb_old_content":"","_et_gb_content_width":"","footnotes":"","_links_to":"","_links_to_target":""},"class_list":["post-640","page","type-page","status-publish","hentry"],"_links":{"self":[{"href":"https:\/\/etab.ac-reunion.fr\/clg-etang-saint-paul\/wp-json\/wp\/v2\/pages\/640","targetHints":{"allow":["GET"]}}],"collection":[{"href":"https:\/\/etab.ac-reunion.fr\/clg-etang-saint-paul\/wp-json\/wp\/v2\/pages"}],"about":[{"href":"https:\/\/etab.ac-reunion.fr\/clg-etang-saint-paul\/wp-json\/wp\/v2\/types\/page"}],"author":[{"embeddable":true,"href":"https:\/\/etab.ac-reunion.fr\/clg-etang-saint-paul\/wp-json\/wp\/v2\/users\/2269"}],"replies":[{"embeddable":true,"href":"https:\/\/etab.ac-reunion.fr\/clg-etang-saint-paul\/wp-json\/wp\/v2\/comments?post=640"}],"version-history":[{"count":4,"href":"https:\/\/etab.ac-reunion.fr\/clg-etang-saint-paul\/wp-json\/wp\/v2\/pages\/640\/revisions"}],"predecessor-version":[{"id":3927,"href":"https:\/\/etab.ac-reunion.fr\/clg-etang-saint-paul\/wp-json\/wp\/v2\/pages\/640\/revisions\/3927"}],"wp:attachment":[{"href":"https:\/\/etab.ac-reunion.fr\/clg-etang-saint-paul\/wp-json\/wp\/v2\/media?parent=640"}],"curies":[{"name":"wp","href":"https:\/\/api.w.org\/{rel}","templated":true}]}}