{"id":642,"date":"2015-09-02T10:35:27","date_gmt":"2015-09-02T06:35:27","guid":{"rendered":"http:\/\/college-etang-stpaul.ac-reunion.fr\/?page_id=642"},"modified":"2023-08-15T15:38:33","modified_gmt":"2023-08-15T11:38:33","slug":"restauration","status":"publish","type":"page","link":"https:\/\/etab.ac-reunion.fr\/clg-etang-saint-paul\/restauration\/","title":{"rendered":"Restauration"},"content":{"rendered":"<p>Le service de demi-pension est assur\u00e9 le lundi, mardi, jeudi et vendredi.<\/p>\n<p>Le coll\u00e8ge re\u00e7oit chaque jour les repas pr\u00e9par\u00e9s \u00e0 la cuisine centrale du coll\u00e8ge Titan au Port.<\/p>\n<p>Les menus sont disponibles sur Pronote.<\/p>\n<p>&nbsp;<\/p>\n","protected":false},"excerpt":{"rendered":"<p>Le service de demi-pension est assur\u00e9 le lundi, mardi, jeudi et vendredi. Le coll\u00e8ge re\u00e7oit chaque jour les repas pr\u00e9par\u00e9s \u00e0 la cuisine centrale du coll\u00e8ge Titan au Port. Les menus sont disponibles sur Pronote. &nbsp;<\/p>\n","protected":false},"author":2269,"featured_media":0,"parent":0,"menu_order":0,"comment_status":"closed","ping_status":"closed","template":"","meta":{"_et_pb_use_builder":"","_et_pb_old_content":"","_et_gb_content_width":"","footnotes":"","_links_to":"","_links_to_target":""},"class_list":["post-642","page","type-page","status-publish","hentry"],"_links":{"self":[{"href":"https:\/\/etab.ac-reunion.fr\/clg-etang-saint-paul\/wp-json\/wp\/v2\/pages\/642","targetHints":{"allow":["GET"]}}],"collection":[{"href":"https:\/\/etab.ac-reunion.fr\/clg-etang-saint-paul\/wp-json\/wp\/v2\/pages"}],"about":[{"href":"https:\/\/etab.ac-reunion.fr\/clg-etang-saint-paul\/wp-json\/wp\/v2\/types\/page"}],"author":[{"embeddable":true,"href":"https:\/\/etab.ac-reunion.fr\/clg-etang-saint-paul\/wp-json\/wp\/v2\/users\/2269"}],"replies":[{"embeddable":true,"href":"https:\/\/etab.ac-reunion.fr\/clg-etang-saint-paul\/wp-json\/wp\/v2\/comments?post=642"}],"version-history":[{"count":4,"href":"https:\/\/etab.ac-reunion.fr\/clg-etang-saint-paul\/wp-json\/wp\/v2\/pages\/642\/revisions"}],"predecessor-version":[{"id":3931,"href":"https:\/\/etab.ac-reunion.fr\/clg-etang-saint-paul\/wp-json\/wp\/v2\/pages\/642\/revisions\/3931"}],"wp:attachment":[{"href":"https:\/\/etab.ac-reunion.fr\/clg-etang-saint-paul\/wp-json\/wp\/v2\/media?parent=642"}],"curies":[{"name":"wp","href":"https:\/\/api.w.org\/{rel}","templated":true}]}}