{"id":646,"date":"2015-09-02T10:36:40","date_gmt":"2015-09-02T06:36:40","guid":{"rendered":"http:\/\/college-etang-stpaul.ac-reunion.fr\/?page_id=646"},"modified":"2023-08-15T15:33:53","modified_gmt":"2023-08-15T11:33:53","slug":"assistante-sociale","status":"publish","type":"page","link":"https:\/\/etab.ac-reunion.fr\/clg-etang-saint-paul\/assistante-sociale\/","title":{"rendered":"Assistante sociale"},"content":{"rendered":"<h1 style=\"text-align: center\">Le service social en faveur des \u00e9l\u00e8ves (SSFE)<\/h1>\n<p>Le SSFE est un service public de l&rsquo;Education Nationale, rattach\u00e9 au Rectorat de la R\u00e9union.<\/p>\n<p><strong>Madame RICA Dolly<\/strong>, assistante sociale scolaire, intervient sur un secteur compos\u00e9 de deux \u00e9tablissements : coll\u00e8ge Jules Solesse et coll\u00e8ge de l\u2019Etang Saint Paul. Elle est le conseiller social de l&rsquo;institution et de tous les \u00e9l\u00e8ves. Elle a un r\u00f4le de m\u00e9diateur.<br \/>\nLe service social en faveur des \u00e9l\u00e8ves est un service sp\u00e9cialis\u00e9 dans l&rsquo;\u00e9coute, le conseil, le soutien, l&rsquo;accompagnement des \u00e9l\u00e8ves et de leur famille rencontrant des difficult\u00e9s : difficult\u00e9s pouvant compromettre un \u00e9quilibre d&rsquo;ordre psychologique, \u00e9conomique ou social.<br \/>\nLe bien-\u00eatre des \u00e9l\u00e8ves constitue un enjeu d\u00e9cisif pour la poursuite d\u2019une scolarit\u00e9 sereine.<br \/>\nLe service social s&rsquo;adresse \u00e0 tous les \u00e9l\u00e8ves du coll\u00e8ge et constitue un service de proximit\u00e9 pour eux et leurs familles.<\/p>\n<p>L&rsquo;assistante de service social intervient de sa propre initiative ou \u00e0 la demande des \u00e9l\u00e8ves, des familles, de l&rsquo;\u00e9quipe \u00e9ducative ou d&rsquo;autres partenaires. Elle est aussi le conseiller social de l&rsquo;\u00e9tablissement dans lequel elle intervient.<br \/>\nAfin de faciliter la communication, si une situation d&rsquo;\u00e9l\u00e8ve vous interpelle, vous avez la possibilit\u00e9 de lui adresser une note. Ce document, est \u00e0 d\u00e9poser dans le casier de l&rsquo;assistante sociale, sous pli<br \/>\nconfidentiel, \u00e0 l&rsquo;Administration.<\/p>\n<p>Les missions : circulaire n\u00b091-248 du 11.09.1991<\/p>\n<ul>\n<li>participe \u00e0 la protection de l&rsquo;enfance et des mineurs en danger ;<\/li>\n<li>contribue \u00e0 la lutte contre l&rsquo;absent\u00e9isme et l&rsquo;exclusion scolaire ;<\/li>\n<li>participe \u00e0 la lutte contre toutes les formes de violence et \u00e0 la pr\u00e9vention des conduites \u00e0 risque (enindividuel ou en action collective) ;<\/li>\n<li>\u00a0aide \u00e0 l&rsquo;int\u00e9gration des enfants porteurs de handicap ;<\/li>\n<li>accompagne l&rsquo;\u00e9l\u00e8ve dans la construction de son projet personnel et professionnel.<\/li>\n<\/ul>\n<p>&nbsp;<\/p>\n<p><em><strong>L&rsquo;AS est saisie par :<\/strong><\/em><\/p>\n<ul>\n<li>l&rsquo;\u00e9l\u00e8ve ;<\/li>\n<li>\u00a0sa famille ;<\/li>\n<li>tout membre de la communaut\u00e9 scolaire ;<\/li>\n<li>les services ext\u00e9rieurs.<\/li>\n<\/ul>\n<p>&nbsp;<\/p>\n<p><em><strong>Les moyens :<\/strong><\/em><br \/>\nL&rsquo;assistante sociale est une professionnelle sp\u00e9cialis\u00e9e en action individuelle et collective, form\u00e9e \u00e0 :<\/p>\n<ul>\n<li>l&rsquo;\u00e9coute,<\/li>\n<li>l&rsquo;entretien d&rsquo;aide,<\/li>\n<li>l&rsquo;accompagnement,<\/li>\n<li>le suivi personnalis\u00e9,<\/li>\n<li>le soutien,<\/li>\n<li>le conseil,<\/li>\n<li>l&rsquo;\u00e9valuation sociale,<\/li>\n<li>l&rsquo;expertise sociale.<\/li>\n<\/ul>\n<p><em><strong>La d\u00e9ontologie :<\/strong><\/em><br \/>\nLe travail social est r\u00e9gi par deux principes fondamentaux : le respect de la vie priv\u00e9e et le secret<br \/>\nprofessionnel. Ces notions garantissent la confidentialit\u00e9 des informations et assurent une relation de<br \/>\nconfiance.<br \/>\nLe partenariat :<br \/>\nLe travail social s&rsquo;inscrit dans un travail d&rsquo;\u00e9quipe avec l&rsquo;ensemble de la communaut\u00e9 scolaire dans un objectif<br \/>\ncommun : l&rsquo;int\u00e9r\u00eat de l&rsquo;\u00e9l\u00e8ve et une insertion scolaire, sociale et personnelle la plus r\u00e9ussie possible.<br \/>\nL&rsquo;assistante sociale peut participer \u00e0 diff\u00e9rentes instances internes ou externes \u00e0 l&rsquo;\u00e9tablissement.<\/p>\n<p>Les jours de pr\u00e9sence de l\u2019Assistante sociale :<\/p>\n<ul>\n<li>au coll\u00e8ge Jules Solesse :<br \/>\n&#8211; le mardi, le mercredi matin et le vendredi matin.<\/li>\n<li>au coll\u00e8ge de l\u2019Etang Saint Paul :<br \/>\n&#8211; le lundi et le jeudi<\/li>\n<\/ul>\n<p>Si vous souhaitez la rencontrer, son bureau se situe au b\u00e2timent A (en face du bureau de la vie scolaire et<br \/>\ndu foyer).<\/p>\n","protected":false},"excerpt":{"rendered":"<p>Le service social en faveur des \u00e9l\u00e8ves (SSFE) Le SSFE est un service public de l&rsquo;Education Nationale, rattach\u00e9 au Rectorat de la R\u00e9union. Madame RICA Dolly, assistante sociale scolaire, intervient sur un secteur compos\u00e9 de deux \u00e9tablissements : coll\u00e8ge Jules Solesse et coll\u00e8ge de l\u2019Etang Saint Paul. Elle est le conseiller social de l&rsquo;institution et [&hellip;]<\/p>\n","protected":false},"author":2269,"featured_media":0,"parent":0,"menu_order":0,"comment_status":"closed","ping_status":"closed","template":"","meta":{"_et_pb_use_builder":"","_et_pb_old_content":"","_et_gb_content_width":"","footnotes":"","_links_to":"","_links_to_target":""},"class_list":["post-646","page","type-page","status-publish","hentry"],"_links":{"self":[{"href":"https:\/\/etab.ac-reunion.fr\/clg-etang-saint-paul\/wp-json\/wp\/v2\/pages\/646","targetHints":{"allow":["GET"]}}],"collection":[{"href":"https:\/\/etab.ac-reunion.fr\/clg-etang-saint-paul\/wp-json\/wp\/v2\/pages"}],"about":[{"href":"https:\/\/etab.ac-reunion.fr\/clg-etang-saint-paul\/wp-json\/wp\/v2\/types\/page"}],"author":[{"embeddable":true,"href":"https:\/\/etab.ac-reunion.fr\/clg-etang-saint-paul\/wp-json\/wp\/v2\/users\/2269"}],"replies":[{"embeddable":true,"href":"https:\/\/etab.ac-reunion.fr\/clg-etang-saint-paul\/wp-json\/wp\/v2\/comments?post=646"}],"version-history":[{"count":5,"href":"https:\/\/etab.ac-reunion.fr\/clg-etang-saint-paul\/wp-json\/wp\/v2\/pages\/646\/revisions"}],"predecessor-version":[{"id":3926,"href":"https:\/\/etab.ac-reunion.fr\/clg-etang-saint-paul\/wp-json\/wp\/v2\/pages\/646\/revisions\/3926"}],"wp:attachment":[{"href":"https:\/\/etab.ac-reunion.fr\/clg-etang-saint-paul\/wp-json\/wp\/v2\/media?parent=646"}],"curies":[{"name":"wp","href":"https:\/\/api.w.org\/{rel}","templated":true}]}}