{"id":66,"date":"2014-04-25T17:54:07","date_gmt":"2014-04-25T13:54:07","guid":{"rendered":"http:\/\/college-etang-stpaul-tmp.ac-reunion.fr\/?page_id=66"},"modified":"2023-04-28T18:26:28","modified_gmt":"2023-04-28T14:26:28","slug":"mentions-legales","status":"publish","type":"page","link":"https:\/\/etab.ac-reunion.fr\/clg-etang-saint-paul\/mentions-legales\/","title":{"rendered":"Mentions l\u00e9gales"},"content":{"rendered":"<h4><span style=\"text-decoration: underline\">\u00c9diteur:<\/span><\/h4>\n<p>Coll\u00e8ge de l\u2019\u00c9tang Saint-PAUL<br \/>\nrue Jacquot 97460 Saint-PAUL<br \/>\nT\u00e9l: 0262 45 61 00<\/p>\n<h4><span style=\"text-decoration: underline\">Directeur de la publication et responsable de la r\u00e9daction:<\/span><\/h4>\n<p>Mme FOURMY Monique, Cheffe d&rsquo;\u00e9tablissement et Mme LAFOSSE Catherine, principale adjointe.<\/p>\n<h4><span style=\"text-decoration: underline\">Conception et r\u00e9alisation:<\/span><\/h4>\n<p>R\u00e9alisation interne \u00e0 l&rsquo;\u00e9tablissement par Mme GENET Pierrette.<\/p>\n<h4><span style=\"text-decoration: underline\">Fournisseur de l&rsquo;h\u00e9bergement:<\/span><\/h4>\n<p>Rectorat de l\u2019Acad\u00e9mie de La R\u00e9union<br \/>\nSecr\u00e9tariat g\u00e9n\u00e9ral \u2013 Service Communication<br \/>\n24, Avenue Georges Brassens \u2013 97702 \u2013 St-Denis \u2013 Messag Cedex 9<\/p>\n<h4><span style=\"text-decoration: underline\">Propri\u00e9t\u00e9 intellectuelle:<\/span><\/h4>\n<p><em>Les photographies, textes, slogans, dessins, images, s\u00e9quences anim\u00e9es,<\/em><br \/>\n<em> sonores ou non, ainsi que toutes les \u0153uvres int\u00e9gr\u00e9es dans le site sont la propri\u00e9t\u00e9<\/em><br \/>\n<em> de l&rsquo;\u00e9diteur du site ou de tiers ayant autoris\u00e9 l&rsquo;\u00e9diteur du site \u00e0 les utiliser.<\/em><br \/>\n<em> Toute reproduction totale ou partielle de ces \u00e9l\u00e9ments sans l&rsquo;autorisation expresse de<\/em><br \/>\n<em> l&rsquo;exploitant du site Internet ou de ses ayant-droit est prohib\u00e9e, au sens de l&rsquo;article L713-2 du CPI.<\/em><\/p>\n","protected":false},"excerpt":{"rendered":"<p>\u00c9diteur: Coll\u00e8ge de l\u2019\u00c9tang Saint-PAUL rue Jacquot 97460 Saint-PAUL T\u00e9l: 0262 45 61 00 Directeur de la publication et responsable de la r\u00e9daction: Mme FOURMY Monique, Cheffe d&rsquo;\u00e9tablissement et Mme LAFOSSE Catherine, principale adjointe. Conception et r\u00e9alisation: R\u00e9alisation interne \u00e0 l&rsquo;\u00e9tablissement par Mme GENET Pierrette. Fournisseur de l&rsquo;h\u00e9bergement: Rectorat de l\u2019Acad\u00e9mie de La R\u00e9union Secr\u00e9tariat [&hellip;]<\/p>\n","protected":false},"author":72,"featured_media":0,"parent":0,"menu_order":0,"comment_status":"closed","ping_status":"closed","template":"","meta":{"_et_pb_use_builder":"","_et_pb_old_content":"","_et_gb_content_width":"","footnotes":"","_links_to":"","_links_to_target":""},"class_list":["post-66","page","type-page","status-publish","hentry"],"_links":{"self":[{"href":"https:\/\/etab.ac-reunion.fr\/clg-etang-saint-paul\/wp-json\/wp\/v2\/pages\/66","targetHints":{"allow":["GET"]}}],"collection":[{"href":"https:\/\/etab.ac-reunion.fr\/clg-etang-saint-paul\/wp-json\/wp\/v2\/pages"}],"about":[{"href":"https:\/\/etab.ac-reunion.fr\/clg-etang-saint-paul\/wp-json\/wp\/v2\/types\/page"}],"author":[{"embeddable":true,"href":"https:\/\/etab.ac-reunion.fr\/clg-etang-saint-paul\/wp-json\/wp\/v2\/users\/72"}],"replies":[{"embeddable":true,"href":"https:\/\/etab.ac-reunion.fr\/clg-etang-saint-paul\/wp-json\/wp\/v2\/comments?post=66"}],"version-history":[{"count":2,"href":"https:\/\/etab.ac-reunion.fr\/clg-etang-saint-paul\/wp-json\/wp\/v2\/pages\/66\/revisions"}],"predecessor-version":[{"id":3754,"href":"https:\/\/etab.ac-reunion.fr\/clg-etang-saint-paul\/wp-json\/wp\/v2\/pages\/66\/revisions\/3754"}],"wp:attachment":[{"href":"https:\/\/etab.ac-reunion.fr\/clg-etang-saint-paul\/wp-json\/wp\/v2\/media?parent=66"}],"curies":[{"name":"wp","href":"https:\/\/api.w.org\/{rel}","templated":true}]}}