{"id":686,"date":"2015-09-07T06:55:40","date_gmt":"2015-09-07T02:55:40","guid":{"rendered":"http:\/\/college-etang-stpaul.ac-reunion.fr\/?page_id=686"},"modified":"2023-08-17T09:35:37","modified_gmt":"2023-08-17T05:35:37","slug":"eps-unss-association-sportive","status":"publish","type":"page","link":"https:\/\/etab.ac-reunion.fr\/clg-etang-saint-paul\/eps-unss-association-sportive\/","title":{"rendered":"EPS &#8211; UNSS &#8211; Association Sportive"},"content":{"rendered":"[et_pb_section fb_built=\u00a0\u00bb1&Prime; admin_label=\u00a0\u00bbsection\u00a0\u00bb _builder_version=\u00a0\u00bb4.16&Prime; global_colors_info=\u00a0\u00bb{}\u00a0\u00bb][et_pb_row admin_label=\u00a0\u00bbrow\u00a0\u00bb _builder_version=\u00a0\u00bb4.16&Prime; background_size=\u00a0\u00bbinitial\u00a0\u00bb background_position=\u00a0\u00bbtop_left\u00a0\u00bb background_repeat=\u00a0\u00bbrepeat\u00a0\u00bb global_colors_info=\u00a0\u00bb{}\u00a0\u00bb][et_pb_column type=\u00a0\u00bb4_4&Prime; _builder_version=\u00a0\u00bb4.16&Prime; custom_padding=\u00a0\u00bb|||\u00a0\u00bb global_colors_info=\u00a0\u00bb{}\u00a0\u00bb custom_padding__hover=\u00a0\u00bb|||\u00a0\u00bb][et_pb_text admin_label=\u00a0\u00bbTexte\u00a0\u00bb _builder_version=\u00a0\u00bb4.22.0&Prime; background_size=\u00a0\u00bbinitial\u00a0\u00bb background_position=\u00a0\u00bbtop_left\u00a0\u00bb background_repeat=\u00a0\u00bbrepeat\u00a0\u00bb hover_enabled=\u00a0\u00bb0&Prime; use_border_color=\u00a0\u00bboff\u00a0\u00bb border_color=\u00a0\u00bb#ffffff\u00a0\u00bb border_style=\u00a0\u00bbsolid\u00a0\u00bb global_colors_info=\u00a0\u00bb{}\u00a0\u00bb sticky_enabled=\u00a0\u00bb0&Prime;]\n<p>L&rsquo;Association Sportive 2023-2024 propose \u00e0 tous les \u00e9l\u00e8ves, quelque soit le niveau sportif, les activit\u00e9s suivantes :<strong><br \/><\/strong><\/p>\n<ul>\n<li><strong>VOLLEY-BALL<\/strong> (Mme VIVES) : Mercredis de 12h \u00e0 14h et vendredis de 12h \u00e0 13h<\/li>\n<li><strong>DANSE<\/strong> (Mme LALUEZA) : lundis et jeudis de 12h \u00e0 13h<\/li>\n<li><strong>TENNIS de TABLE<\/strong> (M. SOUILLIEZ) : mercredis de 12h \u00e0 14h30<\/li>\n<li><strong>NATATION<\/strong> (M. METAYER) : mercredis de 14h \u00e0 15h30<\/li>\n<li><strong>BASKET-BALL<\/strong> (M. GUFFLET) : lundis et jeudis de 12h \u00e0 13h<\/li>\n<\/ul>\n<p>Les inscriptions commenceront \u00e0 partir du lundi 28 Ao\u00fbt et les entrainements \u00e0 partir du lundi 4 Septembre.<\/p>\n<p>N&rsquo;h\u00e9sitez pas \u00e0 poser toutes vos questions aux professeurs d&rsquo;EPS<\/p>\n[\/et_pb_text][et_pb_blog include_categories=\u00a0\u00bb26&Prime; show_comments=\u00a0\u00bbon\u00a0\u00bb admin_label=\u00a0\u00bbBlog\u00a0\u00bb _builder_version=\u00a0\u00bb4.16&Prime; use_border_color=\u00a0\u00bboff\u00a0\u00bb border_color=\u00a0\u00bb#ffffff\u00a0\u00bb border_style=\u00a0\u00bbsolid\u00a0\u00bb use_dropshadow=\u00a0\u00bboff\u00a0\u00bb global_colors_info=\u00a0\u00bb{}\u00a0\u00bb][\/et_pb_blog][\/et_pb_column][\/et_pb_row][\/et_pb_section]\n","protected":false},"excerpt":{"rendered":"<p>L&rsquo;Association Sportive 2023-2024 propose \u00e0 tous les \u00e9l\u00e8ves, quelque soit le niveau sportif, les activit\u00e9s suivantes : VOLLEY-BALL (Mme VIVES) : Mercredis de 12h \u00e0 14h et vendredis de 12h \u00e0 13h DANSE (Mme LALUEZA) : lundis et jeudis de 12h \u00e0 13h TENNIS de TABLE (M. SOUILLIEZ) : mercredis de 12h \u00e0 14h30 NATATION [&hellip;]<\/p>\n","protected":false},"author":2269,"featured_media":0,"parent":0,"menu_order":0,"comment_status":"closed","ping_status":"closed","template":"","meta":{"_et_pb_use_builder":"on","_et_pb_old_content":"<p>L'Association Sportive 2015-2016 propose aux \u00e9l\u00e8ves les activit\u00e9s suivantes :<strong><br \/> <\/strong><\/p><ul><li><strong>VOLLEY-BALL<\/strong> (Mme VIVES) : lundis de 11H45 \u00e0 12H45 et mercredis de 12h00 \u00e0 14h00<\/li><li><strong>AEROBIC<\/strong> (Mme QUENTIN) : lundis, jeudis et vendredis de 12h00 \u00e0 13h00<\/li><li><strong>TENNIS de TABLE<\/strong> (M. SOUILLIEZ) : mercredis de 12h00 \u00e0 14h30<\/li><li><strong>NATATION<\/strong> (M. CANTET) : mercredis de 13h45 \u00e0 15h45<\/li><li><strong>FUTSAL<\/strong> et <strong>FOOTBALL<\/strong> (M. TELMAR) : lundis et mardis de 12h00 \u00e0 13h00 et mercredis (Comp\u00e9titions)<\/li><li><strong>TIR \u00e0 l\u2019ARC<\/strong> (M. METAYER) : mercredis de 13H30 \u00e0 16H30<\/li><\/ul><p>Les inscriptions et entrainements commenceront \u00e0 partir du Lundi 30 Ao\u00fbt.<\/p><p>Modalit\u00e9s d\u2019inscriptions\u00a0:<\/p><ul><li>fiche donn\u00e9e par les professeurs d\u2019EPS pour l\u2019autorisation parentale<\/li><li>un certificat m\u00e9dical<\/li><li>une photo et 20 euros pour l\u2019ann\u00e9e (entrainements, comp\u00e9titions, d\u00e9placements compris)<\/li><\/ul>","_et_gb_content_width":"","footnotes":"","_links_to":"","_links_to_target":""},"class_list":["post-686","page","type-page","status-publish","hentry"],"_links":{"self":[{"href":"https:\/\/etab.ac-reunion.fr\/clg-etang-saint-paul\/wp-json\/wp\/v2\/pages\/686","targetHints":{"allow":["GET"]}}],"collection":[{"href":"https:\/\/etab.ac-reunion.fr\/clg-etang-saint-paul\/wp-json\/wp\/v2\/pages"}],"about":[{"href":"https:\/\/etab.ac-reunion.fr\/clg-etang-saint-paul\/wp-json\/wp\/v2\/types\/page"}],"author":[{"embeddable":true,"href":"https:\/\/etab.ac-reunion.fr\/clg-etang-saint-paul\/wp-json\/wp\/v2\/users\/2269"}],"replies":[{"embeddable":true,"href":"https:\/\/etab.ac-reunion.fr\/clg-etang-saint-paul\/wp-json\/wp\/v2\/comments?post=686"}],"version-history":[{"count":6,"href":"https:\/\/etab.ac-reunion.fr\/clg-etang-saint-paul\/wp-json\/wp\/v2\/pages\/686\/revisions"}],"predecessor-version":[{"id":3995,"href":"https:\/\/etab.ac-reunion.fr\/clg-etang-saint-paul\/wp-json\/wp\/v2\/pages\/686\/revisions\/3995"}],"wp:attachment":[{"href":"https:\/\/etab.ac-reunion.fr\/clg-etang-saint-paul\/wp-json\/wp\/v2\/media?parent=686"}],"curies":[{"name":"wp","href":"https:\/\/api.w.org\/{rel}","templated":true}]}}