{"id":754,"date":"2015-09-17T16:01:39","date_gmt":"2015-09-17T12:01:39","guid":{"rendered":"http:\/\/college-etang-stpaul.ac-reunion.fr\/?page_id=754"},"modified":"2023-08-15T15:37:25","modified_gmt":"2023-08-15T11:37:25","slug":"orientation","status":"publish","type":"page","link":"https:\/\/etab.ac-reunion.fr\/clg-etang-saint-paul\/orientation\/","title":{"rendered":"Orientation"},"content":{"rendered":"<p>LA CONSEILLERE PSYCHOLOGUE DE L\u2019EDUCATION NATIONALE<br \/>\nDeux demi-journ\u00e9es de permanence sont assur\u00e9es chaque semaine.<\/p>\n<p>Les rendez-vous sont pris aupr\u00e8s des CPE.<\/p>\n<p>Pour contacter Mme Law-Wan ou d\u00e9poser un document :<br \/>\n&#8211; Casier au secr\u00e9tariat du coll\u00e8ge<br \/>\n&#8211; par email : <a href=\"mailto:Graziella.Law-Wan@ac-reunion.fr\">Graziella.Law-Wan@ac-reunion.fr<\/a><\/p>\n<ul>\n<li>Au CIO (Centre d&rsquo;Information et d&rsquo;Orientation) du Port <strong>le vendredi de 8h30 \u00e0 12h00 et de 13h00 \u00e0 16h30<\/strong>. (sans rendez-vous)<br \/>\nAdresse : Angles Rue Pasteur et Sans Soucis 97420 Le Port<br \/>\nT\u00e9l : 0262 43 22 00<\/li>\n<\/ul>\n<p>&nbsp;<\/p>\n","protected":false},"excerpt":{"rendered":"<p>LA CONSEILLERE PSYCHOLOGUE DE L\u2019EDUCATION NATIONALE Deux demi-journ\u00e9es de permanence sont assur\u00e9es chaque semaine. Les rendez-vous sont pris aupr\u00e8s des CPE. Pour contacter Mme Law-Wan ou d\u00e9poser un document : &#8211; Casier au secr\u00e9tariat du coll\u00e8ge &#8211; par email : Graziella.Law-Wan@ac-reunion.fr Au CIO (Centre d&rsquo;Information et d&rsquo;Orientation) du Port le vendredi de 8h30 \u00e0 12h00 [&hellip;]<\/p>\n","protected":false},"author":2269,"featured_media":0,"parent":0,"menu_order":0,"comment_status":"closed","ping_status":"closed","template":"","meta":{"_et_pb_use_builder":"off","_et_pb_old_content":"","_et_gb_content_width":"","footnotes":"","_links_to":"","_links_to_target":""},"class_list":["post-754","page","type-page","status-publish","hentry"],"_links":{"self":[{"href":"https:\/\/etab.ac-reunion.fr\/clg-etang-saint-paul\/wp-json\/wp\/v2\/pages\/754","targetHints":{"allow":["GET"]}}],"collection":[{"href":"https:\/\/etab.ac-reunion.fr\/clg-etang-saint-paul\/wp-json\/wp\/v2\/pages"}],"about":[{"href":"https:\/\/etab.ac-reunion.fr\/clg-etang-saint-paul\/wp-json\/wp\/v2\/types\/page"}],"author":[{"embeddable":true,"href":"https:\/\/etab.ac-reunion.fr\/clg-etang-saint-paul\/wp-json\/wp\/v2\/users\/2269"}],"replies":[{"embeddable":true,"href":"https:\/\/etab.ac-reunion.fr\/clg-etang-saint-paul\/wp-json\/wp\/v2\/comments?post=754"}],"version-history":[{"count":11,"href":"https:\/\/etab.ac-reunion.fr\/clg-etang-saint-paul\/wp-json\/wp\/v2\/pages\/754\/revisions"}],"predecessor-version":[{"id":3930,"href":"https:\/\/etab.ac-reunion.fr\/clg-etang-saint-paul\/wp-json\/wp\/v2\/pages\/754\/revisions\/3930"}],"wp:attachment":[{"href":"https:\/\/etab.ac-reunion.fr\/clg-etang-saint-paul\/wp-json\/wp\/v2\/media?parent=754"}],"curies":[{"name":"wp","href":"https:\/\/api.w.org\/{rel}","templated":true}]}}