{"id":91,"date":"2014-04-26T09:46:38","date_gmt":"2014-04-26T05:46:38","guid":{"rendered":"http:\/\/college-etang-stpaul-tmp.ac-reunion.fr\/?page_id=91"},"modified":"2015-08-14T17:31:34","modified_gmt":"2015-08-14T13:31:34","slug":"presentation-de-lent-metice","status":"publish","type":"page","link":"https:\/\/etab.ac-reunion.fr\/clg-etang-saint-paul\/presentation-de-lent-metice\/","title":{"rendered":"Pr\u00e9sentation de l&rsquo;ENT : M\u00e9tice"},"content":{"rendered":"<h2><a href=\"http:\/\/metice.ac-reunion.fr\"><img loading=\"lazy\" decoding=\"async\" class=\"alignnone size-full wp-image-95\" src=\"https:\/\/etab.ac-reunion.fr\/clg-etang-saint-paul\/wp-content\/uploads\/sites\/29\/2014\/04\/logo-m\u00e9tice.jpg\" alt=\"logo m\u00e9tice\" width=\"227\" height=\"295\" \/><\/a><\/h2>\n<p>&nbsp;<\/p>\n<p><span class=\"et-dropcap\" style=\"font-size: 44px; color: #8c2526;\"><div class=\"su-note\"  style=\"border-color:#afcad1;border-radius:3px;-moz-border-radius:3px;-webkit-border-radius:3px;\"><div class=\"su-note-inner su-u-clearfix su-u-trim\" style=\"background-color:#c9e4eb;border-color:#ffffff;color:#333333;border-radius:3px;-moz-border-radius:3px;-webkit-border-radius:3px;\">M<\/span><em><span style=\"color: #1c1c1c;\"> \u00e9tice est un <\/span><strong><span style=\"color: #ff0000;\">E<\/span><\/strong><\/em><em><span style=\"color: #1c1c1c;\">nvironnement <\/span><strong><span style=\"color: #ff0000;\">N<\/span><\/strong><span style=\"color: #1c1c1c;\">um\u00e9rique de <\/span><\/em><em><strong><span style=\"color: #ff0000;\">T<\/span><\/strong><span style=\"color: #1c1c1c;\">ravail (ENT) qui r\u00e9unit au sein d\u2019un portail web unique, toutes les applications utiles \u00e0 une personne, et ceci en fonction de son profil (Administratif, Enseignant, \u00c9l\u00e8ve, Parent, \u2026) tout en restant personnalisable par chacun.<\/span><\/em><em><span style=\"color: #1c1c1c;\">D\u00e9clin\u00e9 aussi bien pour les \u00e9tablissements scolaires que pour les services acad\u00e9miques du rectorat, M\u00e9tice est l\u00e0 pour faciliter l&rsquo;acc\u00e8s \u00e0 vos applications professionnelles, vos informations, vos contenus p\u00e9dagogiques, mais aussi pour faire \u00e9voluer nos pratiques de travail et cr\u00e9er du lien. <\/span><\/em><span style=\"color: #1c1c1c;\"><em>M\u00e9tice propose, en autres, l&rsquo;application <strong><span style=\"color: #8c2526;\">Pronote<\/span><\/strong><\/em><span style=\"color: #8c2526;\">.<\/span><\/span><\/p>\n<p><span style=\"color: #1c1c1c;\"><span style=\"color: #8c2526;\"><a href=\"http:\/\/infometice.ac-reunion.fr\/wordpress\/utilisateurs\/menu-parents\/metice-pour-les-parents\/\" target=\"_blank\">En savoir plus<\/a> <\/div><\/div><\/span><\/span><\/p>\n<p>&nbsp;<\/p>\n","protected":false},"excerpt":{"rendered":"<p>&nbsp; &nbsp;<\/p>\n","protected":false},"author":72,"featured_media":0,"parent":0,"menu_order":0,"comment_status":"closed","ping_status":"closed","template":"","meta":{"_et_pb_use_builder":"","_et_pb_old_content":"","_et_gb_content_width":"","footnotes":"","_links_to":"","_links_to_target":""},"class_list":["post-91","page","type-page","status-publish","hentry"],"_links":{"self":[{"href":"https:\/\/etab.ac-reunion.fr\/clg-etang-saint-paul\/wp-json\/wp\/v2\/pages\/91","targetHints":{"allow":["GET"]}}],"collection":[{"href":"https:\/\/etab.ac-reunion.fr\/clg-etang-saint-paul\/wp-json\/wp\/v2\/pages"}],"about":[{"href":"https:\/\/etab.ac-reunion.fr\/clg-etang-saint-paul\/wp-json\/wp\/v2\/types\/page"}],"author":[{"embeddable":true,"href":"https:\/\/etab.ac-reunion.fr\/clg-etang-saint-paul\/wp-json\/wp\/v2\/users\/72"}],"replies":[{"embeddable":true,"href":"https:\/\/etab.ac-reunion.fr\/clg-etang-saint-paul\/wp-json\/wp\/v2\/comments?post=91"}],"version-history":[{"count":10,"href":"https:\/\/etab.ac-reunion.fr\/clg-etang-saint-paul\/wp-json\/wp\/v2\/pages\/91\/revisions"}],"predecessor-version":[{"id":4607,"href":"https:\/\/etab.ac-reunion.fr\/clg-etang-saint-paul\/wp-json\/wp\/v2\/pages\/91\/revisions\/4607"}],"wp:attachment":[{"href":"https:\/\/etab.ac-reunion.fr\/clg-etang-saint-paul\/wp-json\/wp\/v2\/media?parent=91"}],"curies":[{"name":"wp","href":"https:\/\/api.w.org\/{rel}","templated":true}]}}