{"id":7,"date":"2015-01-13T15:40:18","date_gmt":"2015-01-13T11:40:18","guid":{"rendered":"http:\/\/college-braspanon-tmp.ac-reunion.fr\/?page_id=7"},"modified":"2024-09-16T22:09:04","modified_gmt":"2024-09-16T18:09:04","slug":"mentions-legales","status":"publish","type":"page","link":"https:\/\/etab.ac-reunion.fr\/clg-fanny-desjardins\/mentions-legales\/","title":{"rendered":"Mentions l\u00e9gales"},"content":{"rendered":"<h4>Editeur:<\/h4>\n<p><strong>College Bras Panon<\/strong><br \/>\n30 rue Edmond Albius<br \/>\n97412 Bras Panon<br \/>\nIle de la R\u00e9union<\/p>\n<p>T\u00e9l: 0262.51.50.42<br \/>\nE-mail : ce.9740046g@ac-reunion.fr<\/p>\n<h4>Directeur de la publication et responsable de la r\u00e9daction:<\/h4>\n<p>Madame Govindin -Ramassamy Gilberte , Chef d&rsquo;\u00e9tablissement et Monsieur Etheve Richard, Principal adjoint.<\/p>\n<h4>Conception et r\u00e9alisation:<\/h4>\n<p>R\u00e9alisation interne \u00e0 l&rsquo;\u00e9tablissement par\u00a0 Bador Matthieu<\/p>\n<h4>Fournisseur de l&rsquo;h\u00e9bergement:<\/h4>\n<p>Rectorat de l\u2019Acad\u00e9mie de La R\u00e9union<br \/>\nSecr\u00e9tariat g\u00e9n\u00e9ral \u2013 Service Communication<br \/>\n24, Avenue Georges Brassens \u2013 97702 \u2013 St-Denis \u2013 Messag Cedex 9<\/p>\n<h4>Propri\u00e9t\u00e9 intellectuelle:<\/h4>\n<p><em>Les photographies, textes, slogans, dessins, images, s\u00e9quences anim\u00e9es,<\/em><br \/>\n<em> sonores ou non, ainsi que toutes les \u0153uvres int\u00e9gr\u00e9es dans le site sont la propri\u00e9t\u00e9<\/em><br \/>\n<em> de l&rsquo;\u00e9diteur du site ou de tiers ayant autoris\u00e9 l&rsquo;\u00e9diteur du site \u00e0 les utiliser.<\/em><br \/>\n<em> Toute reproduction totale ou partielle de ces \u00e9l\u00e9ments sans l&rsquo;autorisation expresse de<\/em><br \/>\n<em> l&rsquo;exploitant du site Internet ou de ses ayant-droit est prohib\u00e9e, au sens de l&rsquo;article L713-2 du CPI.<\/em><\/p>\n","protected":false},"excerpt":{"rendered":"<p>Editeur: College Bras Panon 30 rue Edmond Albius 97412 Bras Panon Ile de la R\u00e9union T\u00e9l: 0262.51.50.42 E-mail : ce.9740046g@ac-reunion.fr Directeur de la publication et responsable de la r\u00e9daction: Madame Govindin -Ramassamy Gilberte , Chef d&rsquo;\u00e9tablissement et Monsieur Etheve Richard, Principal adjoint. Conception et r\u00e9alisation: R\u00e9alisation interne \u00e0 l&rsquo;\u00e9tablissement par\u00a0&#8230;<\/p>\n<p> <a class=\"continue-reading-link\" href=\"https:\/\/etab.ac-reunion.fr\/clg-fanny-desjardins\/mentions-legales\/\"><span>Continue reading<\/span><i class=\"crycon-right-dir\"><\/i><\/a> <\/p>\n","protected":false},"author":1897,"featured_media":0,"parent":0,"menu_order":0,"comment_status":"open","ping_status":"open","template":"","meta":{"footnotes":""},"class_list":["post-7","page","type-page","status-publish","hentry"],"_links":{"self":[{"href":"https:\/\/etab.ac-reunion.fr\/clg-fanny-desjardins\/wp-json\/wp\/v2\/pages\/7","targetHints":{"allow":["GET"]}}],"collection":[{"href":"https:\/\/etab.ac-reunion.fr\/clg-fanny-desjardins\/wp-json\/wp\/v2\/pages"}],"about":[{"href":"https:\/\/etab.ac-reunion.fr\/clg-fanny-desjardins\/wp-json\/wp\/v2\/types\/page"}],"author":[{"embeddable":true,"href":"https:\/\/etab.ac-reunion.fr\/clg-fanny-desjardins\/wp-json\/wp\/v2\/users\/1897"}],"replies":[{"embeddable":true,"href":"https:\/\/etab.ac-reunion.fr\/clg-fanny-desjardins\/wp-json\/wp\/v2\/comments?post=7"}],"version-history":[{"count":6,"href":"https:\/\/etab.ac-reunion.fr\/clg-fanny-desjardins\/wp-json\/wp\/v2\/pages\/7\/revisions"}],"predecessor-version":[{"id":10452,"href":"https:\/\/etab.ac-reunion.fr\/clg-fanny-desjardins\/wp-json\/wp\/v2\/pages\/7\/revisions\/10452"}],"wp:attachment":[{"href":"https:\/\/etab.ac-reunion.fr\/clg-fanny-desjardins\/wp-json\/wp\/v2\/media?parent=7"}],"curies":[{"name":"wp","href":"https:\/\/api.w.org\/{rel}","templated":true}]}}