{"id":8145,"date":"2021-09-19T21:28:44","date_gmt":"2021-09-19T17:28:44","guid":{"rendered":"http:\/\/college-braspanon.ac-reunion.fr\/?page_id=8145"},"modified":"2024-09-23T07:27:16","modified_gmt":"2024-09-23T03:27:16","slug":"psychologue-de-leducation-nationale","status":"publish","type":"page","link":"https:\/\/etab.ac-reunion.fr\/clg-fanny-desjardins\/psychologue-de-leducation-nationale\/","title":{"rendered":"Psychologue de l&rsquo;\u00e9ducation nationale"},"content":{"rendered":"\n<p><\/p>\n\n\n\n<p><\/p>\n\n\n\n<p class=\"has-large-font-size\"><strong>Monsieur Huss,<\/strong><\/p>\n\n\n\n<p><\/p>\n\n\n\n<p><\/p>\n\n\n\n<p><\/p>\n\n\n\n<p>Il re\u00e7oit les \u00e9l\u00e8ves, les parents ou tout membre de la communaut\u00e9 \u00e9ducative pendant son jour de permanence <strong>au coll\u00e8ge :<\/strong> <\/p>\n\n\n\n<h2 class=\"wp-block-heading has-text-align-center has-medium-font-size\"><strong>LE<\/strong> <strong>MARDI  ET LE JEUDI<\/strong> <\/h2>\n\n\n\n<h2 class=\"wp-block-heading has-text-align-center has-medium-font-size\"><strong>DE 13H30 \u00e0 17h<\/strong> <\/h2>\n\n\n\n<p>Il re\u00e7oit \u00e9galement les \u00e9l\u00e8ves, les parents au<strong> C.I.O de saint-Benoit<\/strong> :  <\/p>\n\n\n\n<p><\/p>\n\n\n\n<p><\/p>\n\n\n\n<p class=\"has-text-align-center has-medium-font-size\"><strong>Le MERCREDI :<\/strong><\/p>\n\n\n\n<p class=\"has-text-align-center has-medium-font-size\">   <strong>de 8h15 \u00e0 12h<\/strong><\/p>\n\n\n\n<p class=\"has-text-align-center has-medium-font-size\"><strong>de 13h \u00e0 16h<\/strong><\/p>\n\n\n\n<p class=\"has-text-align-center\"> <\/p>\n\n\n\n<p><strong>Son r\u00f4le:<\/strong><\/p>\n\n\n\n<p><strong>En tant qu&rsquo;interlocuteur des enfants, des adolescents, des familles et des \u00e9quipes enseignantes, la PsyEN&nbsp;:<\/strong><\/p>\n\n\n\n<ul class=\"wp-block-list\">\n<li>Contribue \u00e0\u00a0<strong>cr\u00e9er les conditions d\u2019un \u00e9quilibre psychologique<\/strong>\u00a0des \u00e9l\u00e8ves\u00a0<strong>favorisant leur r\u00e9ussite et leur investissement scolaires<\/strong>.<\/li>\n\n\n\n<li>Porte une attention particuli\u00e8re aux \u00e9l\u00e8ves en difficult\u00e9, en situation de handicap ou donnant des signes de souffrance psychologique.<\/li>\n\n\n\n<li>Il participe \u00e9galement \u00e0 la<strong>\u00a0pr\u00e9vention et \u00e0 la rem\u00e9diation du d\u00e9crochage scolaire\u00a0<\/strong><\/li>\n\n\n\n<li>Accompagne les \u00e9l\u00e8ves et les \u00e9tudiants dans<strong>\u00a0l&rsquo;\u00e9laboration progressive de leur projet d&rsquo;orientation<\/strong>\u00a0<\/li>\n\n\n\n<li>Participe \u00e0 la conception et \u00e0 la mise en \u0153uvre d\u2019actions permettant\u00a0<strong>l\u2019appropriation d\u2019informations sur les formations et les m\u00e9tiers et l\u2019\u00e9volution de leurs repr\u00e9sentations<\/strong>.\u00a0Informe ainsi les \u00e9l\u00e8ves et leurs familles ainsi que les \u00e9tudiants, et les conseille dans l\u2019<strong>\u00e9laboration de leurs projets scolaires, universitaires et professionnels<\/strong>.<\/li>\n<\/ul>\n\n\n\n<p><\/p>\n","protected":false},"excerpt":{"rendered":"<p>Monsieur Huss, Il re\u00e7oit les \u00e9l\u00e8ves, les parents ou tout membre de la communaut\u00e9 \u00e9ducative pendant son jour de permanence au coll\u00e8ge : LE MARDI ET LE JEUDI DE 13H30 \u00e0 17h Il re\u00e7oit \u00e9galement les \u00e9l\u00e8ves, les parents au C.I.O de saint-Benoit : Le MERCREDI : de 8h15 \u00e0&#8230;<\/p>\n<p> <a class=\"continue-reading-link\" href=\"https:\/\/etab.ac-reunion.fr\/clg-fanny-desjardins\/psychologue-de-leducation-nationale\/\"><span>Continue reading<\/span><i class=\"crycon-right-dir\"><\/i><\/a> <\/p>\n","protected":false},"author":5591,"featured_media":0,"parent":0,"menu_order":0,"comment_status":"closed","ping_status":"closed","template":"","meta":{"footnotes":""},"class_list":["post-8145","page","type-page","status-publish","hentry"],"_links":{"self":[{"href":"https:\/\/etab.ac-reunion.fr\/clg-fanny-desjardins\/wp-json\/wp\/v2\/pages\/8145","targetHints":{"allow":["GET"]}}],"collection":[{"href":"https:\/\/etab.ac-reunion.fr\/clg-fanny-desjardins\/wp-json\/wp\/v2\/pages"}],"about":[{"href":"https:\/\/etab.ac-reunion.fr\/clg-fanny-desjardins\/wp-json\/wp\/v2\/types\/page"}],"author":[{"embeddable":true,"href":"https:\/\/etab.ac-reunion.fr\/clg-fanny-desjardins\/wp-json\/wp\/v2\/users\/5591"}],"replies":[{"embeddable":true,"href":"https:\/\/etab.ac-reunion.fr\/clg-fanny-desjardins\/wp-json\/wp\/v2\/comments?post=8145"}],"version-history":[{"count":11,"href":"https:\/\/etab.ac-reunion.fr\/clg-fanny-desjardins\/wp-json\/wp\/v2\/pages\/8145\/revisions"}],"predecessor-version":[{"id":10488,"href":"https:\/\/etab.ac-reunion.fr\/clg-fanny-desjardins\/wp-json\/wp\/v2\/pages\/8145\/revisions\/10488"}],"wp:attachment":[{"href":"https:\/\/etab.ac-reunion.fr\/clg-fanny-desjardins\/wp-json\/wp\/v2\/media?parent=8145"}],"curies":[{"name":"wp","href":"https:\/\/api.w.org\/{rel}","templated":true}]}}