{"id":1271,"date":"2014-09-01T12:26:46","date_gmt":"2014-09-01T08:26:46","guid":{"rendered":"https:\/\/portail.college-gastoncrochet.re\/wordpress\/?page_id=1189"},"modified":"2025-05-20T14:20:24","modified_gmt":"2025-05-20T11:20:24","slug":"linfirmerie","status":"publish","type":"page","link":"https:\/\/etab.ac-reunion.fr\/clg-gaston-crochet\/linfirmerie\/","title":{"rendered":"L&rsquo;infirmerie : Un lieu d\u2019accueil, d\u2019\u00e9coute et de pr\u00e9vention"},"content":{"rendered":"\n<h2 class=\"wp-block-heading has-accent-2-color has-text-color has-link-color has-large-font-size wp-elements-f323c7b90becb0740258c9d4d6cdc1be\"><strong>Notre r\u00f4le :<\/strong><\/h2>\n\n\n\n<p><\/p>\n\n\n\n<p class=\"has-large-font-size\">L\u2019infirmerie du coll\u00e8ge Gaston Crochet est un espace d\u00e9di\u00e9 \u00e0 la sant\u00e9 et au bien-\u00eatre des \u00e9l\u00e8ves. <\/p>\n\n\n\n<p class=\"has-large-font-size\">L\u2019infirmi\u00e8re scolaire, soumise au secret professionnel, y assure une pr\u00e9sence r\u00e9guli\u00e8re pour :<\/p>\n\n\n\n<ul class=\"wp-block-list\">\n<li class=\"has-large-font-size\"><strong>Promouvoir la sant\u00e9 physique et psychique<\/strong> des \u00e9l\u00e8ves, favorisant ainsi leur r\u00e9ussite scolaire.<\/li>\n\n\n\n<li class=\"has-large-font-size\"><strong>Assurer des soins<\/strong> en cas de besoin et appliquer les protocoles d\u2019urgence.<\/li>\n\n\n\n<li class=\"has-large-font-size\"><strong>Mettre en \u0153uvre des actions de pr\u00e9vention et d\u2019\u00e9ducation \u00e0 la sant\u00e9<\/strong>, telles que des campagnes de sensibilisation sur l\u2019hygi\u00e8ne, la nutrition ou la gestion du stress.<\/li>\n\n\n\n<li class=\"has-large-font-size\"><strong>Collaborer avec les familles et les \u00e9quipes \u00e9ducatives<\/strong> pour un accompagnement global des \u00e9l\u00e8ves.<\/li>\n<\/ul>\n\n\n\n<p class=\"has-large-font-size\">L\u2019infirmi\u00e8re reste \u00e0 l\u2019enti\u00e8re disposition des \u00e9l\u00e8ves et des familles.<\/p>\n\n\n\n<p class=\"has-accent-1-color has-text-color has-link-color has-large-font-size wp-elements-dee85cd32c20fc3ee863f0e982e1c042\"><b>REGLEMENT INFIRMERIE&nbsp; DU COLLEGE <\/b><\/p>\n\n\n\n<p class=\"has-accent-2-color has-text-color has-link-color has-large-font-size wp-elements-163b64725a3fd2bcebfe80d380ef476f\"><strong>1. Fonctionnement de l\u2019infirmerie.<\/strong><\/p>\n\n\n\n<p class=\"has-large-font-size\">Le service infirmier a pour vocation de permettre \u00e0 vos enfants la continuit\u00e9 de leur scolarisation dans les meilleurs conditions. Pourtant si votre enfant est malade \u00e0 la maison, il vous appartient de le (la) soigner.<\/p>\n\n\n\n<p class=\"has-large-font-size\">L\u2019acc\u00e8s \u00e0 l\u2019infirmerie est autoris\u00e9 toute la journ\u00e9e en cas de probl\u00e8me de sant\u00e9 majeur.<\/p>\n\n\n\n<p class=\"has-large-font-size\">Pour toutes les autres demandes (non urgentes), il est souhaitable de n\u2019y venir qu\u2019en dehors des cours.<\/p>\n\n\n\n<p class=\"has-large-font-size\">Les parents peuvent \u00eatre re\u00e7us \u00e0 leur demande chaque fois qu\u2019ils le souhaitent.<\/p>\n\n\n\n<p class=\"has-accent-2-color has-text-color has-link-color has-large-font-size wp-elements-2648bdf1ebbaf9b28b89cc48e4cb918e\"><strong>&nbsp;2. Les m\u00e9dicaments.<\/strong><\/p>\n\n\n\n<p class=\"has-large-font-size\">&nbsp;L\u2019administration \u00e0 l\u2019infirmerie d\u2019un traitement prescrit par un m\u00e9decin ne peut s\u2019effectuer que si l\u2019ordonnance (ou sa copie) est pr\u00e9sent\u00e9e en m\u00eame temps que le traitement \u00e0 prendre.<\/p>\n\n\n\n<p class=\"has-large-font-size\">Il est strictement interdit d\u2019introduire un m\u00e9dicament non prescrit dans l\u2019\u00e9tablissement. Tout m\u00e9dicament prescrit apport\u00e9 au coll\u00e8ge doit imm\u00e9diatement \u00eatre signal\u00e9 et enregistr\u00e9 \u00e0 l\u2019infirmerie. (NB&nbsp;: Seul le personnel infirmier a comp\u00e9tence pour assurer le suivi du traitement d\u2019un \u00e9l\u00e8ve. Si ce personnel est absent, votre enfant ne pourra avoir ou prendre son traitement dans le coll\u00e8ge).<\/p>\n\n\n\n<p class=\"has-accent-2-color has-text-color has-link-color has-large-font-size wp-elements-3943d0f5a931c54d5d27fe9e07b13882\">&nbsp;<strong>3. Les dispenses.<\/strong><\/p>\n\n\n\n<p class=\"has-large-font-size\">Si votre enfant a besoin d\u2019une dispense d\u2019activit\u00e9 d\u2019\u00c9ducation Physique et Sportive (E.P.S.), totale ou partielle, il faudra la demander \u00e0 votre m\u00e9decin traitant, fournir le justificatif \u00e0 l\u2019infirmi\u00e8re de pr\u00e9f\u00e9rence d\u00e8s l\u2019arriv\u00e9e au coll\u00e8ge.<\/p>\n\n\n\n<p class=\"has-large-font-size\">Les parents peuvent \u00e0 leur initiative <span style=\"text-decoration: underline\">demander<\/span> une dispense pour leur enfant. Celle-ci devra \u00eatre remise \u00e0 l\u2019infirmi\u00e8re qui pourra la valider.<\/p>\n\n\n\n<p class=\"has-large-font-size\">L\u2019infirmi\u00e8re peut aussi dispenser votre enfant ponctuellement d\u2019une activit\u00e9. Il sera n\u00e9anmoins demand\u00e9 un certificat m\u00e9dical si le probl\u00e8me persiste.<\/p>\n\n\n\n<p class=\"has-large-font-size\">Pour les coll\u00e9giennes qui ne souhaitent pas pratiquer d\u2019activit\u00e9s nautiques (piscine) lors de leur menstruation, bien qu\u2019il existe des moyens de protection adapt\u00e9e, une dispense leur sera de droit acquise. Elle sera enregistr\u00e9e comme les autres dispenses sur le carnet de liaison afin d\u2019\u00e9viter tout abus.<\/p>\n\n\n\n<p class=\"has-large-font-size\">Par ailleurs, il est souhaitable lors de ces p\u00e9riodes que vos enfants disposent en quantit\u00e9 suffisante de moyen de protection. (L\u2019infirmerie devant normalement n\u2019\u00eatre qu\u2019une solution de d\u00e9pannage).<\/p>\n\n\n\n<p class=\"has-accent-2-color has-text-color has-link-color has-large-font-size wp-elements-ced1bc90396924b9aa7e08fd67bf10e2\">&nbsp;<strong>4. Quelques conseils pratiques.<\/strong><\/p>\n\n\n\n<ul class=\"wp-block-list\">\n<li class=\"has-accent-1-color has-text-color has-link-color has-large-font-size wp-elements-351431983fdac27e0ac7edba92fd642f\"><strong>L\u2019alimentation<\/strong><\/li>\n<\/ul>\n\n\n\n<p class=\"has-large-font-size\">Le matin, votre enfant ne peut \u00eatre performant (et en bonne sant\u00e9) que s\u2019il mange correctement et suffisamment au petit-d\u00e9jeuner avant de venir au coll\u00e8ge.<\/p>\n\n\n\n<p class=\"has-large-font-size\">En journ\u00e9e, il est recommand\u00e9 de limiter les boissons sucr\u00e9es, les g\u00e2teaux sucr\u00e9s sal\u00e9s (chips) des go\u00fbters, des repas. La cantine scolaire vous est recommand\u00e9e pour le d\u00e9jeuner.<\/p>\n\n\n\n<ul class=\"wp-block-list\">\n<li class=\"has-accent-1-color has-text-color has-link-color has-large-font-size wp-elements-521b46ee46a303625fb401654a9cc840\"><strong>Le sommeil<\/strong><\/li>\n<\/ul>\n\n\n\n<p class=\"has-large-font-size\">La qualit\u00e9 du sommeil va aussi influer sur les capacit\u00e9s de votre enfant. Il ne doit pas se coucher tard.<\/p>\n\n\n\n<ul class=\"wp-block-list\">\n<li class=\"has-accent-1-color has-text-color has-link-color has-large-font-size wp-elements-1e85f529372e0f4a884f15a08dc70e00\">&nbsp;<strong>L\u2019 E.P.S.<\/strong><\/li>\n<\/ul>\n\n\n\n<p class=\"has-large-font-size\">Les activit\u00e9s EPS, il est recommand\u00e9 \u00e0 vos enfants d\u2019avoir, une tenue adapt\u00e9e r\u00e9serv\u00e9e uniquement \u00e0 cette pratique, une casquette, de l\u2019eau et des ongles courts. L\u2019utilisation d\u2019une cr\u00e8me solaire est recommand\u00e9e lors des activit\u00e9s de plein air.<\/p>\n\n\n\n<p class=\"has-accent-2-color has-text-color has-link-color has-large-font-size wp-elements-08f8ee2001549badb1c6a7b30e06e923\">5.<strong> Infos utiles<\/strong><\/p>\n\n\n\n<ul class=\"wp-block-list\">\n<li class=\"has-large-font-size\">Service d\u2019urgence&nbsp;: 15<\/li>\n\n\n\n<li class=\"has-large-font-size\">Contacts infirmerie : par t\u00e9l\u00e9phone en passant par le standard (0262 51 30 75)<\/li>\n\n\n\n<li class=\"has-large-font-size\">Pour plus d\u2019informations, vous pouvez consulter la page d\u00e9di\u00e9e : \ud83d\udd17 <a href=\"https:\/\/www.ac-reunion.fr\/sante-et-social-123311?utm_source=chatgpt.com\">Sant\u00e9 &amp; social<\/a><\/li>\n<\/ul>\n\n\n\n<p><b><i>&nbsp;<\/i><\/b><\/p>\n","protected":false},"excerpt":{"rendered":"<p>Notre r\u00f4le : L\u2019infirmerie du coll\u00e8ge Gaston Crochet est un espace d\u00e9di\u00e9 \u00e0 la sant\u00e9 et au bien-\u00eatre des \u00e9l\u00e8ves. L\u2019infirmi\u00e8re scolaire, soumise au secret professionnel, y assure une pr\u00e9sence r\u00e9guli\u00e8re pour : L\u2019infirmi\u00e8re reste \u00e0 l\u2019enti\u00e8re disposition des \u00e9l\u00e8ves et des familles. REGLEMENT INFIRMERIE&nbsp; DU COLLEGE 1. Fonctionnement de &hellip;<\/p>\n","protected":false},"author":2344,"featured_media":0,"parent":0,"menu_order":0,"comment_status":"closed","ping_status":"open","template":"","meta":{"footnotes":""},"class_list":["post-1271","page","type-page","status-publish","hentry"],"_links":{"self":[{"href":"https:\/\/etab.ac-reunion.fr\/clg-gaston-crochet\/wp-json\/wp\/v2\/pages\/1271","targetHints":{"allow":["GET"]}}],"collection":[{"href":"https:\/\/etab.ac-reunion.fr\/clg-gaston-crochet\/wp-json\/wp\/v2\/pages"}],"about":[{"href":"https:\/\/etab.ac-reunion.fr\/clg-gaston-crochet\/wp-json\/wp\/v2\/types\/page"}],"author":[{"embeddable":true,"href":"https:\/\/etab.ac-reunion.fr\/clg-gaston-crochet\/wp-json\/wp\/v2\/users\/2344"}],"replies":[{"embeddable":true,"href":"https:\/\/etab.ac-reunion.fr\/clg-gaston-crochet\/wp-json\/wp\/v2\/comments?post=1271"}],"version-history":[{"count":7,"href":"https:\/\/etab.ac-reunion.fr\/clg-gaston-crochet\/wp-json\/wp\/v2\/pages\/1271\/revisions"}],"predecessor-version":[{"id":3274,"href":"https:\/\/etab.ac-reunion.fr\/clg-gaston-crochet\/wp-json\/wp\/v2\/pages\/1271\/revisions\/3274"}],"wp:attachment":[{"href":"https:\/\/etab.ac-reunion.fr\/clg-gaston-crochet\/wp-json\/wp\/v2\/media?parent=1271"}],"curies":[{"name":"wp","href":"https:\/\/api.w.org\/{rel}","templated":true}]}}