{"id":2860,"date":"2025-04-15T16:03:26","date_gmt":"2025-04-15T13:03:26","guid":{"rendered":"https:\/\/etab.ac-reunion.fr\/clg-gaston-crochet\/?page_id=2860"},"modified":"2025-11-04T07:11:40","modified_gmt":"2025-11-04T04:11:40","slug":"accueil","status":"publish","type":"page","link":"https:\/\/etab.ac-reunion.fr\/clg-gaston-crochet\/","title":{"rendered":"Accueil"},"content":{"rendered":"\t\t<div id=\"serious-slider-35-rnd8051\" class=\"cryout-serious-slider seriousslider serious-slider-35-rnd8051 serious-slider-35 seriousslider-overlay1 seriousslider-light seriousslider-shadow-none seriousslider-responsive-legacy seriousslider-hidetitles-0 seriousslider-slide seriousslider-sizing2 seriousslider-aligncenter seriousslider-caption-animation-slide seriousslider-textstyle-textshadow\" data-ride=\"seriousslider\">\n\t\t\t<div class=\"seriousslider-inner\" role=\"listbox\">\n\n\t\t\t\n\t\t\t<div class=\"item slide-1 active\" role=\"option\">\n\t\t\t\t\t\t\t\t<a  >\n\t\t\t\t\t<img loading=\"lazy\" decoding=\"async\" class=\"item-image\" src=\"https:\/\/etab.ac-reunion.fr\/clg-gaston-crochet\/wp-content\/uploads\/sites\/97\/2025\/12\/facade-loge-1.jpeg\" alt=\"Les photos du coll\u00e8ge\" width=\"960\" height=\"400\">\n\t\t\t\t<\/a>\n\t\t\t\t\t\t\t\t\t\t\t\t<div class=\"seriousslider-caption\">\n\t\t\t\t\t<div class=\"seriousslider-caption-inside\">\n\t\t\t\t\t\t<div class=\"seriousslider-caption-title\"><span>Les photos du coll\u00e8ge<\/span><\/div>\t\t\t\t\t\t\t\t\t\t\t\t<div class=\"seriousslider-caption-buttons\">\n\t\t\t\t\t\t\t\t\t\t\t\t\t\t\t\t\t\t\t\t\t\t\t\t<a class=\"seriousslider-button\" href=\"https:\/\/etab.ac-reunion.fr\/clg-gaston-crochet\/les-photos-de-notre-college\/\" >Lire l&#039;article<\/a>\n\t\t\t\t\t\t\t\t\t\t\t\t\t\t\t\t\t\t\t\t\t\t\t\t\t\t\t\t\t\t\t\t\t\t\t\t<\/div>\n\t\t\t\t\t<\/div><!--seriousslider-caption-inside-->\n\t\t\t\t<\/div><!--seriousslider-caption-->\n\t\t\t\t\t\t\t\t<div class=\"seriousslider-hloader\"><\/div>\n\t\t\t\t<figure class=\"seriousslider-cloader\">\n\t\t\t\t\t<svg width=\"200\" height=\"200\">\n\t\t\t\t\t\t<circle cx=\"95\" cy=\"95\" r=\"20\" transform=\"rotate(-90, 95, 95)\"\/>\n\t\t\t\t\t<\/svg>\n\t\t\t  <\/figure>\n\t\t\t<\/div>\n\n\t\t\t\n\t\t\t<div class=\"item slide-2 \" role=\"option\">\n\t\t\t\t\t\t\t\t<a  >\n\t\t\t\t\t<img loading=\"lazy\" decoding=\"async\" class=\"item-image\" src=\"https:\/\/etab.ac-reunion.fr\/clg-gaston-crochet\/wp-content\/uploads\/sites\/97\/2025\/12\/entree-2.jpeg\" alt=\"Les photos du coll\u00e8ge\" width=\"960\" height=\"400\">\n\t\t\t\t<\/a>\n\t\t\t\t\t\t\t\t\t\t\t\t<div class=\"seriousslider-caption\">\n\t\t\t\t\t<div class=\"seriousslider-caption-inside\">\n\t\t\t\t\t\t<div class=\"seriousslider-caption-title\"><span>Les photos du coll\u00e8ge<\/span><\/div>\t\t\t\t\t\t\t\t\t\t\t\t<div class=\"seriousslider-caption-buttons\">\n\t\t\t\t\t\t\t\t\t\t\t\t\t\t\t\t\t\t\t\t\t\t\t\t<a class=\"seriousslider-button\" href=\"https:\/\/etab.ac-reunion.fr\/clg-gaston-crochet\/les-photos-de-notre-college\/\" >Lire l&#039;article<\/a>\n\t\t\t\t\t\t\t\t\t\t\t\t\t\t\t\t\t\t\t\t\t\t\t\t\t\t\t\t\t\t\t\t\t\t\t\t<\/div>\n\t\t\t\t\t<\/div><!--seriousslider-caption-inside-->\n\t\t\t\t<\/div><!--seriousslider-caption-->\n\t\t\t\t\t\t\t\t<div class=\"seriousslider-hloader\"><\/div>\n\t\t\t\t<figure class=\"seriousslider-cloader\">\n\t\t\t\t\t<svg width=\"200\" height=\"200\">\n\t\t\t\t\t\t<circle cx=\"95\" cy=\"95\" r=\"20\" transform=\"rotate(-90, 95, 95)\"\/>\n\t\t\t\t\t<\/svg>\n\t\t\t  <\/figure>\n\t\t\t<\/div>\n\n\t\t\t\n\t\t\t<div class=\"item slide-3 \" role=\"option\">\n\t\t\t\t\t\t\t\t<a  >\n\t\t\t\t\t<img loading=\"lazy\" decoding=\"async\" class=\"item-image\" src=\"https:\/\/etab.ac-reunion.fr\/clg-gaston-crochet\/wp-content\/uploads\/sites\/97\/2025\/12\/gymnase-interieur.jpeg\" alt=\"Les photos du coll\u00e8ge\" width=\"960\" height=\"400\">\n\t\t\t\t<\/a>\n\t\t\t\t\t\t\t\t\t\t\t\t<div class=\"seriousslider-caption\">\n\t\t\t\t\t<div class=\"seriousslider-caption-inside\">\n\t\t\t\t\t\t<div class=\"seriousslider-caption-title\"><span>Les photos du coll\u00e8ge<\/span><\/div>\t\t\t\t\t\t\t\t\t\t\t\t<div class=\"seriousslider-caption-buttons\">\n\t\t\t\t\t\t\t\t\t\t\t\t\t\t\t\t\t\t\t\t\t\t\t\t<a class=\"seriousslider-button\" href=\"https:\/\/etab.ac-reunion.fr\/clg-gaston-crochet\/les-photos-de-notre-college\/\" >Lire l&#039;article<\/a>\n\t\t\t\t\t\t\t\t\t\t\t\t\t\t\t\t\t\t\t\t\t\t\t\t\t\t\t\t\t\t\t\t\t\t\t\t<\/div>\n\t\t\t\t\t<\/div><!--seriousslider-caption-inside-->\n\t\t\t\t<\/div><!--seriousslider-caption-->\n\t\t\t\t\t\t\t\t<div class=\"seriousslider-hloader\"><\/div>\n\t\t\t\t<figure class=\"seriousslider-cloader\">\n\t\t\t\t\t<svg width=\"200\" height=\"200\">\n\t\t\t\t\t\t<circle cx=\"95\" cy=\"95\" r=\"20\" transform=\"rotate(-90, 95, 95)\"\/>\n\t\t\t\t\t<\/svg>\n\t\t\t  <\/figure>\n\t\t\t<\/div>\n\n\t\t\t\n\t\t\t<div class=\"item slide-4 \" role=\"option\">\n\t\t\t\t\t\t\t\t<a  >\n\t\t\t\t\t<img loading=\"lazy\" decoding=\"async\" class=\"item-image\" src=\"https:\/\/etab.ac-reunion.fr\/clg-gaston-crochet\/wp-content\/uploads\/sites\/97\/2025\/12\/8c0a6a3c-21f2-437f-91cb-55a179e24f26.jpg\" alt=\"Les photos du coll\u00e8ge\" width=\"960\" height=\"400\">\n\t\t\t\t<\/a>\n\t\t\t\t\t\t\t\t\t\t\t\t<div class=\"seriousslider-caption\">\n\t\t\t\t\t<div class=\"seriousslider-caption-inside\">\n\t\t\t\t\t\t<div class=\"seriousslider-caption-title\"><span>Les photos du coll\u00e8ge<\/span><\/div>\t\t\t\t\t\t\t\t\t\t\t\t<div class=\"seriousslider-caption-buttons\">\n\t\t\t\t\t\t\t\t\t\t\t\t\t\t\t\t\t\t\t\t\t\t\t\t<a class=\"seriousslider-button\" href=\"https:\/\/etab.ac-reunion.fr\/clg-gaston-crochet\/les-photos-de-notre-college\/\" >Lire l&#039;article<\/a>\n\t\t\t\t\t\t\t\t\t\t\t\t\t\t\t\t\t\t\t\t\t\t\t\t\t\t\t\t\t\t\t\t\t\t\t\t<\/div>\n\t\t\t\t\t<\/div><!--seriousslider-caption-inside-->\n\t\t\t\t<\/div><!--seriousslider-caption-->\n\t\t\t\t\t\t\t\t<div class=\"seriousslider-hloader\"><\/div>\n\t\t\t\t<figure class=\"seriousslider-cloader\">\n\t\t\t\t\t<svg width=\"200\" height=\"200\">\n\t\t\t\t\t\t<circle cx=\"95\" cy=\"95\" r=\"20\" transform=\"rotate(-90, 95, 95)\"\/>\n\t\t\t\t\t<\/svg>\n\t\t\t  <\/figure>\n\t\t\t<\/div>\n\n\t\t\t\n\t\t\t<div class=\"item slide-5 \" role=\"option\">\n\t\t\t\t\t\t\t\t<a  >\n\t\t\t\t\t<img loading=\"lazy\" decoding=\"async\" class=\"item-image\" src=\"https:\/\/etab.ac-reunion.fr\/clg-gaston-crochet\/wp-content\/uploads\/sites\/97\/2025\/12\/b850a6b5-6a96-448e-9209-fa64365ceb2a.jpg\" alt=\"Les photos du coll\u00e8ge\" width=\"960\" height=\"400\">\n\t\t\t\t<\/a>\n\t\t\t\t\t\t\t\t\t\t\t\t<div class=\"seriousslider-caption\">\n\t\t\t\t\t<div class=\"seriousslider-caption-inside\">\n\t\t\t\t\t\t<div class=\"seriousslider-caption-title\"><span>Les photos du coll\u00e8ge<\/span><\/div>\t\t\t\t\t\t\t\t\t\t\t\t<div class=\"seriousslider-caption-buttons\">\n\t\t\t\t\t\t\t\t\t\t\t\t\t\t\t\t\t\t\t\t\t\t\t\t<a class=\"seriousslider-button\" href=\"https:\/\/etab.ac-reunion.fr\/clg-gaston-crochet\/les-photos-de-notre-college\/\" >Lire l&#039;article<\/a>\n\t\t\t\t\t\t\t\t\t\t\t\t\t\t\t\t\t\t\t\t\t\t\t\t\t\t\t\t\t\t\t\t\t\t\t\t<\/div>\n\t\t\t\t\t<\/div><!--seriousslider-caption-inside-->\n\t\t\t\t<\/div><!--seriousslider-caption-->\n\t\t\t\t\t\t\t\t<div class=\"seriousslider-hloader\"><\/div>\n\t\t\t\t<figure class=\"seriousslider-cloader\">\n\t\t\t\t\t<svg width=\"200\" height=\"200\">\n\t\t\t\t\t\t<circle cx=\"95\" cy=\"95\" r=\"20\" transform=\"rotate(-90, 95, 95)\"\/>\n\t\t\t\t\t<\/svg>\n\t\t\t  <\/figure>\n\t\t\t<\/div>\n\n\t\t\t\n\t\t\t<div class=\"item slide-6 \" role=\"option\">\n\t\t\t\t\t\t\t\t<a  >\n\t\t\t\t\t<img loading=\"lazy\" decoding=\"async\" class=\"item-image\" src=\"https:\/\/etab.ac-reunion.fr\/clg-gaston-crochet\/wp-content\/uploads\/sites\/97\/2025\/09\/gayar-pikinik-accueil-scaled.png\" alt=\"Gayar Piknik\" width=\"960\" height=\"400\">\n\t\t\t\t<\/a>\n\t\t\t\t\t\t\t\t\t\t\t\t<div class=\"seriousslider-caption\">\n\t\t\t\t\t<div class=\"seriousslider-caption-inside\">\n\t\t\t\t\t\t<div class=\"seriousslider-caption-title\"><span>Gayar Piknik<\/span><\/div>\t\t\t\t\t\t\t\t\t\t\t\t<div class=\"seriousslider-caption-buttons\">\n\t\t\t\t\t\t\t\t\t\t\t\t\t\t\t\t\t\t\t\t\t\t\t\t<a class=\"seriousslider-button\" href=\"https:\/\/etab.ac-reunion.fr\/clg-gaston-crochet\/gayar-piknik-a-la-petite-plaine-dimanche-21-septembre-2025\/\" >Lire la suite<\/a>\n\t\t\t\t\t\t\t\t\t\t\t\t\t\t\t\t\t\t\t\t\t\t\t\t\t\t\t\t\t\t\t\t\t\t\t\t<\/div>\n\t\t\t\t\t<\/div><!--seriousslider-caption-inside-->\n\t\t\t\t<\/div><!--seriousslider-caption-->\n\t\t\t\t\t\t\t\t<div class=\"seriousslider-hloader\"><\/div>\n\t\t\t\t<figure class=\"seriousslider-cloader\">\n\t\t\t\t\t<svg width=\"200\" height=\"200\">\n\t\t\t\t\t\t<circle cx=\"95\" cy=\"95\" r=\"20\" transform=\"rotate(-90, 95, 95)\"\/>\n\t\t\t\t\t<\/svg>\n\t\t\t  <\/figure>\n\t\t\t<\/div>\n\n\t\t\t\n\t\t\t<div class=\"item slide-7 \" role=\"option\">\n\t\t\t\t\t\t\t\t<a  >\n\t\t\t\t\t<img loading=\"lazy\" decoding=\"async\" class=\"item-image\" src=\"https:\/\/etab.ac-reunion.fr\/clg-gaston-crochet\/wp-content\/uploads\/sites\/97\/2025\/08\/AS.png\" alt=\"Rejoins l&rsquo;association sportive du coll\u00e8ge !\" width=\"960\" height=\"400\">\n\t\t\t\t<\/a>\n\t\t\t\t\t\t\t\t\t\t\t\t<div class=\"seriousslider-caption\">\n\t\t\t\t\t<div class=\"seriousslider-caption-inside\">\n\t\t\t\t\t\t<div class=\"seriousslider-caption-title\"><span>Rejoins l&rsquo;association sportive du coll\u00e8ge !<\/span><\/div>\t\t\t\t\t\t\t\t\t\t\t\t<div class=\"seriousslider-caption-buttons\">\n\t\t\t\t\t\t\t\t\t\t\t\t\t\t\t\t\t\t\t\t\t\t\t\t<a class=\"seriousslider-button\" href=\"https:\/\/etab.ac-reunion.fr\/clg-gaston-crochet\/rejoins-lassociation-sportive-du-college\/\" >Lire la suite<\/a>\n\t\t\t\t\t\t\t\t\t\t\t\t\t\t\t\t\t\t\t\t\t\t\t\t\t\t\t\t\t\t\t\t\t\t\t\t<\/div>\n\t\t\t\t\t<\/div><!--seriousslider-caption-inside-->\n\t\t\t\t<\/div><!--seriousslider-caption-->\n\t\t\t\t\t\t\t\t<div class=\"seriousslider-hloader\"><\/div>\n\t\t\t\t<figure class=\"seriousslider-cloader\">\n\t\t\t\t\t<svg width=\"200\" height=\"200\">\n\t\t\t\t\t\t<circle cx=\"95\" cy=\"95\" r=\"20\" transform=\"rotate(-90, 95, 95)\"\/>\n\t\t\t\t\t<\/svg>\n\t\t\t  <\/figure>\n\t\t\t<\/div>\n\n\t\t\t\n\t\t\t<div class=\"item slide-8 \" role=\"option\">\n\t\t\t\t\t\t\t\t<a  >\n\t\t\t\t\t<img loading=\"lazy\" decoding=\"async\" class=\"item-image\" src=\"https:\/\/etab.ac-reunion.fr\/clg-gaston-crochet\/wp-content\/uploads\/sites\/97\/2025\/04\/p1-1.png\" alt=\"Le potager scolaire\" width=\"960\" height=\"400\">\n\t\t\t\t<\/a>\n\t\t\t\t\t\t\t\t\t\t\t\t<div class=\"seriousslider-caption\">\n\t\t\t\t\t<div class=\"seriousslider-caption-inside\">\n\t\t\t\t\t\t<div class=\"seriousslider-caption-title\"><span>Le potager scolaire<\/span><\/div>\t\t\t\t\t\t<div class=\"seriousslider-caption-text\">Les \u00e9l\u00e8ves de la classe ULIS se sont lanc\u00e9s dans un projet passionnant : cr\u00e9er leur propre potager scolaire.<\/div>\t\t\t\t\t\t<div class=\"seriousslider-caption-buttons\">\n\t\t\t\t\t\t\t\t\t\t\t\t\t\t\t\t\t\t\t\t\t\t\t\t<a class=\"seriousslider-button\" href=\"https:\/\/etab.ac-reunion.fr\/clg-gaston-crochet\/projet-le-potager-scolaire\/\" >Lire la suite<\/a>\n\t\t\t\t\t\t\t\t\t\t\t\t\t\t\t\t\t\t\t\t\t\t\t\t\t\t\t\t\t\t\t\t\t\t\t\t<\/div>\n\t\t\t\t\t<\/div><!--seriousslider-caption-inside-->\n\t\t\t\t<\/div><!--seriousslider-caption-->\n\t\t\t\t\t\t\t\t<div class=\"seriousslider-hloader\"><\/div>\n\t\t\t\t<figure class=\"seriousslider-cloader\">\n\t\t\t\t\t<svg width=\"200\" height=\"200\">\n\t\t\t\t\t\t<circle cx=\"95\" cy=\"95\" r=\"20\" transform=\"rotate(-90, 95, 95)\"\/>\n\t\t\t\t\t<\/svg>\n\t\t\t  <\/figure>\n\t\t\t<\/div>\n\n\t\t\t\n\t\t\t<div class=\"item slide-9 \" role=\"option\">\n\t\t\t\t\t\t\t\t<a  >\n\t\t\t\t\t<img loading=\"lazy\" decoding=\"async\" class=\"item-image\" src=\"https:\/\/etab.ac-reunion.fr\/clg-gaston-crochet\/wp-content\/uploads\/sites\/97\/2025\/04\/Capture-decran-2025-04-25-a-02.34.11.png\" alt=\"Raid acad\u00e9mique\" width=\"960\" height=\"400\">\n\t\t\t\t<\/a>\n\t\t\t\t\t\t\t\t\t\t\t\t<div class=\"seriousslider-caption\">\n\t\t\t\t\t<div class=\"seriousslider-caption-inside\">\n\t\t\t\t\t\t<div class=\"seriousslider-caption-title\"><span>Raid acad\u00e9mique<\/span><\/div>\t\t\t\t\t\t<div class=\"seriousslider-caption-text\"><p>Deux jours intenses qui permettront aux \u00e9l\u00e8ves de ne jamais oublier que l&rsquo;effort est aussi important que le r\u00e9sultat.<\/p>\n<\/div>\t\t\t\t\t\t<div class=\"seriousslider-caption-buttons\">\n\t\t\t\t\t\t\t\t\t\t\t\t\t\t\t\t\t\t\t\t\t\t\t\t<a class=\"seriousslider-button\" href=\"https:\/\/etab.ac-reunion.fr\/clg-gaston-crochet\/raid-academique-25-et-26-mars-2025\/\" >Voir plus<\/a>\n\t\t\t\t\t\t\t\t\t\t\t\t\t\t\t\t\t\t\t\t\t\t\t\t\t\t\t\t\t\t\t\t\t\t\t\t<\/div>\n\t\t\t\t\t<\/div><!--seriousslider-caption-inside-->\n\t\t\t\t<\/div><!--seriousslider-caption-->\n\t\t\t\t\t\t\t\t<div class=\"seriousslider-hloader\"><\/div>\n\t\t\t\t<figure class=\"seriousslider-cloader\">\n\t\t\t\t\t<svg width=\"200\" height=\"200\">\n\t\t\t\t\t\t<circle cx=\"95\" cy=\"95\" r=\"20\" transform=\"rotate(-90, 95, 95)\"\/>\n\t\t\t\t\t<\/svg>\n\t\t\t  <\/figure>\n\t\t\t<\/div>\n\n\t\t\t\t\t\t<\/div>\n\n\t\t\t<div class=\"seriousslider-indicators\">\n\t\t\t\t<ol class=\"seriousslider-indicators-inside\">\n\t\t\t\t\t\t\t\t\t\t<li data-target=\"#serious-slider-35\" data-slide-to=\"0\" class=\"active\"><\/li>\n\t\t\t\t\t\t\t\t\t\t<li data-target=\"#serious-slider-35\" data-slide-to=\"1\" ><\/li>\n\t\t\t\t\t\t\t\t\t\t<li data-target=\"#serious-slider-35\" data-slide-to=\"2\" ><\/li>\n\t\t\t\t\t\t\t\t\t\t<li data-target=\"#serious-slider-35\" data-slide-to=\"3\" ><\/li>\n\t\t\t\t\t\t\t\t\t\t<li data-target=\"#serious-slider-35\" data-slide-to=\"4\" ><\/li>\n\t\t\t\t\t\t\t\t\t\t<li data-target=\"#serious-slider-35\" data-slide-to=\"5\" ><\/li>\n\t\t\t\t\t\t\t\t\t\t<li data-target=\"#serious-slider-35\" data-slide-to=\"6\" ><\/li>\n\t\t\t\t\t\t\t\t\t\t<li data-target=\"#serious-slider-35\" data-slide-to=\"7\" ><\/li>\n\t\t\t\t\t\t\t\t\t\t<li data-target=\"#serious-slider-35\" data-slide-to=\"8\" ><\/li>\n\t\t\t\t\t\t\t\t\t<\/ol>\n\t\t\t<\/div>\n\n\t\t\t<button class=\"left seriousslider-control\" data-target=\"#serious-slider-35-rnd8051\" role=\"button\" data-slide=\"prev\">\n\t\t\t  <span class=\"sicon-prev control-arrow\" aria-hidden=\"true\"><\/span>\n\t\t\t  <span class=\"sr-only\">Previous Slide<\/span>\n\t\t\t<\/button>\n\t\t\t<button class=\"right seriousslider-control\" data-target=\"#serious-slider-35-rnd8051\" role=\"button\" data-slide=\"next\">\n\t\t\t  <span class=\"sicon-next control-arrow\" aria-hidden=\"true\"><\/span>\n\t\t\t  <span class=\"sr-only\">Next Slide<\/span>\n\t\t\t<\/button>\n\t\t<\/div>\n\t\t\n\n\n\n<div class=\"wp-block-group is-content-justification-center is-nowrap is-layout-flex wp-container-core-group-is-layout-94bc23d7 wp-block-group-is-layout-flex\">\n<div class=\"wp-block-buttons is-layout-flex wp-block-buttons-is-layout-flex\">\n<div class=\"wp-block-button\"><a class=\"wp-block-button__link wp-element-button\" href=\"https:\/\/etab.ac-reunion.fr\/clg-gaston-crochet\/category\/actualites\/\">Les actualit\u00e9s<\/a><\/div>\n<\/div>\n\n\n\n<div style=\"height:100px;width:100px\" aria-hidden=\"true\" class=\"wp-block-spacer wp-container-content-6388d5dc\"><\/div>\n\n\n\n<div class=\"wp-block-buttons is-layout-flex wp-block-buttons-is-layout-flex\">\n<div class=\"wp-block-button\"><a class=\"wp-block-button__link wp-element-button\" href=\"https:\/\/etab.ac-reunion.fr\/clg-gaston-crochet\/informations-pratiques\/\">Les informations pratiques<\/a><\/div>\n<\/div>\n\n\n\n<div style=\"height:100px;width:100px\" aria-hidden=\"true\" class=\"wp-block-spacer wp-container-content-6388d5dc\"><\/div>\n\n\n\n<div class=\"wp-block-buttons is-layout-flex wp-block-buttons-is-layout-flex\">\n<div class=\"wp-block-button\"><a class=\"wp-block-button__link wp-element-button\" href=\"https:\/\/etab.ac-reunion.fr\/clg-gaston-crochet\/contacts-2\/\">Nous contacter<\/a><\/div>\n<\/div>\n<\/div>\n\n\n\n<p class=\"has-accent-2-color has-text-color has-link-color has-large-font-size wp-elements-99df2055fcfd268ca10a88dd613b1077\">Le coll\u00e8ge Gaston Crochet accueille pr\u00e8s de 480 \u00e9l\u00e8ves r\u00e9partis en 21 divisions, dans le cadre d\u2019un <strong>R\u00e9seau d\u2019\u00c9ducation Prioritaire<\/strong>. Situ\u00e9 \u00e0 La Plaine des Palmistes, notre \u00e9tablissement \u0153uvre pour la r\u00e9ussite de tous les \u00e9l\u00e8ves, en tenant compte des r\u00e9alit\u00e9s sociales et g\u00e9ographiques de notre territoire.<\/p>\n\n\n\n<p class=\"has-accent-1-color has-text-color has-link-color has-large-font-size wp-elements-e57febac6ee2c14c2e9b7339787578fe\">Engag\u00e9s dans une <strong>ambition collective<\/strong>, nous portons <strong>6 labels<\/strong> :<\/p>\n\n\n\n<ul class=\"wp-block-list\">\n<li class=\"has-accent-1-color has-text-color has-link-color has-large-font-size wp-elements-f6fc2fadb368434f0391689013d672ea\"><strong>\u00c9galit\u00e9 Filles-Gar\u00e7ons (EFG)<\/strong> \u2013 niveau 1 : Valorise l\u2019engagement en faveur de l\u2019\u00e9galit\u00e9 filles\u2011gar\u00e7ons \u00e0 l\u2019\u00e9cole.<\/li>\n\n\n\n<li class=\"has-accent-1-color has-text-color has-link-color has-large-font-size wp-elements-4e36d496e1917f77ce26585b67a1db85\"><strong>PHARE <\/strong>\u2013 niveau 2 : Label national contre le harc\u00e8lement scolaire, reconnu pour nos actions concr\u00e8tes.<\/li>\n\n\n\n<li class=\"has-accent-1-color has-text-color has-link-color has-large-font-size wp-elements-e42f7d233471f5488bdca264a505b82d\"><strong>\u00c9tablissement en d\u00e9marche de d\u00e9veloppement durable (E3D)<\/strong> : Int\u00e8gre le d\u00e9veloppement durable dans les enseignements, la gestion et les projets du coll\u00e8ge.<\/li>\n\n\n\n<li class=\"has-accent-1-color has-text-color has-link-color has-large-font-size wp-elements-724cdafbca56705125a35f2aaf5f045c\"><strong>Labellisation TERRITOIRE 3D <\/strong>: Labellisation pour la coop\u00e9ration entre le coll\u00e8ge et les \u00e9coles du territoire dans une d\u00e9marche durable.<\/li>\n\n\n\n<li class=\"has-accent-1-color has-text-color has-link-color has-large-font-size wp-elements-d6c53b1289279253478db50409ebf0cf\"><strong>Etablissement-relais Porte du Parc <\/strong>: Mobilisation autour de la biodiversit\u00e9 en partenariat avec la Maison du Parc National et les ruchers p\u00e9dagogiques.<\/li>\n\n\n\n<li class=\"has-accent-1-color has-text-color has-link-color has-large-font-size wp-elements-7e0292527a1b16038f964638462edc60\"><strong>Etablissement Aire Terrestre Educative<\/strong> (ATE) : Gestion participative d\u2019un espace naturel par les \u00e9l\u00e8ves, un v\u00e9ritable terrain de projet \u00e9cologique.<\/li>\n<\/ul>\n\n\n\n<p class=\"has-accent-2-color has-text-color has-link-color has-large-font-size wp-elements-6b615e23be20baa1604adcb97cc995ef\">En ao\u00fbt 2025, l\u2019ouverture du <strong>nouveau coll\u00e8ge<\/strong> nous offre un cadre plus adapt\u00e9, plus moderne, plus propice aux apprentissages.<\/p>\n\n\n\n<p><\/p>\n\n\n\n<p><\/p>\n","protected":false},"excerpt":{"rendered":"<p>Le coll\u00e8ge Gaston Crochet accueille pr\u00e8s de 480 \u00e9l\u00e8ves r\u00e9partis en 21 divisions, dans le cadre d\u2019un R\u00e9seau d\u2019\u00c9ducation Prioritaire. Situ\u00e9 \u00e0 La Plaine des Palmistes, notre \u00e9tablissement \u0153uvre pour la r\u00e9ussite de tous les \u00e9l\u00e8ves, en tenant compte des r\u00e9alit\u00e9s sociales et g\u00e9ographiques de notre territoire. Engag\u00e9s dans une &hellip;<\/p>\n","protected":false},"author":14734,"featured_media":0,"parent":0,"menu_order":0,"comment_status":"closed","ping_status":"closed","template":"","meta":{"footnotes":""},"class_list":["post-2860","page","type-page","status-publish","hentry"],"_links":{"self":[{"href":"https:\/\/etab.ac-reunion.fr\/clg-gaston-crochet\/wp-json\/wp\/v2\/pages\/2860","targetHints":{"allow":["GET"]}}],"collection":[{"href":"https:\/\/etab.ac-reunion.fr\/clg-gaston-crochet\/wp-json\/wp\/v2\/pages"}],"about":[{"href":"https:\/\/etab.ac-reunion.fr\/clg-gaston-crochet\/wp-json\/wp\/v2\/types\/page"}],"author":[{"embeddable":true,"href":"https:\/\/etab.ac-reunion.fr\/clg-gaston-crochet\/wp-json\/wp\/v2\/users\/14734"}],"replies":[{"embeddable":true,"href":"https:\/\/etab.ac-reunion.fr\/clg-gaston-crochet\/wp-json\/wp\/v2\/comments?post=2860"}],"version-history":[{"count":23,"href":"https:\/\/etab.ac-reunion.fr\/clg-gaston-crochet\/wp-json\/wp\/v2\/pages\/2860\/revisions"}],"predecessor-version":[{"id":3696,"href":"https:\/\/etab.ac-reunion.fr\/clg-gaston-crochet\/wp-json\/wp\/v2\/pages\/2860\/revisions\/3696"}],"wp:attachment":[{"href":"https:\/\/etab.ac-reunion.fr\/clg-gaston-crochet\/wp-json\/wp\/v2\/media?parent=2860"}],"curies":[{"name":"wp","href":"https:\/\/api.w.org\/{rel}","templated":true}]}}