{"id":2868,"date":"2025-04-15T16:07:41","date_gmt":"2025-04-15T13:07:41","guid":{"rendered":"https:\/\/etab.ac-reunion.fr\/clg-gaston-crochet\/?page_id=2868"},"modified":"2025-04-29T15:09:41","modified_gmt":"2025-04-29T12:09:41","slug":"vie-scolaire-2","status":"publish","type":"page","link":"https:\/\/etab.ac-reunion.fr\/clg-gaston-crochet\/vie-scolaire-2\/","title":{"rendered":"Vie scolaire : Un accompagnement pour chaque \u00e9l\u00e8ve"},"content":{"rendered":"\n<p class=\"has-large-font-size\">Le coll\u00e8ge Gaston Crochet accorde une attention particuli\u00e8re aux \u00e9l\u00e8ves en difficult\u00e9 scolaire ou sociale, pour qu\u2019aucun ne reste sans solution.<\/p>\n\n\n\n<p class=\"has-accent-2-color has-text-color has-link-color has-large-font-size wp-elements-662319c35c90e37d584b1696f9f22123\">\ud83d\udd39 <strong>\u00c9l\u00e8ves \u00e0 besoins \u00e9ducatifs particuliers (EBEP)<\/strong><br>Les \u00e9l\u00e8ves peuvent b\u00e9n\u00e9ficier d\u2019un accompagnement sp\u00e9cifique via les dispositifs :<\/p>\n\n\n\n<ul class=\"wp-block-list\">\n<li class=\"has-accent-2-color has-text-color has-link-color has-large-font-size wp-elements-c84e21f77886e1b949a0242e0757bb8a\"><strong>PPRE<\/strong> (programme personnalis\u00e9 de r\u00e9ussite \u00e9ducative)<\/li>\n\n\n\n<li class=\"has-accent-2-color has-text-color has-link-color has-large-font-size wp-elements-f7b23dd6d4f57735d059f1ddc5cee984\"><strong>PAP<\/strong> (plan d\u2019accompagnement personnalis\u00e9)<\/li>\n\n\n\n<li class=\"has-accent-2-color has-text-color has-link-color has-large-font-size wp-elements-21f8265be937b735759dfa105469c0a5\"><strong>PPS<\/strong> (projet personnalis\u00e9 de scolarisation)<\/li>\n\n\n\n<li class=\"has-accent-2-color has-text-color has-link-color has-large-font-size wp-elements-7709567ba34c50b868d62db00575c1ec\"><strong>PAI<\/strong> (projet d\u2019accueil individualis\u00e9)<\/li>\n<\/ul>\n\n\n\n<p class=\"has-accent-1-color has-text-color has-link-color has-large-font-size wp-elements-8b8342a749568a2e5d83da5e4e8d8c1f\">\ud83d\udd39 <strong>AESH (Accompagnants d\u2019\u00e9l\u00e8ves en situation de handicap)<\/strong><br>Ils interviennent en classe, en coordination avec les enseignants, pour favoriser l\u2019autonomie et l\u2019inclusion des \u00e9l\u00e8ves.<\/p>\n\n\n\n<p class=\"has-large-font-size\">\ud83d\udd39 <strong>Pr\u00e9vention du d\u00e9crochage scolaire<\/strong><br>Deux CPE r\u00e9f\u00e9rents, en lien avec le service social, la direction, le PsyEN et l\u2019infirmi\u00e8re, pilotent un <strong>Groupe de pr\u00e9vention du d\u00e9crochage scolaire (GPDS)<\/strong> qui agit d\u00e8s les premiers signes de fragilit\u00e9.<\/p>\n\n\n\n<p class=\"has-large-font-size\">Toute la communaut\u00e9 \u00e9ducative est mobilis\u00e9e pour garantir un parcours scolaire s\u00e9curis\u00e9 et valorisant \u00e0 chaque jeune.<\/p>\n","protected":false},"excerpt":{"rendered":"<p>Le coll\u00e8ge Gaston Crochet accorde une attention particuli\u00e8re aux \u00e9l\u00e8ves en difficult\u00e9 scolaire ou sociale, pour qu\u2019aucun ne reste sans solution. \ud83d\udd39 \u00c9l\u00e8ves \u00e0 besoins \u00e9ducatifs particuliers (EBEP)Les \u00e9l\u00e8ves peuvent b\u00e9n\u00e9ficier d\u2019un accompagnement sp\u00e9cifique via les dispositifs : \ud83d\udd39 AESH (Accompagnants d\u2019\u00e9l\u00e8ves en situation de handicap)Ils interviennent en classe, en &hellip;<\/p>\n","protected":false},"author":14734,"featured_media":0,"parent":0,"menu_order":0,"comment_status":"closed","ping_status":"closed","template":"","meta":{"footnotes":""},"class_list":["post-2868","page","type-page","status-publish","hentry"],"_links":{"self":[{"href":"https:\/\/etab.ac-reunion.fr\/clg-gaston-crochet\/wp-json\/wp\/v2\/pages\/2868","targetHints":{"allow":["GET"]}}],"collection":[{"href":"https:\/\/etab.ac-reunion.fr\/clg-gaston-crochet\/wp-json\/wp\/v2\/pages"}],"about":[{"href":"https:\/\/etab.ac-reunion.fr\/clg-gaston-crochet\/wp-json\/wp\/v2\/types\/page"}],"author":[{"embeddable":true,"href":"https:\/\/etab.ac-reunion.fr\/clg-gaston-crochet\/wp-json\/wp\/v2\/users\/14734"}],"replies":[{"embeddable":true,"href":"https:\/\/etab.ac-reunion.fr\/clg-gaston-crochet\/wp-json\/wp\/v2\/comments?post=2868"}],"version-history":[{"count":3,"href":"https:\/\/etab.ac-reunion.fr\/clg-gaston-crochet\/wp-json\/wp\/v2\/pages\/2868\/revisions"}],"predecessor-version":[{"id":3215,"href":"https:\/\/etab.ac-reunion.fr\/clg-gaston-crochet\/wp-json\/wp\/v2\/pages\/2868\/revisions\/3215"}],"wp:attachment":[{"href":"https:\/\/etab.ac-reunion.fr\/clg-gaston-crochet\/wp-json\/wp\/v2\/media?parent=2868"}],"curies":[{"name":"wp","href":"https:\/\/api.w.org\/{rel}","templated":true}]}}