{"id":2894,"date":"2025-04-15T17:58:38","date_gmt":"2025-04-15T14:58:38","guid":{"rendered":"https:\/\/etab.ac-reunion.fr\/clg-gaston-crochet\/?page_id=2894"},"modified":"2025-08-13T15:45:47","modified_gmt":"2025-08-13T12:45:47","slug":"informations-pratiques","status":"publish","type":"page","link":"https:\/\/etab.ac-reunion.fr\/clg-gaston-crochet\/informations-pratiques\/","title":{"rendered":"Informations pratiques ORGANISATION DE LA RENTREE 2025"},"content":{"rendered":"\n<p class=\"has-accent-2-color has-text-color has-link-color has-large-font-size wp-elements-cf02c5b329f7b29933aa45c192579dc3\"><strong>RENTREE ECHELONNEE A PARTIR DU 11 AOUT :<\/strong><\/p>\n\n\n\n<figure class=\"wp-block-image size-full\"><img loading=\"lazy\" decoding=\"async\" width=\"870\" height=\"387\" src=\"https:\/\/etab.ac-reunion.fr\/clg-gaston-crochet\/wp-content\/uploads\/sites\/97\/2025\/08\/organisation-de-la-rentree-2025-1.png\" alt=\"\" class=\"wp-image-3620\" srcset=\"https:\/\/etab.ac-reunion.fr\/clg-gaston-crochet\/wp-content\/uploads\/sites\/97\/2025\/08\/organisation-de-la-rentree-2025-1.png 870w, https:\/\/etab.ac-reunion.fr\/clg-gaston-crochet\/wp-content\/uploads\/sites\/97\/2025\/08\/organisation-de-la-rentree-2025-1-300x133.png 300w, https:\/\/etab.ac-reunion.fr\/clg-gaston-crochet\/wp-content\/uploads\/sites\/97\/2025\/08\/organisation-de-la-rentree-2025-1-768x342.png 768w, https:\/\/etab.ac-reunion.fr\/clg-gaston-crochet\/wp-content\/uploads\/sites\/97\/2025\/08\/organisation-de-la-rentree-2025-1-450x200.png 450w\" sizes=\"auto, (max-width: 870px) 100vw, 870px\" \/><\/figure>\n\n\n\n<p class=\"has-accent-1-color has-text-color has-link-color has-large-font-size wp-elements-0719d88b8271aadc4f8f71d91a977db2\">A partir du jeudi 21 ao\u00fbt, les emplois du temps fonctionnent normalement et de fa\u00e7on provisoire jusqu\u2019\u00e0 la version d\u00e9finitive distribu\u00e9e, au plus tard le 2 septembre.<\/p>\n","protected":false},"excerpt":{"rendered":"<p>RENTREE ECHELONNEE A PARTIR DU 11 AOUT : A partir du jeudi 21 ao\u00fbt, les emplois du temps fonctionnent normalement et de fa\u00e7on provisoire jusqu\u2019\u00e0 la version d\u00e9finitive distribu\u00e9e, au plus tard le 2 septembre.<\/p>\n","protected":false},"author":14734,"featured_media":0,"parent":0,"menu_order":0,"comment_status":"closed","ping_status":"closed","template":"","meta":{"footnotes":""},"class_list":["post-2894","page","type-page","status-publish","hentry"],"_links":{"self":[{"href":"https:\/\/etab.ac-reunion.fr\/clg-gaston-crochet\/wp-json\/wp\/v2\/pages\/2894","targetHints":{"allow":["GET"]}}],"collection":[{"href":"https:\/\/etab.ac-reunion.fr\/clg-gaston-crochet\/wp-json\/wp\/v2\/pages"}],"about":[{"href":"https:\/\/etab.ac-reunion.fr\/clg-gaston-crochet\/wp-json\/wp\/v2\/types\/page"}],"author":[{"embeddable":true,"href":"https:\/\/etab.ac-reunion.fr\/clg-gaston-crochet\/wp-json\/wp\/v2\/users\/14734"}],"replies":[{"embeddable":true,"href":"https:\/\/etab.ac-reunion.fr\/clg-gaston-crochet\/wp-json\/wp\/v2\/comments?post=2894"}],"version-history":[{"count":2,"href":"https:\/\/etab.ac-reunion.fr\/clg-gaston-crochet\/wp-json\/wp\/v2\/pages\/2894\/revisions"}],"predecessor-version":[{"id":3621,"href":"https:\/\/etab.ac-reunion.fr\/clg-gaston-crochet\/wp-json\/wp\/v2\/pages\/2894\/revisions\/3621"}],"wp:attachment":[{"href":"https:\/\/etab.ac-reunion.fr\/clg-gaston-crochet\/wp-json\/wp\/v2\/media?parent=2894"}],"curies":[{"name":"wp","href":"https:\/\/api.w.org\/{rel}","templated":true}]}}