{"id":2896,"date":"2025-04-15T18:06:20","date_gmt":"2025-04-15T15:06:20","guid":{"rendered":"https:\/\/etab.ac-reunion.fr\/clg-gaston-crochet\/?page_id=2896"},"modified":"2025-05-22T14:16:37","modified_gmt":"2025-05-22T11:16:37","slug":"contacts-2","status":"publish","type":"page","link":"https:\/\/etab.ac-reunion.fr\/clg-gaston-crochet\/contacts-2\/","title":{"rendered":"Contacts"},"content":{"rendered":"\n<div style=\"padding: 1.5em;background-color: #f9f9f9;border-left: 5px solid #3A8A3D;border-radius: 8px;font-family: Arial, sans-serif\">\n  <h2 style=\"color: #3A8A3D;margin-top: 0\">\ud83d\udcde Contacts du coll\u00e8ge Gaston Crochet<\/h2>\n  \n  <p><strong style=\"color: #EF6C22\">Adresse postale :<\/strong><br>\n  Coll\u00e8ge Gaston Crochet<br>\n  97431 La Plaine des Palmistes<br>\n  Acad\u00e9mie de La R\u00e9union<\/p>\n\n  <p><strong style=\"color: #EF6C22\">T\u00e9l\u00e9phone standard :<\/strong><br>\n  <a href=\"tel:+262262513075\" style=\"color: #3A8A3D;text-decoration: none\">0262 51 30 75<\/a><br>\n  (Appels redirig\u00e9s par l&rsquo;agent d&rsquo;accueil selon votre demande)<\/p>\n\n  <p><strong style=\"color: #EF6C22\">Mails utiles :<\/strong><br>\n  \ud83d\udce7 <a href=\"mailto:ce.9740037x@ac-reunion.fr\" style=\"color: #3A8A3D\">ce.9740037x@ac-reunion.fr<\/a> \u2014 Secr\u00e9tariat de direction<br>\n  \ud83d\udce7 <a href=\"mailto:gestion.9740037x@ac-reunion.fr\" style=\"color: #3A8A3D\">gestion.9740037x@ac-reunion.fr<\/a> \u2014 Service de gestion<\/p>\n<\/div>\n <p><strong style=\"color: #EF6C22\">Page Facebook :<\/strong><br>\n\n\n\n<div class=\"wp-block-buttons is-layout-flex wp-block-buttons-is-layout-flex\">\n<div class=\"wp-block-button\"><a class=\"wp-block-button__link wp-element-button\" href=\"https:\/\/www.facebook.com\/profile.php?id=61551748066336\">https:\/\/www.facebook.com\/profile.php?id=61551748066336<\/a><\/div>\n<\/div>\n\n\n<div class=\"is-default-size wp-block-site-logo\"><a href=\"https:\/\/etab.ac-reunion.fr\/clg-gaston-crochet\/\" class=\"custom-logo-link\" rel=\"home\"><img decoding=\"async\"   src=\"https:\/\/etab.ac-reunion.fr\/clg-gaston-crochet\/wp-content\/uploads\/sites\/97\/2025\/04\/cropped-Logo-avec-Republique-Francaise-scaled-1.jpg\" class=\"custom-logo\" alt=\"Coll\u00e8ge Gaston Crochet\" srcset=\"https:\/\/etab.ac-reunion.fr\/clg-gaston-crochet\/wp-content\/uploads\/sites\/97\/2025\/04\/cropped-Logo-avec-Republique-Francaise-scaled-1.jpg 2560w, https:\/\/etab.ac-reunion.fr\/clg-gaston-crochet\/wp-content\/uploads\/sites\/97\/2025\/04\/cropped-Logo-avec-Republique-Francaise-scaled-1-300x141.jpg 300w, https:\/\/etab.ac-reunion.fr\/clg-gaston-crochet\/wp-content\/uploads\/sites\/97\/2025\/04\/cropped-Logo-avec-Republique-Francaise-scaled-1-1024x481.jpg 1024w, https:\/\/etab.ac-reunion.fr\/clg-gaston-crochet\/wp-content\/uploads\/sites\/97\/2025\/04\/cropped-Logo-avec-Republique-Francaise-scaled-1-768x361.jpg 768w, https:\/\/etab.ac-reunion.fr\/clg-gaston-crochet\/wp-content\/uploads\/sites\/97\/2025\/04\/cropped-Logo-avec-Republique-Francaise-scaled-1-1536x721.jpg 1536w, https:\/\/etab.ac-reunion.fr\/clg-gaston-crochet\/wp-content\/uploads\/sites\/97\/2025\/04\/cropped-Logo-avec-Republique-Francaise-scaled-1-2048x962.jpg 2048w\" sizes=\"(max-width: 2560px) 100vw, 2560px\" \/><\/a><\/div>","protected":false},"excerpt":{"rendered":"<p>\ud83d\udcde Contacts du coll\u00e8ge Gaston Crochet Adresse postale : Coll\u00e8ge Gaston Crochet 97431 La Plaine des Palmistes Acad\u00e9mie de La R\u00e9union T\u00e9l\u00e9phone standard : 0262 51 30 75 (Appels redirig\u00e9s par l&rsquo;agent d&rsquo;accueil selon votre demande) Mails utiles : \ud83d\udce7 ce.9740037x@ac-reunion.fr \u2014 Secr\u00e9tariat de direction \ud83d\udce7 gestion.9740037x@ac-reunion.fr \u2014 Service de &hellip;<\/p>\n","protected":false},"author":14734,"featured_media":0,"parent":0,"menu_order":0,"comment_status":"closed","ping_status":"closed","template":"","meta":{"footnotes":""},"class_list":["post-2896","page","type-page","status-publish","hentry"],"_links":{"self":[{"href":"https:\/\/etab.ac-reunion.fr\/clg-gaston-crochet\/wp-json\/wp\/v2\/pages\/2896","targetHints":{"allow":["GET"]}}],"collection":[{"href":"https:\/\/etab.ac-reunion.fr\/clg-gaston-crochet\/wp-json\/wp\/v2\/pages"}],"about":[{"href":"https:\/\/etab.ac-reunion.fr\/clg-gaston-crochet\/wp-json\/wp\/v2\/types\/page"}],"author":[{"embeddable":true,"href":"https:\/\/etab.ac-reunion.fr\/clg-gaston-crochet\/wp-json\/wp\/v2\/users\/14734"}],"replies":[{"embeddable":true,"href":"https:\/\/etab.ac-reunion.fr\/clg-gaston-crochet\/wp-json\/wp\/v2\/comments?post=2896"}],"version-history":[{"count":13,"href":"https:\/\/etab.ac-reunion.fr\/clg-gaston-crochet\/wp-json\/wp\/v2\/pages\/2896\/revisions"}],"predecessor-version":[{"id":3398,"href":"https:\/\/etab.ac-reunion.fr\/clg-gaston-crochet\/wp-json\/wp\/v2\/pages\/2896\/revisions\/3398"}],"wp:attachment":[{"href":"https:\/\/etab.ac-reunion.fr\/clg-gaston-crochet\/wp-json\/wp\/v2\/media?parent=2896"}],"curies":[{"name":"wp","href":"https:\/\/api.w.org\/{rel}","templated":true}]}}