{"id":2901,"date":"2025-04-15T18:13:48","date_gmt":"2025-04-15T15:13:48","guid":{"rendered":"https:\/\/etab.ac-reunion.fr\/clg-gaston-crochet\/?page_id=2901"},"modified":"2025-12-25T16:37:44","modified_gmt":"2025-12-25T13:37:44","slug":"le-reglement-interieur","status":"publish","type":"page","link":"https:\/\/etab.ac-reunion.fr\/clg-gaston-crochet\/le-reglement-interieur\/","title":{"rendered":"Le r\u00e8glement int\u00e9rieur"},"content":{"rendered":"\n<p class=\"has-large-font-size\">Le r\u00e8glement int\u00e9rieur du coll\u00e8ge Gaston Crochet d\u00e9finit les droits et les devoirs de tous les membres de la communaut\u00e9 scolaire. Il vise \u00e0 garantir un cadre propice \u00e0 l\u2019apprentissage, au respect mutuel et \u00e0 la s\u00e9curit\u00e9 de chacun. Il pr\u00e9cise les r\u00e8gles de vie collective, les conditions de travail, les principes de la la\u00efcit\u00e9, ainsi que les mesures de responsabilisation et les sanctions applicables.<\/p>\n\n\n\n<p class=\"has-large-font-size\">\ud83d\udce5 <strong>T\u00e9l\u00e9charger le r\u00e8glement int\u00e9rieur 2025 :<\/strong><br>\ud83d\udc49 <a>Cliquez ici pour consulter le document au format PDF<\/a> <strong>en cliquant sur la fl\u00e8che (vers le bas) positionn\u00e9e \u00e0 droite du bandeau noir ci-dessous, juste avant l&rsquo;image de l&rsquo;imprimante<\/strong><\/p>\n\n\n\n<div class=\"wp-block-file\"><a id=\"wp-block-file--media-1f955601-f9d2-4888-bca6-b27399b8fc84\" href=\"https:\/\/etab.ac-reunion.fr\/clg-gaston-crochet\/wp-content\/uploads\/sites\/97\/2025\/05\/reglement-interieur-2025.pdf\">reglement inte\u0301rieur 2025<\/a><a href=\"https:\/\/etab.ac-reunion.fr\/clg-gaston-crochet\/wp-content\/uploads\/sites\/97\/2025\/05\/reglement-interieur-2025.pdf\" class=\"wp-block-file__button wp-element-button\" download aria-describedby=\"wp-block-file--media-1f955601-f9d2-4888-bca6-b27399b8fc84\">T\u00e9l\u00e9charger<\/a><\/div>\n\n\n<a href=\"https:\/\/etab.ac-reunion.fr\/clg-gaston-crochet\/wp-content\/uploads\/sites\/97\/2025\/05\/reglement-interieur-2025.pdf\" class=\"pdfemb-viewer\" style=\"\" data-width=\"max\" data-height=\"max\" data-toolbar=\"top\" data-toolbar-fixed=\"off\">reglement-interieur-2025<\/a>","protected":false},"excerpt":{"rendered":"<p>Le r\u00e8glement int\u00e9rieur du coll\u00e8ge Gaston Crochet d\u00e9finit les droits et les devoirs de tous les membres de la communaut\u00e9 scolaire. Il vise \u00e0 garantir un cadre propice \u00e0 l\u2019apprentissage, au respect mutuel et \u00e0 la s\u00e9curit\u00e9 de chacun. Il pr\u00e9cise les r\u00e8gles de vie collective, les conditions de travail, &hellip;<\/p>\n","protected":false},"author":14734,"featured_media":0,"parent":0,"menu_order":0,"comment_status":"closed","ping_status":"closed","template":"","meta":{"footnotes":""},"class_list":["post-2901","page","type-page","status-publish","hentry"],"_links":{"self":[{"href":"https:\/\/etab.ac-reunion.fr\/clg-gaston-crochet\/wp-json\/wp\/v2\/pages\/2901","targetHints":{"allow":["GET"]}}],"collection":[{"href":"https:\/\/etab.ac-reunion.fr\/clg-gaston-crochet\/wp-json\/wp\/v2\/pages"}],"about":[{"href":"https:\/\/etab.ac-reunion.fr\/clg-gaston-crochet\/wp-json\/wp\/v2\/types\/page"}],"author":[{"embeddable":true,"href":"https:\/\/etab.ac-reunion.fr\/clg-gaston-crochet\/wp-json\/wp\/v2\/users\/14734"}],"replies":[{"embeddable":true,"href":"https:\/\/etab.ac-reunion.fr\/clg-gaston-crochet\/wp-json\/wp\/v2\/comments?post=2901"}],"version-history":[{"count":5,"href":"https:\/\/etab.ac-reunion.fr\/clg-gaston-crochet\/wp-json\/wp\/v2\/pages\/2901\/revisions"}],"predecessor-version":[{"id":3886,"href":"https:\/\/etab.ac-reunion.fr\/clg-gaston-crochet\/wp-json\/wp\/v2\/pages\/2901\/revisions\/3886"}],"wp:attachment":[{"href":"https:\/\/etab.ac-reunion.fr\/clg-gaston-crochet\/wp-json\/wp\/v2\/media?parent=2901"}],"curies":[{"name":"wp","href":"https:\/\/api.w.org\/{rel}","templated":true}]}}