{"id":2911,"date":"2025-04-15T18:26:12","date_gmt":"2025-04-15T15:26:12","guid":{"rendered":"https:\/\/etab.ac-reunion.fr\/clg-gaston-crochet\/?page_id=2911"},"modified":"2025-05-22T16:09:30","modified_gmt":"2025-05-22T13:09:30","slug":"les-procedures","status":"publish","type":"page","link":"https:\/\/etab.ac-reunion.fr\/clg-gaston-crochet\/les-procedures\/","title":{"rendered":"Les lyc\u00e9es : consulter les sites internet des lyc\u00e9es environnants"},"content":{"rendered":"\n<div style=\"font-family: Arial, sans-serif;padding: 1em;background-color: #f9f9f9;border-left: 5px solid #3A8A3D;border-radius: 8px\">\n\n  <h2 style=\"color: #3A8A3D\">\ud83c\udf93 Les lyc\u00e9es du secteur<\/h2>\n  <p>Voici une s\u00e9lection de lyc\u00e9es accessibles aux \u00e9l\u00e8ves apr\u00e8s la 3e, pour vous aider dans vos choix d\u2019orientation :<\/p>\n\n  <ul style=\"list-style-type: none;padding-left: 0\">\n    <li style=\"margin-bottom: 1em\">\n      <strong style=\"color: #EF6C22\">Lyc\u00e9e Jean-Claude Fruteau \u2013 Saint-Beno\u00eet (Lyc\u00e9e de secteur)<\/strong><br>\n      \ud83d\udccd 76 rue Joseph Hubert, 97470 Saint-Beno\u00eet<br>\n      \u260e\ufe0f 0262 50 82 00<br>\n      \ud83c\udf10 <a href=\"https:\/\/etab.ac-reunion.fr\/lyc-amiral-bouvet\/\" target=\"_blank\" style=\"color: #3A8A3D\">Site officiel<\/a>\n    <\/li>\n\n    <li style=\"margin-bottom: 1em\">\n      <strong style=\"color: #EF6C22\">Lyc\u00e9e Nelson Mandela \u2013 Saint-Beno\u00eet<\/strong><br>\n      \ud83d\udccd 69 chemin Pinguet, 97470 Saint-Beno\u00eet<br>\n      \u260e\ufe0f 0262 92 96 81<br>\n      \ud83c\udf10 <a href=\"https:\/\/lycee-mandela.fr\/\" target=\"_blank\" style=\"color: #3A8A3D\">Site officiel<\/a>\n    <\/li>\n\n    <li style=\"margin-bottom: 1em\">\n      <strong style=\"color: #EF6C22\">Lyc\u00e9e Marie Curie \u2013 Saint-Beno\u00eet<\/strong><br>\n      \ud83d\udccd 81 rue Roger Dijoux, 97437 Saint-Beno\u00eet<br>\n      \u260e\ufe0f 0262 94 46 46<br>\n      \ud83c\udf10 <a href=\"https:\/\/etab.ac-reunion.fr\/lyc-marie-curie\/\" target=\"_blank\" style=\"color: #3A8A3D\">Site officiel<\/a>\n    <\/li>\n\n    <li style=\"margin-bottom: 1em\">\n      <strong style=\"color: #EF6C22\">Lyc\u00e9e Paul Moreau \u2013 Bras-Panon<\/strong><br>\n      \ud83d\udccd 51 chemin Bras Panon, 97412 Bras-Panon<br>\n      \u260e\ufe0f 0262 51 61 61<br>\n      \ud83c\udf10 <a href=\"https:\/\/etab.ac-reunion.fr\/lyc-paul-moreau\/\" target=\"_blank\" style=\"color: #3A8A3D\">Site officiel<\/a>\n    <\/li>\n\n    <li style=\"margin-bottom: 1em\">\n      <strong style=\"color: #EF6C22\">Lyc\u00e9e professionnel Jean Perrin \u2013 Saint-Andr\u00e9<\/strong><br>\n      \ud83d\udccd Rue du Lyc\u00e9e, 97440 Saint-Andr\u00e9<br>\n      \u260e\ufe0f 0262 58 84 40<br>\n      \ud83c\udf10 <a href=\"https:\/\/etab.ac-reunion.fr\/lyc-jean-perrin\/\" target=\"_blank\" style=\"color: #3A8A3D\">Site officiel<\/a>\n    <\/li>\n\n    <li style=\"margin-bottom: 1em\">\n      <strong style=\"color: #EF6C22\">Lyc\u00e9e Bel Air \u2013 Sainte-Suzanne<\/strong><br>\n      \ud83d\udccd 2 rue du Lyc\u00e9e, 97441 Sainte-Suzanne<br>\n      \u260e\ufe0f 0262 98 05 19<br>\n      \ud83c\udf10 <a href=\"https:\/\/etab.ac-reunion.fr\/lyc-bel-air\/\" target=\"_blank\" style=\"color: #3A8A3D\">Site officiel<\/a>\n    <\/li>\n\n    <li style=\"margin-bottom: 1em\">\n      <strong style=\"color: #EF6C22\">Lyc\u00e9e Roland Garros \u2013 Le Tampon<\/strong><br>\n      \ud83d\udccd 26 rue Jules Bertaut, 97430 Le Tampon<br>\n      \u260e\ufe0f 0262 57 95 00<br>\n      \ud83c\udf10 <a href=\"https:\/\/etab.ac-reunion.fr\/lyc-roland-garros\/\" target=\"_blank\" style=\"color: #3A8A3D\">Site officiel<\/a>\n    <\/li>\n  <\/ul>\n\n  <h3 style=\"color: #3A8A3D\">\n\n<\/div>\n\n","protected":false},"excerpt":{"rendered":"<p>\ud83c\udf93 Les lyc\u00e9es du secteur Voici une s\u00e9lection de lyc\u00e9es accessibles aux \u00e9l\u00e8ves apr\u00e8s la 3e, pour vous aider dans vos choix d\u2019orientation : Lyc\u00e9e Jean-Claude Fruteau \u2013 Saint-Beno\u00eet (Lyc\u00e9e de secteur) \ud83d\udccd 76 rue Joseph Hubert, 97470 Saint-Beno\u00eet \u260e\ufe0f 0262 50 82 00 \ud83c\udf10 Site officiel Lyc\u00e9e Nelson Mandela &hellip;<\/p>\n","protected":false},"author":14734,"featured_media":0,"parent":0,"menu_order":0,"comment_status":"closed","ping_status":"closed","template":"","meta":{"footnotes":""},"class_list":["post-2911","page","type-page","status-publish","hentry"],"_links":{"self":[{"href":"https:\/\/etab.ac-reunion.fr\/clg-gaston-crochet\/wp-json\/wp\/v2\/pages\/2911","targetHints":{"allow":["GET"]}}],"collection":[{"href":"https:\/\/etab.ac-reunion.fr\/clg-gaston-crochet\/wp-json\/wp\/v2\/pages"}],"about":[{"href":"https:\/\/etab.ac-reunion.fr\/clg-gaston-crochet\/wp-json\/wp\/v2\/types\/page"}],"author":[{"embeddable":true,"href":"https:\/\/etab.ac-reunion.fr\/clg-gaston-crochet\/wp-json\/wp\/v2\/users\/14734"}],"replies":[{"embeddable":true,"href":"https:\/\/etab.ac-reunion.fr\/clg-gaston-crochet\/wp-json\/wp\/v2\/comments?post=2911"}],"version-history":[{"count":4,"href":"https:\/\/etab.ac-reunion.fr\/clg-gaston-crochet\/wp-json\/wp\/v2\/pages\/2911\/revisions"}],"predecessor-version":[{"id":3408,"href":"https:\/\/etab.ac-reunion.fr\/clg-gaston-crochet\/wp-json\/wp\/v2\/pages\/2911\/revisions\/3408"}],"wp:attachment":[{"href":"https:\/\/etab.ac-reunion.fr\/clg-gaston-crochet\/wp-json\/wp\/v2\/media?parent=2911"}],"curies":[{"name":"wp","href":"https:\/\/api.w.org\/{rel}","templated":true}]}}