{"id":2919,"date":"2025-04-15T18:30:08","date_gmt":"2025-04-15T15:30:08","guid":{"rendered":"https:\/\/etab.ac-reunion.fr\/clg-gaston-crochet\/?page_id=2919"},"modified":"2025-05-22T12:01:53","modified_gmt":"2025-05-22T09:01:53","slug":"la-pedagogie","status":"publish","type":"page","link":"https:\/\/etab.ac-reunion.fr\/clg-gaston-crochet\/la-pedagogie\/","title":{"rendered":"La p\u00e9dagogie :  Parcours et dispositifs"},"content":{"rendered":"\n<p class=\"has-large-font-size\"><strong>Des parcours pour accompagner chaque \u00e9l\u00e8ve vers la r\u00e9ussite <\/strong><\/p>\n\n\n\n<p class=\"has-headings-color has-text-color has-link-color has-large-font-size wp-elements-a69ec341a1cbfc8565f3add6317b067e\">Le coll\u00e8ge Gaston Crochet propose plusieurs parcours et dispositifs adapt\u00e9s aux besoins et aux ambitions de ses \u00e9l\u00e8ves :<\/p>\n\n\n\n<p class=\"has-accent-2-color has-text-color has-link-color has-large-font-size wp-elements-d67e5b3b275c036dc553268d328f8d54\"><strong> Dispositifs inclusifs et de rem\u00e9diation<\/strong><\/p>\n\n\n\n<ul class=\"wp-block-list\">\n<li class=\"has-accent-2-color has-text-color has-link-color has-large-font-size wp-elements-2706aecd9be25062b622c3c96b2499f7\">ULIS (Unit\u00e9 Localis\u00e9e pour l\u2019Inclusion Scolaire)<\/li>\n\n\n\n<li class=\"has-accent-2-color has-text-color has-link-color has-large-font-size wp-elements-200f9b09bb6d375053993091c71c95f1\">Pr\u00e9pa-M\u00e9tiers pour les \u00e9l\u00e8ves de 3e<\/li>\n\n\n\n<li class=\"has-accent-2-color has-text-color has-link-color has-large-font-size wp-elements-c5523418129aea50320c40d7a5be5010\">Groupes de besoins (6\u00e8 et 5\u00e8) en fran\u00e7ais et math\u00e9matiques dans le cadre du <em>Choc des savoirs<\/em><\/li>\n<\/ul>\n\n\n\n<p class=\"has-accent-1-color has-text-color has-link-color has-large-font-size wp-elements-a9ccd69cc2d2f23e9c723692475e26f8\"><strong>Parcours d&rsquo;excellence et d\u2019ouverture<\/strong><\/p>\n\n\n\n<ul class=\"wp-block-list\">\n<li class=\"has-accent-1-color has-text-color has-link-color has-large-font-size wp-elements-d55103dae06d6c17b2036e5d549917d5\">Enseignement du <strong>latin<\/strong> d\u00e8s la 5e<\/li>\n\n\n\n<li class=\"has-accent-1-color has-text-color has-link-color has-large-font-size wp-elements-2c5e749a5a94bb231763a6777dc8cbfa\">Parcours <strong>bilangue anglais-allemand<\/strong> &amp; <strong>anglais-espagnol<\/strong><\/li>\n\n\n\n<li class=\"has-accent-1-color has-text-color has-link-color has-large-font-size wp-elements-3a58d490d7c62181c2c7576a2b0fa7ed\">Actions autour de la culture, des sciences et de la citoyennet\u00e9<\/li>\n<\/ul>\n\n\n\n<p class=\"has-large-font-size\"><strong>Evaluations et comp\u00e9tences num\u00e9riques<\/strong><\/p>\n\n\n\n<p class=\"has-large-font-size\">Le coll\u00e8ge Gaston Crochet adopte une d\u00e9marche d\u2019\u00e9valuation bienveillante et exigeante, centr\u00e9e sur les progr\u00e8s et l\u2019acquisition des comp\u00e9tences.<\/p>\n\n\n\n<p class=\"has-accent-2-color has-text-color has-link-color has-large-font-size wp-elements-184028869d32e7e033b43deb803cfe32\"><strong>\u00c9valuations nationales<\/strong><br>Des \u00e9valuations standardis\u00e9es sont organis\u00e9es en fran\u00e7ais et en math\u00e9matiques :<\/p>\n\n\n\n<ul class=\"wp-block-list\">\n<li class=\"has-accent-2-color has-text-color has-link-color has-large-font-size wp-elements-58fe3f2666adb1a1cac02ccd2e585c7b\">\u00c0 l\u2019entr\u00e9e en 6e (septembre)<\/li>\n\n\n\n<li class=\"has-accent-2-color has-text-color has-link-color has-large-font-size wp-elements-c77dbfc594a46731b5fe4358230eb6f4\">\u00c0 l\u2019entr\u00e9e en 4e (septembre)<br>Elles permettent de mieux identifier les besoins et d\u2019ajuster les enseignements.<\/li>\n<\/ul>\n\n\n\n<p class=\"has-accent-1-color has-text-color has-link-color has-large-font-size wp-elements-5ccc13a62e3e1c6a8a155e8c65c0a3ec\"><strong>Une \u00e9valuation qui valorise les efforts<\/strong><\/p>\n\n\n\n<ul class=\"wp-block-list\">\n<li class=\"has-accent-1-color has-text-color has-link-color has-large-font-size wp-elements-ef8f64b11ab3259c92fbf0f235b2258a\">Les bulletins scolaires font appara\u00eetre les acquis, les axes de progr\u00e8s et les comp\u00e9tences \u00e0 consolider.<\/li>\n\n\n\n<li class=\"has-accent-1-color has-text-color has-link-color has-large-font-size wp-elements-62007312cf8613d9d0a59c557e7fbd3f\">L\u2019\u00e9valuation peut inclure des bar\u00e8mes diff\u00e9renci\u00e9s, des appr\u00e9ciations constructives et des crit\u00e8res clairs.<\/li>\n<\/ul>\n\n\n\n<p class=\"has-large-font-size\"><strong>PIX \u2013 Certification num\u00e9rique en 3e<\/strong><br>Tous les \u00e9l\u00e8ves de 3e passent une certification sur la plateforme <strong>PIX<\/strong>, qui \u00e9value :<\/p>\n\n\n\n<ul class=\"wp-block-list\">\n<li class=\"has-large-font-size\">La culture num\u00e9rique (Usages du num\u00e9rique int\u00e9gr\u00e9s aux pratiques p\u00e9dagogiques)<\/li>\n\n\n\n<li class=\"has-large-font-size\">La s\u00e9curit\u00e9 en ligne<\/li>\n\n\n\n<li class=\"has-large-font-size\">La production de contenus<\/li>\n\n\n\n<li class=\"has-large-font-size\">La r\u00e9solution de probl\u00e8mes<\/li>\n\n\n\n<li class=\"has-large-font-size\">La communication num\u00e9rique<\/li>\n<\/ul>\n\n\n\n<p class=\"has-large-font-size\">PIX est aussi utilis\u00e9 en amont, tout au long du cycle 4, pour permettre aux \u00e9l\u00e8ves de s\u2019entra\u00eener via des parcours personnalis\u00e9s. L\u2019\u00e9quipe \u00e9ducative veille \u00e0 une <strong>p\u00e9dagogie diff\u00e9renci\u00e9e<\/strong>, <strong>inclusive et coop\u00e9rative<\/strong>, afin que chaque \u00e9l\u00e8ve puisse progresser \u00e0 son rythme et exprimer son potentiel.<\/p>\n","protected":false},"excerpt":{"rendered":"<p>Des parcours pour accompagner chaque \u00e9l\u00e8ve vers la r\u00e9ussite Le coll\u00e8ge Gaston Crochet propose plusieurs parcours et dispositifs adapt\u00e9s aux besoins et aux ambitions de ses \u00e9l\u00e8ves : Dispositifs inclusifs et de rem\u00e9diation Parcours d&rsquo;excellence et d\u2019ouverture Evaluations et comp\u00e9tences num\u00e9riques Le coll\u00e8ge Gaston Crochet adopte une d\u00e9marche d\u2019\u00e9valuation bienveillante &hellip;<\/p>\n","protected":false},"author":14734,"featured_media":0,"parent":0,"menu_order":0,"comment_status":"closed","ping_status":"closed","template":"","meta":{"footnotes":""},"class_list":["post-2919","page","type-page","status-publish","hentry"],"_links":{"self":[{"href":"https:\/\/etab.ac-reunion.fr\/clg-gaston-crochet\/wp-json\/wp\/v2\/pages\/2919","targetHints":{"allow":["GET"]}}],"collection":[{"href":"https:\/\/etab.ac-reunion.fr\/clg-gaston-crochet\/wp-json\/wp\/v2\/pages"}],"about":[{"href":"https:\/\/etab.ac-reunion.fr\/clg-gaston-crochet\/wp-json\/wp\/v2\/types\/page"}],"author":[{"embeddable":true,"href":"https:\/\/etab.ac-reunion.fr\/clg-gaston-crochet\/wp-json\/wp\/v2\/users\/14734"}],"replies":[{"embeddable":true,"href":"https:\/\/etab.ac-reunion.fr\/clg-gaston-crochet\/wp-json\/wp\/v2\/comments?post=2919"}],"version-history":[{"count":6,"href":"https:\/\/etab.ac-reunion.fr\/clg-gaston-crochet\/wp-json\/wp\/v2\/pages\/2919\/revisions"}],"predecessor-version":[{"id":3375,"href":"https:\/\/etab.ac-reunion.fr\/clg-gaston-crochet\/wp-json\/wp\/v2\/pages\/2919\/revisions\/3375"}],"wp:attachment":[{"href":"https:\/\/etab.ac-reunion.fr\/clg-gaston-crochet\/wp-json\/wp\/v2\/media?parent=2919"}],"curies":[{"name":"wp","href":"https:\/\/api.w.org\/{rel}","templated":true}]}}