{"id":2921,"date":"2025-04-15T18:30:30","date_gmt":"2025-04-15T15:30:30","guid":{"rendered":"https:\/\/etab.ac-reunion.fr\/clg-gaston-crochet\/?page_id=2921"},"modified":"2025-07-03T15:25:00","modified_gmt":"2025-07-03T12:25:00","slug":"la-culture","status":"publish","type":"page","link":"https:\/\/etab.ac-reunion.fr\/clg-gaston-crochet\/la-culture\/","title":{"rendered":"Une ouverture sur le monde"},"content":{"rendered":"\n<p class=\"has-accent-2-color has-text-color has-link-color has-large-font-size wp-elements-81c912e42930f705eaaa06d73a1410c2\"><strong>Un coll\u00e8ge engag\u00e9 dans une dynamique culturelle plurielle<\/strong><\/p>\n\n\n\n<p class=\"has-large-font-size\">Au coll\u00e8ge Gaston Crochet, la culture est au c\u0153ur de notre projet \u00e9ducatif. Elle se d\u00e9cline sous de multiples formes : litt\u00e9raire, scientifique, artistique, musicale, sportive, environnementale\u2026 Autant de domaines qui permettent \u00e0 nos \u00e9l\u00e8ves de s&rsquo;\u00e9panouir, de d\u00e9velopper leur curiosit\u00e9 et de construire leur citoyennet\u00e9.<\/p>\n\n\n\n<p class=\"has-accent-1-color has-text-color has-link-color has-large-font-size wp-elements-301f96cc3a4b8dbf5087029c58f52261\">\ud83d\udd17 Pour suivre nos actualit\u00e9s culturelles :<\/p>\n\n\n\n<p class=\"has-accent-1-color has-text-color has-link-color has-large-font-size wp-elements-93ec75b3d38c24251ddfd890b6c8d7c3\">Retrouvez toutes nos initiatives et \u00e9v\u00e9nements culturels sur notre page Facebook officielle :<br>\ud83d\udc49 <a href=\"https:\/\/www.facebook.com\/profile.php?id=61551748066336\">Coll\u00e8ge Gaston Crochet \u2013 Facebook<\/a><\/p>\n\n\n\n<p class=\"has-large-font-size\"><\/p>\n\n\n\n<p><\/p>\n","protected":false},"excerpt":{"rendered":"<p>Un coll\u00e8ge engag\u00e9 dans une dynamique culturelle plurielle Au coll\u00e8ge Gaston Crochet, la culture est au c\u0153ur de notre projet \u00e9ducatif. Elle se d\u00e9cline sous de multiples formes : litt\u00e9raire, scientifique, artistique, musicale, sportive, environnementale\u2026 Autant de domaines qui permettent \u00e0 nos \u00e9l\u00e8ves de s&rsquo;\u00e9panouir, de d\u00e9velopper leur curiosit\u00e9 et &hellip;<\/p>\n","protected":false},"author":14734,"featured_media":0,"parent":0,"menu_order":0,"comment_status":"closed","ping_status":"closed","template":"","meta":{"footnotes":""},"class_list":["post-2921","page","type-page","status-publish","hentry"],"_links":{"self":[{"href":"https:\/\/etab.ac-reunion.fr\/clg-gaston-crochet\/wp-json\/wp\/v2\/pages\/2921","targetHints":{"allow":["GET"]}}],"collection":[{"href":"https:\/\/etab.ac-reunion.fr\/clg-gaston-crochet\/wp-json\/wp\/v2\/pages"}],"about":[{"href":"https:\/\/etab.ac-reunion.fr\/clg-gaston-crochet\/wp-json\/wp\/v2\/types\/page"}],"author":[{"embeddable":true,"href":"https:\/\/etab.ac-reunion.fr\/clg-gaston-crochet\/wp-json\/wp\/v2\/users\/14734"}],"replies":[{"embeddable":true,"href":"https:\/\/etab.ac-reunion.fr\/clg-gaston-crochet\/wp-json\/wp\/v2\/comments?post=2921"}],"version-history":[{"count":4,"href":"https:\/\/etab.ac-reunion.fr\/clg-gaston-crochet\/wp-json\/wp\/v2\/pages\/2921\/revisions"}],"predecessor-version":[{"id":3466,"href":"https:\/\/etab.ac-reunion.fr\/clg-gaston-crochet\/wp-json\/wp\/v2\/pages\/2921\/revisions\/3466"}],"wp:attachment":[{"href":"https:\/\/etab.ac-reunion.fr\/clg-gaston-crochet\/wp-json\/wp\/v2\/media?parent=2921"}],"curies":[{"name":"wp","href":"https:\/\/api.w.org\/{rel}","templated":true}]}}