{"id":2929,"date":"2025-04-15T18:34:09","date_gmt":"2025-04-15T15:34:09","guid":{"rendered":"https:\/\/etab.ac-reunion.fr\/clg-gaston-crochet\/?page_id=2929"},"modified":"2025-05-20T15:18:46","modified_gmt":"2025-05-20T12:18:46","slug":"bourse","status":"publish","type":"page","link":"https:\/\/etab.ac-reunion.fr\/clg-gaston-crochet\/bourse\/","title":{"rendered":"Bourse"},"content":{"rendered":"\n<p class=\"has-accent-2-color has-text-color has-link-color has-large-font-size wp-elements-1d0d48b25c76bae68eeba7273be8f3f6\"><strong>Demander une bourse scolaire<\/strong><\/p>\n\n\n\n<p class=\"has-large-font-size\">Les familles peuvent faire une <strong>demande de bourse des coll\u00e8ges<\/strong> en d\u00e9but d\u2019ann\u00e9e scolaire. Elle est attribu\u00e9e sous conditions de ressources, et permet de r\u00e9duire les frais li\u00e9s \u00e0 la scolarit\u00e9 (restauration, fournitures, sorties\u2026).<\/p>\n\n\n\n<p class=\"has-large-font-size\">\ud83d\udd39 <strong>Comment faire la demande ?<\/strong><\/p>\n\n\n\n<ul class=\"wp-block-list\">\n<li class=\"has-large-font-size\">La demande s\u2019effectue <strong>en ligne<\/strong> sur le portail Scolarit\u00e9 Services : <a href=\"https:\/\/educonnect.education.gouv.fr\">educonnect.education.gouv.fr<\/a><\/li>\n\n\n\n<li class=\"has-large-font-size\">Une version <strong>papier<\/strong> est disponible au secr\u00e9tariat du coll\u00e8ge pour les familles sans acc\u00e8s num\u00e9rique.<\/li>\n<\/ul>\n\n\n\n<p class=\"has-large-font-size\">\ud83d\udd39 <strong>Pi\u00e8ces \u00e0 fournir :<\/strong><\/p>\n\n\n\n<ul class=\"wp-block-list\">\n<li class=\"has-large-font-size\">Avis d\u2019imposition N-1<\/li>\n\n\n\n<li class=\"has-large-font-size\">Justificatif de domicile<\/li>\n\n\n\n<li class=\"has-large-font-size\">Livret de famille <\/li>\n<\/ul>\n\n\n\n<p class=\"has-large-font-size\">\ud83d\udd39 <strong>Calendrier :<\/strong><br>La campagne de demande s\u2019ouvre g\u00e9n\u00e9ralement <strong>entre septembre et octobre<\/strong>. Les familles sont inform\u00e9es via Pronote.<\/p>\n\n\n\n<p class=\"has-large-font-size\">Pour tout accompagnement, le service de gestion est \u00e0 votre disposition au 0262 51 35 75<\/p>\n","protected":false},"excerpt":{"rendered":"<p>Demander une bourse scolaire Les familles peuvent faire une demande de bourse des coll\u00e8ges en d\u00e9but d\u2019ann\u00e9e scolaire. Elle est attribu\u00e9e sous conditions de ressources, et permet de r\u00e9duire les frais li\u00e9s \u00e0 la scolarit\u00e9 (restauration, fournitures, sorties\u2026). \ud83d\udd39 Comment faire la demande ? \ud83d\udd39 Pi\u00e8ces \u00e0 fournir : \ud83d\udd39 &hellip;<\/p>\n","protected":false},"author":14734,"featured_media":0,"parent":0,"menu_order":0,"comment_status":"closed","ping_status":"closed","template":"","meta":{"footnotes":""},"class_list":["post-2929","page","type-page","status-publish","hentry"],"_links":{"self":[{"href":"https:\/\/etab.ac-reunion.fr\/clg-gaston-crochet\/wp-json\/wp\/v2\/pages\/2929","targetHints":{"allow":["GET"]}}],"collection":[{"href":"https:\/\/etab.ac-reunion.fr\/clg-gaston-crochet\/wp-json\/wp\/v2\/pages"}],"about":[{"href":"https:\/\/etab.ac-reunion.fr\/clg-gaston-crochet\/wp-json\/wp\/v2\/types\/page"}],"author":[{"embeddable":true,"href":"https:\/\/etab.ac-reunion.fr\/clg-gaston-crochet\/wp-json\/wp\/v2\/users\/14734"}],"replies":[{"embeddable":true,"href":"https:\/\/etab.ac-reunion.fr\/clg-gaston-crochet\/wp-json\/wp\/v2\/comments?post=2929"}],"version-history":[{"count":4,"href":"https:\/\/etab.ac-reunion.fr\/clg-gaston-crochet\/wp-json\/wp\/v2\/pages\/2929\/revisions"}],"predecessor-version":[{"id":3294,"href":"https:\/\/etab.ac-reunion.fr\/clg-gaston-crochet\/wp-json\/wp\/v2\/pages\/2929\/revisions\/3294"}],"wp:attachment":[{"href":"https:\/\/etab.ac-reunion.fr\/clg-gaston-crochet\/wp-json\/wp\/v2\/media?parent=2929"}],"curies":[{"name":"wp","href":"https:\/\/api.w.org\/{rel}","templated":true}]}}