{"id":2931,"date":"2025-04-15T18:34:44","date_gmt":"2025-04-15T15:34:44","guid":{"rendered":"https:\/\/etab.ac-reunion.fr\/clg-gaston-crochet\/?page_id=2931"},"modified":"2025-05-20T15:21:44","modified_gmt":"2025-05-20T12:21:44","slug":"fonds-sociaux","status":"publish","type":"page","link":"https:\/\/etab.ac-reunion.fr\/clg-gaston-crochet\/fonds-sociaux\/","title":{"rendered":"Fonds sociaux"},"content":{"rendered":"\n<p class=\"has-accent-2-color has-text-color has-link-color has-large-font-size wp-elements-d047d828908a3e8b921dedf2bfadb345\"><strong>Aides financi\u00e8res ponctuelles pour les familles<\/strong><\/p>\n\n\n\n<p class=\"has-large-font-size\">Le <strong>fonds social coll\u00e9gien<\/strong> est un dispositif permettant d\u2019aider les familles rencontrant des difficult\u00e9s financi\u00e8res ponctuelles.<\/p>\n\n\n\n<p class=\"has-large-font-size\"><strong>Ce que couvre le fonds social :<\/strong><\/p>\n\n\n\n<ul class=\"wp-block-list\">\n<li class=\"has-large-font-size\">Paiement partiel ou total des frais de demi-pension<\/li>\n\n\n\n<li class=\"has-large-font-size\">Participation \u00e0 une sortie scolaire ou un voyage<\/li>\n\n\n\n<li class=\"has-large-font-size\">Achat de fournitures ou de v\u00eatements scolaires sp\u00e9cifiques<\/li>\n<\/ul>\n\n\n\n<p class=\"has-large-font-size\"><strong>Qui peut en b\u00e9n\u00e9ficier ?<\/strong><br>Toute famille peut faire une demande, <strong>m\u00eame sans \u00eatre boursi\u00e8re<\/strong>. Les aides sont attribu\u00e9es apr\u00e8s examen confidentiel de la situation par le chef d\u2019\u00e9tablissement et la commission d\u2019aide sociale.<\/p>\n\n\n\n<p class=\"has-large-font-size\"><strong>Comment faire la demande ?<\/strong><\/p>\n\n\n\n<ul class=\"wp-block-list\">\n<li class=\"has-large-font-size\">Contacter l\u2019assistant social scolaire 0262 51 30 75<\/li>\n\n\n\n<li class=\"has-large-font-size\">Remplir un formulaire de demande accompagn\u00e9 des justificatifs de situation<\/li>\n<\/ul>\n\n\n\n<p class=\"has-large-font-size\">Toutes les demandes sont <strong>trait\u00e9es de mani\u00e8re confidentielle<\/strong>.<\/p>\n","protected":false},"excerpt":{"rendered":"<p>Aides financi\u00e8res ponctuelles pour les familles Le fonds social coll\u00e9gien est un dispositif permettant d\u2019aider les familles rencontrant des difficult\u00e9s financi\u00e8res ponctuelles. Ce que couvre le fonds social : Qui peut en b\u00e9n\u00e9ficier ?Toute famille peut faire une demande, m\u00eame sans \u00eatre boursi\u00e8re. Les aides sont attribu\u00e9es apr\u00e8s examen confidentiel &hellip;<\/p>\n","protected":false},"author":14734,"featured_media":0,"parent":0,"menu_order":0,"comment_status":"closed","ping_status":"closed","template":"","meta":{"footnotes":""},"class_list":["post-2931","page","type-page","status-publish","hentry"],"_links":{"self":[{"href":"https:\/\/etab.ac-reunion.fr\/clg-gaston-crochet\/wp-json\/wp\/v2\/pages\/2931","targetHints":{"allow":["GET"]}}],"collection":[{"href":"https:\/\/etab.ac-reunion.fr\/clg-gaston-crochet\/wp-json\/wp\/v2\/pages"}],"about":[{"href":"https:\/\/etab.ac-reunion.fr\/clg-gaston-crochet\/wp-json\/wp\/v2\/types\/page"}],"author":[{"embeddable":true,"href":"https:\/\/etab.ac-reunion.fr\/clg-gaston-crochet\/wp-json\/wp\/v2\/users\/14734"}],"replies":[{"embeddable":true,"href":"https:\/\/etab.ac-reunion.fr\/clg-gaston-crochet\/wp-json\/wp\/v2\/comments?post=2931"}],"version-history":[{"count":3,"href":"https:\/\/etab.ac-reunion.fr\/clg-gaston-crochet\/wp-json\/wp\/v2\/pages\/2931\/revisions"}],"predecessor-version":[{"id":3298,"href":"https:\/\/etab.ac-reunion.fr\/clg-gaston-crochet\/wp-json\/wp\/v2\/pages\/2931\/revisions\/3298"}],"wp:attachment":[{"href":"https:\/\/etab.ac-reunion.fr\/clg-gaston-crochet\/wp-json\/wp\/v2\/media?parent=2931"}],"curies":[{"name":"wp","href":"https:\/\/api.w.org\/{rel}","templated":true}]}}