{"id":2954,"date":"2025-04-24T09:49:46","date_gmt":"2025-04-24T06:49:46","guid":{"rendered":"https:\/\/etab.ac-reunion.fr\/clg-gaston-crochet\/?page_id=2954"},"modified":"2025-12-05T10:43:16","modified_gmt":"2025-12-05T07:43:16","slug":"le-projet-detablissement","status":"publish","type":"page","link":"https:\/\/etab.ac-reunion.fr\/clg-gaston-crochet\/le-projet-detablissement\/","title":{"rendered":"Le projet d&rsquo;\u00e9tablissement :"},"content":{"rendered":"\n<p class=\"has-accent-2-color has-text-color has-link-color has-large-font-size wp-elements-f2430ac43789422c5a1c88653d961327\">Le coll\u00e8ge Gaston Crochet a engag\u00e9 une r\u00e9flexion approfondie pour garantir un climat scolaire serein, propice au bien \u00eatre au travail, et centr\u00e9 sur les besoins et la r\u00e9ussite des \u00e9l\u00e8ves.<\/p>\n\n\n\n<p class=\"has-accent-2-color has-text-color has-link-color has-large-font-size wp-elements-def261f5ed068260e8958fb39f363806\">Trois grandes orientations structurent notre projet d\u2019\u00e9tablissement :<\/p>\n\n\n\n<p class=\"has-accent-1-color has-text-color has-link-color has-large-font-size wp-elements-7899fbe76ca62c12dfe8d643f879ffb8\"><strong>Orientation strat\u00e9gique 1<\/strong> : renforcer le collectif professionnel autour d\u2019une vision partag\u00e9e<br><strong>Orientation strat\u00e9gique 2<\/strong> : exp\u00e9rimenter des pratiques p\u00e9dagogiques et \u00e9ducatives innovantes au service des apprentissages et de la r\u00e9ussite des \u00e9l\u00e8ves<br><strong>Orientation strat\u00e9gique 3<\/strong> : d\u00e9velopper des strat\u00e9gies d\u2019alliances \u00e9ducatives et coop\u00e9ratives pour faire de l\u2019\u00e9tablissement un espace ouvert sur le territoire<\/p>\n\n\n\n<p class=\"has-accent-2-color has-text-color has-link-color has-large-font-size wp-elements-6d736aa96cd89013c582cf316e09e7ae\">Ce projet s\u2019appuie sur une <strong>dynamique d\u2019\u00e9quipe<\/strong>, un <strong>plan de formation<\/strong> adapt\u00e9 et des <strong>alliances \u00e9ducatives fortes<\/strong> avec les partenaires du territoire.<\/p>\n\n\n\n<p><strong>Vous pouvez t\u00e9l\u00e9charger ce projet d&rsquo;\u00e9tablissement en cliquant sur la fl\u00e8che (vers le bas) positionn\u00e9e \u00e0 droite du bandeau noir ci-dessous, juste avant l&rsquo;image de l&rsquo;imprimante<\/strong><\/p>\n\n\n\n<div data-wp-interactive=\"core\/file\" class=\"wp-block-file\"><object data-wp-bind--hidden=\"!state.hasPdfPreview\" hidden class=\"wp-block-file__embed\" data=\"https:\/\/etab.ac-reunion.fr\/clg-gaston-crochet\/wp-content\/uploads\/sites\/97\/2025\/07\/PROJET-ETABLISSEMENT-ET-CONTRAT-OBJECTIFS-2025-2030.pdf\" type=\"application\/pdf\" style=\"width:100%;height:600px\" aria-label=\"Contenu embarqu\u00e9 PROJET ETABLISSEMENT ET CONTRAT OBJECTIFS 2025 2030.\"><\/object><a id=\"wp-block-file--media-89a364ad-9efb-4f5b-be51-3cd269a5c3d3\" href=\"https:\/\/etab.ac-reunion.fr\/clg-gaston-crochet\/wp-content\/uploads\/sites\/97\/2025\/07\/PROJET-ETABLISSEMENT-ET-CONTRAT-OBJECTIFS-2025-2030.pdf\">PROJET ETABLISSEMENT ET CONTRAT OBJECTIFS 2025 2030<\/a><a href=\"https:\/\/etab.ac-reunion.fr\/clg-gaston-crochet\/wp-content\/uploads\/sites\/97\/2025\/07\/PROJET-ETABLISSEMENT-ET-CONTRAT-OBJECTIFS-2025-2030.pdf\" class=\"wp-block-file__button wp-element-button\" download aria-describedby=\"wp-block-file--media-89a364ad-9efb-4f5b-be51-3cd269a5c3d3\">T\u00e9l\u00e9charger<\/a><\/div>\n\n\n\n<p><\/p>\n\n\n\n<p><\/p>\n\n\n\n<p><\/p>\n","protected":false},"excerpt":{"rendered":"<p>Le coll\u00e8ge Gaston Crochet a engag\u00e9 une r\u00e9flexion approfondie pour garantir un climat scolaire serein, propice au bien \u00eatre au travail, et centr\u00e9 sur les besoins et la r\u00e9ussite des \u00e9l\u00e8ves. Trois grandes orientations structurent notre projet d\u2019\u00e9tablissement : Orientation strat\u00e9gique 1 : renforcer le collectif professionnel autour d\u2019une vision &hellip;<\/p>\n","protected":false},"author":14734,"featured_media":0,"parent":0,"menu_order":0,"comment_status":"closed","ping_status":"closed","template":"","meta":{"footnotes":""},"class_list":["post-2954","page","type-page","status-publish","hentry"],"_links":{"self":[{"href":"https:\/\/etab.ac-reunion.fr\/clg-gaston-crochet\/wp-json\/wp\/v2\/pages\/2954","targetHints":{"allow":["GET"]}}],"collection":[{"href":"https:\/\/etab.ac-reunion.fr\/clg-gaston-crochet\/wp-json\/wp\/v2\/pages"}],"about":[{"href":"https:\/\/etab.ac-reunion.fr\/clg-gaston-crochet\/wp-json\/wp\/v2\/types\/page"}],"author":[{"embeddable":true,"href":"https:\/\/etab.ac-reunion.fr\/clg-gaston-crochet\/wp-json\/wp\/v2\/users\/14734"}],"replies":[{"embeddable":true,"href":"https:\/\/etab.ac-reunion.fr\/clg-gaston-crochet\/wp-json\/wp\/v2\/comments?post=2954"}],"version-history":[{"count":12,"href":"https:\/\/etab.ac-reunion.fr\/clg-gaston-crochet\/wp-json\/wp\/v2\/pages\/2954\/revisions"}],"predecessor-version":[{"id":3812,"href":"https:\/\/etab.ac-reunion.fr\/clg-gaston-crochet\/wp-json\/wp\/v2\/pages\/2954\/revisions\/3812"}],"wp:attachment":[{"href":"https:\/\/etab.ac-reunion.fr\/clg-gaston-crochet\/wp-json\/wp\/v2\/media?parent=2954"}],"curies":[{"name":"wp","href":"https:\/\/api.w.org\/{rel}","templated":true}]}}