{"id":2966,"date":"2025-04-24T16:51:29","date_gmt":"2025-04-24T13:51:29","guid":{"rendered":"https:\/\/etab.ac-reunion.fr\/clg-gaston-crochet\/?page_id=2966"},"modified":"2025-04-30T11:05:42","modified_gmt":"2025-04-30T08:05:42","slug":"les-labels","status":"publish","type":"page","link":"https:\/\/etab.ac-reunion.fr\/clg-gaston-crochet\/les-labels\/","title":{"rendered":"Les Labels"},"content":{"rendered":"\n<h2 class=\"wp-block-heading has-accent-1-color has-text-color has-link-color has-large-font-size wp-elements-6b80dcdb5cf5b1460203fb12d01e6aab\">\ud83c\udfc5 <strong>Les labels<\/strong><\/h2>\n\n\n\n<p class=\"has-accent-2-color has-text-color has-link-color has-large-font-size wp-elements-b3808f534d661bff9e53fed3f54b49f1\">Le coll\u00e8ge Gaston Crochet est fier de ses engagements en mati\u00e8re de d\u00e9veloppement durable, reconnus par l\u2019obtention de plusieurs labels :\u200b<\/p>\n\n\n\n<ul class=\"wp-block-list\">\n<li class=\"has-accent-1-color has-text-color has-link-color has-large-font-size wp-elements-a84772ba50264198a60b2518e10e5623\"><strong>Label E3D (\u00c9tablissement en D\u00e9marche de D\u00e9veloppement Durable)<\/strong> : Ce label atteste de l\u2019int\u00e9gration du d\u00e9veloppement durable dans les enseignements, la gestion de l\u2019\u00e9tablissement et les projets \u00e9ducatifs.\u200b Compte tenu du travail collectif r\u00e9alis\u00e9 et de l&rsquo;implication de la communaut\u00e9 \u00e9ducative, nous obtenons, en 2025, le niveau 2 du label E3D<\/li>\n\n\n\n<li class=\"has-accent-2-color has-text-color has-link-color has-large-font-size wp-elements-742d2561fa083f16197198f0221484c7\"><strong>Label T3D (Labellisation de TERRITOIRE 3D) <\/strong>Le label reconna\u00eet les d\u00e9marches de d\u00e9veloppement durable qui mobilisent des \u00e9quipes d&rsquo;\u00e9coles ou d&rsquo;\u00e9tablissements d&rsquo;un territoire \u00e9ducatif et qui facilitent la continuit\u00e9 et la progression p\u00e9dagogiques. Ce travail en r\u00e9seau contribue \u00e9galement \u00e0 une meilleure connaissance et mobilisation des acteurs locaux de l&rsquo;EDD. Il s&rsquo;inscrit enfin dans une strat\u00e9gie de rayonnement et d&rsquo;attractivit\u00e9 d&rsquo;un territoire.<\/li>\n\n\n\n<li class=\"has-accent-1-color has-text-color has-link-color has-large-font-size wp-elements-be4e797de000a85b57af94e0aab0eca8\"><strong>Label Aire \u00c9ducative Terrestre<\/strong> : Ce label valorise les projets men\u00e9s par les \u00e9l\u00e8ves pour la gestion participative d\u2019un espace naturel terrestre, en collaboration avec des acteurs locaux.\u200b<\/li>\n\n\n\n<li class=\"has-accent-2-color has-text-color has-link-color has-large-font-size wp-elements-72d1efcb5eb56e7b5528b2d0580beb14\">\u00a0<strong>Le label \u00ab\u00a0\u00c9tablissement-relais Porte de parc\u00a0\u00bb<\/strong>  vise \u00e0 sensibiliser les \u00e9l\u00e8ves \u00e0 la biodiversit\u00e9, en particulier \u00e0 la pollinisation, \u00e0 travers une s\u00e9rie d\u2019activit\u00e9s pratiques et d&rsquo;apprentissages interdisciplinaires. Les \u00e9l\u00e8ves r\u00e9aliseront un inventaire des pollinisateurs et des plantes mellif\u00e8res dans le futur jardin de la Maison du Parc, participent \u00e0 une visite d\u2019un rucher communal pour comprendre le r\u00f4le des abeilles, et d\u00e9couvriront les bonnes pratiques agricoles li\u00e9es aux pollinisateurs lors d\u2019une visite agricole. Des cr\u00e9neaux d&rsquo;arts plastiques, physique-chimie, SVT, histoire g\u00e9ographie et EPS seront utilis\u00e9s pour lier ces d\u00e9couvertes aux disciplines scolaires. Une course d\u2019orientation permettra de mettre en pratique ces connaissances et, en fin d\u2019ann\u00e9e, une c\u00e9r\u00e9monie de remise des r\u00e9compenses valorisera les efforts des \u00e9l\u00e8ves, avec des moments musicaux pour cl\u00f4turer le projet.<\/li>\n<\/ul>\n\n\n\n<p class=\"has-large-font-size\">Ces distinctions refl\u00e8tent l\u2019engagement continu de notre \u00e9tablissement \u00e0 former des citoyens responsables et conscients des enjeux environnementaux.<\/p>\n","protected":false},"excerpt":{"rendered":"<p>\ud83c\udfc5 Les labels Le coll\u00e8ge Gaston Crochet est fier de ses engagements en mati\u00e8re de d\u00e9veloppement durable, reconnus par l\u2019obtention de plusieurs labels :\u200b Ces distinctions refl\u00e8tent l\u2019engagement continu de notre \u00e9tablissement \u00e0 former des citoyens responsables et conscients des enjeux environnementaux.<\/p>\n","protected":false},"author":14734,"featured_media":0,"parent":0,"menu_order":0,"comment_status":"closed","ping_status":"closed","template":"","meta":{"footnotes":""},"class_list":["post-2966","page","type-page","status-publish","hentry"],"_links":{"self":[{"href":"https:\/\/etab.ac-reunion.fr\/clg-gaston-crochet\/wp-json\/wp\/v2\/pages\/2966","targetHints":{"allow":["GET"]}}],"collection":[{"href":"https:\/\/etab.ac-reunion.fr\/clg-gaston-crochet\/wp-json\/wp\/v2\/pages"}],"about":[{"href":"https:\/\/etab.ac-reunion.fr\/clg-gaston-crochet\/wp-json\/wp\/v2\/types\/page"}],"author":[{"embeddable":true,"href":"https:\/\/etab.ac-reunion.fr\/clg-gaston-crochet\/wp-json\/wp\/v2\/users\/14734"}],"replies":[{"embeddable":true,"href":"https:\/\/etab.ac-reunion.fr\/clg-gaston-crochet\/wp-json\/wp\/v2\/comments?post=2966"}],"version-history":[{"count":4,"href":"https:\/\/etab.ac-reunion.fr\/clg-gaston-crochet\/wp-json\/wp\/v2\/pages\/2966\/revisions"}],"predecessor-version":[{"id":3249,"href":"https:\/\/etab.ac-reunion.fr\/clg-gaston-crochet\/wp-json\/wp\/v2\/pages\/2966\/revisions\/3249"}],"wp:attachment":[{"href":"https:\/\/etab.ac-reunion.fr\/clg-gaston-crochet\/wp-json\/wp\/v2\/media?parent=2966"}],"curies":[{"name":"wp","href":"https:\/\/api.w.org\/{rel}","templated":true}]}}