{"id":2970,"date":"2025-04-24T16:53:12","date_gmt":"2025-04-24T13:53:12","guid":{"rendered":"https:\/\/etab.ac-reunion.fr\/clg-gaston-crochet\/?page_id=2970"},"modified":"2025-05-20T14:22:42","modified_gmt":"2025-05-20T11:22:42","slug":"linfirmerie-2","status":"publish","type":"page","link":"https:\/\/etab.ac-reunion.fr\/clg-gaston-crochet\/linfirmerie-2\/","title":{"rendered":"LA SANTE SCOLAIRE"},"content":{"rendered":"\n<p class=\"has-accent-2-color has-text-color has-link-color has-large-font-size wp-elements-466da2bea85f01fb5616a51ac78fcae8\"><strong>Un accompagnement global pour la sant\u00e9 et le bien-\u00eatre des \u00e9l\u00e8ves<\/strong><\/p>\n\n\n\n<blockquote class=\"wp-block-quote is-layout-flow wp-block-quote-is-layout-flow\">\n<p class=\"has-large-font-size\">La sant\u00e9 scolaire est une composante essentielle de la r\u00e9ussite \u00e9ducative. Au coll\u00e8ge Gaston Crochet, elle repose sur une collaboration \u00e9troite entre les familles, les personnels de sant\u00e9, les enseignants et les partenaires du territoire.<\/p>\n<\/blockquote>\n\n\n\n<blockquote class=\"wp-block-quote is-layout-flow wp-block-quote-is-layout-flow\">\n<p class=\"has-large-font-size\">Nos objectifs sont :<\/p>\n\n\n\n<ul class=\"wp-block-list\">\n<li class=\"has-large-font-size\">Assurer le <strong>suivi m\u00e9dical<\/strong> des \u00e9l\u00e8ves, en lien avec le Service M\u00e9dical en Faveur des \u00c9l\u00e8ves (SMF\u00c9) et le Service Infirmier en Faveur des \u00c9l\u00e8ves (SIFE).<\/li>\n\n\n\n<li class=\"has-large-font-size\">Mettre en \u0153uvre des actions de <strong>pr\u00e9vention et d\u2019\u00e9ducation \u00e0 la sant\u00e9<\/strong> (nutrition, sommeil, hygi\u00e8ne, sant\u00e9 mentale, etc.).<\/li>\n\n\n\n<li class=\"has-large-font-size\">Rep\u00e9rer et accompagner les <strong>\u00e9l\u00e8ves en situation de vuln\u00e9rabilit\u00e9<\/strong> (physique, psychique ou sociale). <a href=\"https:\/\/www.ac-reunion.fr\/sante-des-jeunes-123016?utm_source=chatgpt.com\" target=\"_blank\" rel=\"noreferrer noopener\">Acad\u00e9mie de La R\u00e9union<\/a><\/li>\n<\/ul>\n<\/blockquote>\n\n\n\n<blockquote class=\"wp-block-quote is-layout-flow wp-block-quote-is-layout-flow\">\n<p class=\"has-large-font-size\">Le personnel infirmier travaille en partenariat avec :<\/p>\n\n\n\n<ul class=\"wp-block-list\">\n<li class=\"has-large-font-size\">Le <strong>m\u00e9decin scolaire<\/strong> pour les visites obligatoires (6e, demandes sp\u00e9cifiques).<\/li>\n\n\n\n<li class=\"has-large-font-size\">Le <strong>PsyEN<\/strong> (psychologue de l\u2019\u00c9ducation nationale).<\/li>\n\n\n\n<li class=\"has-large-font-size\">L\u2019<strong>assistante sociale scolaire<\/strong>.<\/li>\n\n\n\n<li class=\"has-large-font-size\">Les \u00e9quipes \u00e9ducatives et les parents.<\/li>\n<\/ul>\n<\/blockquote>\n\n\n\n<blockquote class=\"wp-block-quote is-layout-flow wp-block-quote-is-layout-flow\">\n<p class=\"has-large-font-size\">Une \u00e9coute bienveillante et confidentielle est assur\u00e9e aupr\u00e8s des \u00e9l\u00e8ves, et un accueil est possible \u00e0 l\u2019infirmerie selon un emploi du temps d\u00e9fini, ou en cas d\u2019urgence.<\/p>\n<\/blockquote>\n\n\n\n<blockquote class=\"wp-block-quote is-layout-flow wp-block-quote-is-layout-flow\">\n<p class=\"has-large-font-size\">Pour plus d&rsquo;informations, vous pouvez consulter la page d\u00e9di\u00e9e de l&rsquo;Acad\u00e9mie de La R\u00e9union :<br>\ud83d\udd17 <a href=\"https:\/\/www.education.gouv.fr\/sante-scolaire-agir-pour-les-eleves-au-coeur-de-l-ecole-450423?eml-publisher=NL_EnPerspective&amp;eml-name=NL_EnPerspective-15052025_assisessante\">Promotion de la sant\u00e9 en milieu scolaire<\/a><\/p>\n<\/blockquote>\n","protected":false},"excerpt":{"rendered":"<p>Un accompagnement global pour la sant\u00e9 et le bien-\u00eatre des \u00e9l\u00e8ves La sant\u00e9 scolaire est une composante essentielle de la r\u00e9ussite \u00e9ducative. Au coll\u00e8ge Gaston Crochet, elle repose sur une collaboration \u00e9troite entre les familles, les personnels de sant\u00e9, les enseignants et les partenaires du territoire. Une \u00e9coute bienveillante et &hellip;<\/p>\n","protected":false},"author":14734,"featured_media":0,"parent":0,"menu_order":0,"comment_status":"closed","ping_status":"closed","template":"","meta":{"footnotes":""},"class_list":["post-2970","page","type-page","status-publish","hentry"],"_links":{"self":[{"href":"https:\/\/etab.ac-reunion.fr\/clg-gaston-crochet\/wp-json\/wp\/v2\/pages\/2970","targetHints":{"allow":["GET"]}}],"collection":[{"href":"https:\/\/etab.ac-reunion.fr\/clg-gaston-crochet\/wp-json\/wp\/v2\/pages"}],"about":[{"href":"https:\/\/etab.ac-reunion.fr\/clg-gaston-crochet\/wp-json\/wp\/v2\/types\/page"}],"author":[{"embeddable":true,"href":"https:\/\/etab.ac-reunion.fr\/clg-gaston-crochet\/wp-json\/wp\/v2\/users\/14734"}],"replies":[{"embeddable":true,"href":"https:\/\/etab.ac-reunion.fr\/clg-gaston-crochet\/wp-json\/wp\/v2\/comments?post=2970"}],"version-history":[{"count":6,"href":"https:\/\/etab.ac-reunion.fr\/clg-gaston-crochet\/wp-json\/wp\/v2\/pages\/2970\/revisions"}],"predecessor-version":[{"id":3275,"href":"https:\/\/etab.ac-reunion.fr\/clg-gaston-crochet\/wp-json\/wp\/v2\/pages\/2970\/revisions\/3275"}],"wp:attachment":[{"href":"https:\/\/etab.ac-reunion.fr\/clg-gaston-crochet\/wp-json\/wp\/v2\/media?parent=2970"}],"curies":[{"name":"wp","href":"https:\/\/api.w.org\/{rel}","templated":true}]}}