{"id":2975,"date":"2025-04-24T16:57:01","date_gmt":"2025-04-24T13:57:01","guid":{"rendered":"https:\/\/etab.ac-reunion.fr\/clg-gaston-crochet\/?page_id=2975"},"modified":"2026-02-13T10:33:40","modified_gmt":"2026-02-13T07:33:40","slug":"les-partenaires","status":"publish","type":"page","link":"https:\/\/etab.ac-reunion.fr\/clg-gaston-crochet\/les-partenaires\/","title":{"rendered":"Les partenaires : R\u00e9seau et liaisons inter-\u00e9tablissements"},"content":{"rendered":"\n<p class=\"has-large-font-size\"><strong>Un coll\u00e8ge ouvert sur son territoire<\/strong><\/p>\n\n\n\n<p class=\"has-large-font-size\">Le coll\u00e8ge Gaston Crochet appartient \u00e0 un <strong>R\u00e9seau d\u2019\u00c9ducation Prioritaire (REP)<\/strong> dynamique, en lien \u00e9troit avec les \u00e9coles du secteur et plusieurs \u00e9tablissements partenaires.<\/p>\n\n\n\n<p class=\"has-large-font-size\">\ud83d\udd39 <strong>Liaison \u00e9cole-coll\u00e8ge<\/strong><\/p>\n\n\n\n<ul class=\"wp-block-list\">\n<li class=\"has-accent-2-color has-text-color has-link-color has-large-font-size wp-elements-4bb64e65441072fd8f1a52f19c0b1aeb\">Actions p\u00e9dagogiques communes<\/li>\n\n\n\n<li class=\"has-accent-2-color has-text-color has-link-color has-large-font-size wp-elements-69fdb7f7142b6ce763606c66f7c44e95\">Conseil \u00e9cole-coll\u00e8ge<\/li>\n\n\n\n<li class=\"has-accent-2-color has-text-color has-link-color has-large-font-size wp-elements-4e942ec13f72a8bd691b06a5b03cacbe\">Concours inter-degr\u00e9s<\/li>\n\n\n\n<li class=\"has-accent-2-color has-text-color has-link-color has-large-font-size wp-elements-9fdd392dfc0866b493a8b6d26810a8a5\">Travail coop\u00e9ratif entre professeurs des \u00e9coles et du coll\u00e8ge<\/li>\n<\/ul>\n\n\n\n<p class=\"has-accent-1-color has-text-color has-link-color has-large-font-size wp-elements-feabd52189876b2bcb8566c37c8267c2\">\ud83d\udd39 <strong>Liaison coll\u00e8ge-lyc\u00e9es<\/strong><br>Le coll\u00e8ge est \u00ab encord\u00e9 \u00bb dans plusieurs <strong>Cord\u00e9es de la R\u00e9ussite<\/strong> avec :<\/p>\n\n\n\n<ul class=\"wp-block-list\">\n<li class=\"has-accent-1-color has-text-color has-link-color has-large-font-size wp-elements-5b3314f644848f88a7ca76f591de04a7\">Le lyc\u00e9e Jean-Claude Fruteau<\/li>\n\n\n\n<li class=\"has-accent-1-color has-text-color has-link-color has-large-font-size wp-elements-ab28819079ad51fc4d9e464c83427df4\">Le lyc\u00e9e Paul Moreau<\/li>\n\n\n\n<li class=\"has-accent-1-color has-text-color has-link-color has-large-font-size wp-elements-57e84ae889c2c56794d5e8dc2a5d5396\">L\u2019\u00e9cole d\u2019ing\u00e9nieurs ESIROI<\/li>\n<\/ul>\n\n\n\n<p class=\"has-large-font-size\">\ud83d\udd39 <strong>Partenaires de proximit\u00e9<\/strong><\/p>\n\n\n\n<ul class=\"wp-block-list\">\n<li class=\"has-large-font-size\">MFR de La Plaine des Palmistes<\/li>\n\n\n\n<li class=\"has-large-font-size\">SEGPA du coll\u00e8ge Hubert Delisle<\/li>\n\n\n\n<li class=\"has-large-font-size\">La maison du parc national<\/li>\n\n\n\n<li class=\"has-accent-2-color has-text-color has-link-color has-large-font-size wp-elements-63f11424c23f0de87c5f773dc716f7e1\">Les Maisons de quartiers et les EVS de la commune (partenariat avec le Centre Communal de l&rsquo;Action Social de la commune)<\/li>\n<\/ul>\n\n\n\n<p class=\"has-large-font-size\">Ces coop\u00e9rations permettent d\u2019assurer la <strong>continuit\u00e9 des parcours<\/strong>, d\u2019enrichir l\u2019offre \u00e9ducative, et de lutter contre les in\u00e9galit\u00e9s d\u2019information et d\u2019ambition.<\/p>\n","protected":false},"excerpt":{"rendered":"<p>Un coll\u00e8ge ouvert sur son territoire Le coll\u00e8ge Gaston Crochet appartient \u00e0 un R\u00e9seau d\u2019\u00c9ducation Prioritaire (REP) dynamique, en lien \u00e9troit avec les \u00e9coles du secteur et plusieurs \u00e9tablissements partenaires. \ud83d\udd39 Liaison \u00e9cole-coll\u00e8ge \ud83d\udd39 Liaison coll\u00e8ge-lyc\u00e9esLe coll\u00e8ge est \u00ab encord\u00e9 \u00bb dans plusieurs Cord\u00e9es de la R\u00e9ussite avec : \ud83d\udd39 &hellip;<\/p>\n","protected":false},"author":14734,"featured_media":0,"parent":0,"menu_order":0,"comment_status":"closed","ping_status":"closed","template":"","meta":{"footnotes":""},"class_list":["post-2975","page","type-page","status-publish","hentry"],"_links":{"self":[{"href":"https:\/\/etab.ac-reunion.fr\/clg-gaston-crochet\/wp-json\/wp\/v2\/pages\/2975","targetHints":{"allow":["GET"]}}],"collection":[{"href":"https:\/\/etab.ac-reunion.fr\/clg-gaston-crochet\/wp-json\/wp\/v2\/pages"}],"about":[{"href":"https:\/\/etab.ac-reunion.fr\/clg-gaston-crochet\/wp-json\/wp\/v2\/types\/page"}],"author":[{"embeddable":true,"href":"https:\/\/etab.ac-reunion.fr\/clg-gaston-crochet\/wp-json\/wp\/v2\/users\/14734"}],"replies":[{"embeddable":true,"href":"https:\/\/etab.ac-reunion.fr\/clg-gaston-crochet\/wp-json\/wp\/v2\/comments?post=2975"}],"version-history":[{"count":5,"href":"https:\/\/etab.ac-reunion.fr\/clg-gaston-crochet\/wp-json\/wp\/v2\/pages\/2975\/revisions"}],"predecessor-version":[{"id":3909,"href":"https:\/\/etab.ac-reunion.fr\/clg-gaston-crochet\/wp-json\/wp\/v2\/pages\/2975\/revisions\/3909"}],"wp:attachment":[{"href":"https:\/\/etab.ac-reunion.fr\/clg-gaston-crochet\/wp-json\/wp\/v2\/media?parent=2975"}],"curies":[{"name":"wp","href":"https:\/\/api.w.org\/{rel}","templated":true}]}}