{"id":2987,"date":"2025-04-24T17:03:52","date_gmt":"2025-04-24T14:03:52","guid":{"rendered":"https:\/\/etab.ac-reunion.fr\/clg-gaston-crochet\/?page_id=2987"},"modified":"2025-05-20T15:43:02","modified_gmt":"2025-05-20T12:43:02","slug":"ledd","status":"publish","type":"page","link":"https:\/\/etab.ac-reunion.fr\/clg-gaston-crochet\/ledd\/","title":{"rendered":"L&rsquo;Education au D\u00e9veloppement Durable, l&rsquo;EDD"},"content":{"rendered":"\n<figure class=\"wp-block-image size-full\"><img loading=\"lazy\" decoding=\"async\" width=\"474\" height=\"474\" src=\"https:\/\/etab.ac-reunion.fr\/clg-gaston-crochet\/wp-content\/uploads\/sites\/97\/2025\/04\/image.png\" alt=\"\" class=\"wp-image-3220\" srcset=\"https:\/\/etab.ac-reunion.fr\/clg-gaston-crochet\/wp-content\/uploads\/sites\/97\/2025\/04\/image.png 474w, https:\/\/etab.ac-reunion.fr\/clg-gaston-crochet\/wp-content\/uploads\/sites\/97\/2025\/04\/image-300x300.png 300w, https:\/\/etab.ac-reunion.fr\/clg-gaston-crochet\/wp-content\/uploads\/sites\/97\/2025\/04\/image-150x150.png 150w, https:\/\/etab.ac-reunion.fr\/clg-gaston-crochet\/wp-content\/uploads\/sites\/97\/2025\/04\/image-200x200.png 200w\" sizes=\"auto, (max-width: 474px) 100vw, 474px\" \/><\/figure>\n\n\n\n<p class=\"has-large-font-size\">Le <strong>Coll\u00e8ge Gaston Crochet<\/strong>, situ\u00e9 \u00e0 La Plaine-des-Palmistes, est engag\u00e9 dans une d\u00e9marche \u00e9ducative en partenariat avec le <strong>Parc national de La R\u00e9union<\/strong>. Ce partenariat s&rsquo;inscrit dans le cadre du dispositif <strong>\u00ab\u00a0\u00c9tablissement-relais Porte de parc\u00a0\u00bb<\/strong>, visant \u00e0 sensibiliser les \u00e9l\u00e8ves \u00e0 la richesse du patrimoine naturel de l&rsquo;\u00eele (lien : \u200b<a href=\"https:\/\/www.reunion-parcnational.fr\/fr\/actualites\/la-decouverte-des-pollinisateurs-une-immersion-educative-la-plaine-des-palmistes?utm_source=chatgpt.com\">Coll\u00e8ge Gaston Crochet<\/a>)<\/p>\n\n\n\n<h3 class=\"wp-block-heading has-large-font-size\">\ud83c\udf93 Le label \u00ab\u00a0\u00c9tablissement-relais Porte de parc\u00a0\u00bb<\/h3>\n\n\n\n<p class=\"has-large-font-size\">Ce label est attribu\u00e9 aux \u00e9tablissements scolaires qui collaborent \u00e9troitement avec le Parc national de La R\u00e9union pour promouvoir l&rsquo;\u00e9ducation \u00e0 l&rsquo;environnement. Il encourage les initiatives p\u00e9dagogiques ax\u00e9es sur la d\u00e9couverte et la pr\u00e9servation de la biodiversit\u00e9 locale.\u200b<\/p>\n\n\n\n<h3 class=\"wp-block-heading has-large-font-size\">\ud83d\udc1d Une immersion \u00e9ducative sur les pollinisateurs<\/h3>\n\n\n\n<p class=\"has-large-font-size\">En janvier 2025, dans le cadre de ce partenariat, le coll\u00e8ge a organis\u00e9 des animations \u00e9ducatives destin\u00e9es aux \u00e9l\u00e8ves de sixi\u00e8me, centr\u00e9es sur la d\u00e9couverte des pollinisateurs. Ces activit\u00e9s visaient \u00e0 sensibiliser les jeunes \u00e0 l&rsquo;importance des insectes pollinisateurs pour l&rsquo;\u00e9cosyst\u00e8me et \u00e0 encourager leur engagement en faveur de la biodiversit\u00e9. Le programme a \u00e9galement impliqu\u00e9 la communaut\u00e9 locale, incluant parents, habitants et acteurs locaux, renfor\u00e7ant ainsi les liens entre l&rsquo;\u00e9tablissement et son environnement. <\/p>\n\n\n\n<h3 class=\"wp-block-heading has-large-font-size\">\ud83c\udf3f Un engagement durable<\/h3>\n\n\n\n<p class=\"has-large-font-size\">Ce partenariat s&rsquo;inscrit dans une strat\u00e9gie \u00e9ducative \u00e0 long terme du Parc national, visant \u00e0 cr\u00e9er une dynamique locale autour de la pr\u00e9servation de la biodiversit\u00e9. En impliquant activement les \u00e9l\u00e8ves et la communaut\u00e9, le coll\u00e8ge Gaston Crochet contribue \u00e0 former des citoyens conscients et responsables, acteurs du changement pour un avenir durable. \u200b<a href=\"https:\/\/www.reunion-parcnational.fr\/fr\/actualites\/la-decouverte-des-pollinisateurs-une-immersion-educative-la-plaine-des-palmistes?utm_source=chatgpt.com\" target=\"_blank\" rel=\"noreferrer noopener\">Parc National de La R\u00e9union<\/a><\/p>\n\n\n\n<p class=\"has-large-font-size\">Pour plus d&rsquo;informations sur les initiatives du coll\u00e8ge, vous pouvez consulter leur site officiel : <a href=\"https:\/\/etab.ac-reunion.fr\/clg-gaston-crochet\/?utm_source=chatgpt.com\" target=\"_blank\" rel=\"noreferrer noopener\">\u00c9tablissement Acad\u00e9mique de La R\u00e9union<\/a><\/p>\n","protected":false},"excerpt":{"rendered":"<p>Le Coll\u00e8ge Gaston Crochet, situ\u00e9 \u00e0 La Plaine-des-Palmistes, est engag\u00e9 dans une d\u00e9marche \u00e9ducative en partenariat avec le Parc national de La R\u00e9union. Ce partenariat s&rsquo;inscrit dans le cadre du dispositif \u00ab\u00a0\u00c9tablissement-relais Porte de parc\u00a0\u00bb, visant \u00e0 sensibiliser les \u00e9l\u00e8ves \u00e0 la richesse du patrimoine naturel de l&rsquo;\u00eele (lien : &hellip;<\/p>\n","protected":false},"author":14734,"featured_media":0,"parent":0,"menu_order":0,"comment_status":"closed","ping_status":"closed","template":"","meta":{"footnotes":""},"class_list":["post-2987","page","type-page","status-publish","hentry"],"_links":{"self":[{"href":"https:\/\/etab.ac-reunion.fr\/clg-gaston-crochet\/wp-json\/wp\/v2\/pages\/2987","targetHints":{"allow":["GET"]}}],"collection":[{"href":"https:\/\/etab.ac-reunion.fr\/clg-gaston-crochet\/wp-json\/wp\/v2\/pages"}],"about":[{"href":"https:\/\/etab.ac-reunion.fr\/clg-gaston-crochet\/wp-json\/wp\/v2\/types\/page"}],"author":[{"embeddable":true,"href":"https:\/\/etab.ac-reunion.fr\/clg-gaston-crochet\/wp-json\/wp\/v2\/users\/14734"}],"replies":[{"embeddable":true,"href":"https:\/\/etab.ac-reunion.fr\/clg-gaston-crochet\/wp-json\/wp\/v2\/comments?post=2987"}],"version-history":[{"count":6,"href":"https:\/\/etab.ac-reunion.fr\/clg-gaston-crochet\/wp-json\/wp\/v2\/pages\/2987\/revisions"}],"predecessor-version":[{"id":3309,"href":"https:\/\/etab.ac-reunion.fr\/clg-gaston-crochet\/wp-json\/wp\/v2\/pages\/2987\/revisions\/3309"}],"wp:attachment":[{"href":"https:\/\/etab.ac-reunion.fr\/clg-gaston-crochet\/wp-json\/wp\/v2\/media?parent=2987"}],"curies":[{"name":"wp","href":"https:\/\/api.w.org\/{rel}","templated":true}]}}