{"id":2994,"date":"2025-04-24T17:07:06","date_gmt":"2025-04-24T14:07:06","guid":{"rendered":"https:\/\/etab.ac-reunion.fr\/clg-gaston-crochet\/?page_id=2994"},"modified":"2025-12-19T12:26:04","modified_gmt":"2025-12-19T09:26:04","slug":"assistance","status":"publish","type":"page","link":"https:\/\/etab.ac-reunion.fr\/clg-gaston-crochet\/assistance\/","title":{"rendered":"Assistance parent EDUCONNECT"},"content":{"rendered":"\n<h2>\ud83c\udd98 Besoin d\u2019aide pour vous connecter \u00e0 Educonnect ?<\/h2>\n<div style=\"padding: 1em;background-color: #fff8f3;border-left: 5px solid #EF6C22;border-radius: 8px;margin-bottom: 1em\">\n  <p style=\"font-size: 18px;color: #EF6C22;font-weight: bold;margin: 0\">\n    Merci de remplir le formulaire officiel d\u2019assistance acad\u00e9mique. Ce formulaire est s\u00e9curis\u00e9 et transmis automatiquement aux services comp\u00e9tents.\n  <\/p>\n<\/div>\n<a href=\"https:\/\/assistanceteleservices.education.gouv.fr\/formulaire.php\" target=\"_blank\" rel=\"noopener\">\n  <button style=\"padding: 10px 20px;font-size: 1em;background-color: #005199;color: white;border: none;border-radius: 6px\">\n    \n<\/a>\n\n\n\n<figure class=\"wp-block-image size-medium\"><a href=\"https:\/\/assistanceteleservices.education.gouv.fr\/formulaire.php\"><img loading=\"lazy\" decoding=\"async\" width=\"300\" height=\"200\" src=\"https:\/\/etab.ac-reunion.fr\/clg-gaston-crochet\/wp-content\/uploads\/sites\/97\/2025\/05\/bouton-acces-au-formulaire-300x200.png\" alt=\"\" class=\"wp-image-3346\" srcset=\"https:\/\/etab.ac-reunion.fr\/clg-gaston-crochet\/wp-content\/uploads\/sites\/97\/2025\/05\/bouton-acces-au-formulaire-300x200.png 300w, https:\/\/etab.ac-reunion.fr\/clg-gaston-crochet\/wp-content\/uploads\/sites\/97\/2025\/05\/bouton-acces-au-formulaire-1024x683.png 1024w, https:\/\/etab.ac-reunion.fr\/clg-gaston-crochet\/wp-content\/uploads\/sites\/97\/2025\/05\/bouton-acces-au-formulaire-768x512.png 768w, https:\/\/etab.ac-reunion.fr\/clg-gaston-crochet\/wp-content\/uploads\/sites\/97\/2025\/05\/bouton-acces-au-formulaire.png 1536w\" sizes=\"auto, (max-width: 300px) 100vw, 300px\" \/><\/a><\/figure>\n","protected":false},"excerpt":{"rendered":"<p>\ud83c\udd98 Besoin d\u2019aide pour vous connecter \u00e0 Educonnect ? Merci de remplir le formulaire officiel d\u2019assistance acad\u00e9mique. Ce formulaire est s\u00e9curis\u00e9 et transmis automatiquement aux services comp\u00e9tents.<\/p>\n","protected":false},"author":14734,"featured_media":0,"parent":0,"menu_order":0,"comment_status":"closed","ping_status":"closed","template":"","meta":{"footnotes":""},"class_list":["post-2994","page","type-page","status-publish","hentry"],"_links":{"self":[{"href":"https:\/\/etab.ac-reunion.fr\/clg-gaston-crochet\/wp-json\/wp\/v2\/pages\/2994","targetHints":{"allow":["GET"]}}],"collection":[{"href":"https:\/\/etab.ac-reunion.fr\/clg-gaston-crochet\/wp-json\/wp\/v2\/pages"}],"about":[{"href":"https:\/\/etab.ac-reunion.fr\/clg-gaston-crochet\/wp-json\/wp\/v2\/types\/page"}],"author":[{"embeddable":true,"href":"https:\/\/etab.ac-reunion.fr\/clg-gaston-crochet\/wp-json\/wp\/v2\/users\/14734"}],"replies":[{"embeddable":true,"href":"https:\/\/etab.ac-reunion.fr\/clg-gaston-crochet\/wp-json\/wp\/v2\/comments?post=2994"}],"version-history":[{"count":15,"href":"https:\/\/etab.ac-reunion.fr\/clg-gaston-crochet\/wp-json\/wp\/v2\/pages\/2994\/revisions"}],"predecessor-version":[{"id":3871,"href":"https:\/\/etab.ac-reunion.fr\/clg-gaston-crochet\/wp-json\/wp\/v2\/pages\/2994\/revisions\/3871"}],"wp:attachment":[{"href":"https:\/\/etab.ac-reunion.fr\/clg-gaston-crochet\/wp-json\/wp\/v2\/media?parent=2994"}],"curies":[{"name":"wp","href":"https:\/\/api.w.org\/{rel}","templated":true}]}}