{"id":2996,"date":"2025-04-24T17:07:19","date_gmt":"2025-04-24T14:07:19","guid":{"rendered":"https:\/\/etab.ac-reunion.fr\/clg-gaston-crochet\/?page_id=2996"},"modified":"2025-12-25T16:55:51","modified_gmt":"2025-12-25T13:55:51","slug":"smartphone","status":"publish","type":"page","link":"https:\/\/etab.ac-reunion.fr\/clg-gaston-crochet\/metice-educonnect\/smartphone\/","title":{"rendered":"Smartphone : tutoriel \u00e9l\u00e8ve pour Pronote"},"content":{"rendered":"\n<p><strong>Vous pouvez t\u00e9l\u00e9charger ce tutoriel en cliquant sur la fl\u00e8che (vers le bas) positionn\u00e9e \u00e0 droite du bandeau noir ci-dessous, juste avant l&rsquo;image de l&rsquo;imprimante<\/strong><\/p>\n\n\n\n<div class=\"wp-block-file\"><a id=\"wp-block-file--media-0cdeb90e-656a-424b-8f67-913a674892dc\" href=\"https:\/\/etab.ac-reunion.fr\/clg-gaston-crochet\/wp-content\/uploads\/sites\/97\/2025\/05\/Tutoriel-Pronote-Smartphone-Gaston-Crochet-Corrige.pdf\">Tutoriel-Pronote-Smartphone-Gaston-Crochet-Corrige<\/a><a href=\"https:\/\/etab.ac-reunion.fr\/clg-gaston-crochet\/wp-content\/uploads\/sites\/97\/2025\/05\/Tutoriel-Pronote-Smartphone-Gaston-Crochet-Corrige.pdf\" class=\"wp-block-file__button wp-element-button\" download aria-describedby=\"wp-block-file--media-0cdeb90e-656a-424b-8f67-913a674892dc\">T\u00e9l\u00e9charger<\/a><\/div>\n\n\n<a href=\"https:\/\/etab.ac-reunion.fr\/clg-gaston-crochet\/wp-content\/uploads\/sites\/97\/2025\/05\/Tutoriel-Pronote-Smartphone-Gaston-Crochet-Corrige.pdf\" class=\"pdfemb-viewer\" style=\"\" data-width=\"max\" data-height=\"max\" data-toolbar=\"top\" data-toolbar-fixed=\"off\">Tutoriel-Pronote-Smartphone-Gaston-Crochet-Corrige<\/a>","protected":false},"excerpt":{"rendered":"<p>Vous pouvez t\u00e9l\u00e9charger ce tutoriel en cliquant sur la fl\u00e8che (vers le bas) positionn\u00e9e \u00e0 droite du bandeau noir ci-dessous, juste avant l&rsquo;image de l&rsquo;imprimante<\/p>\n","protected":false},"author":14734,"featured_media":0,"parent":2872,"menu_order":0,"comment_status":"closed","ping_status":"closed","template":"","meta":{"footnotes":""},"class_list":["post-2996","page","type-page","status-publish","hentry"],"_links":{"self":[{"href":"https:\/\/etab.ac-reunion.fr\/clg-gaston-crochet\/wp-json\/wp\/v2\/pages\/2996","targetHints":{"allow":["GET"]}}],"collection":[{"href":"https:\/\/etab.ac-reunion.fr\/clg-gaston-crochet\/wp-json\/wp\/v2\/pages"}],"about":[{"href":"https:\/\/etab.ac-reunion.fr\/clg-gaston-crochet\/wp-json\/wp\/v2\/types\/page"}],"author":[{"embeddable":true,"href":"https:\/\/etab.ac-reunion.fr\/clg-gaston-crochet\/wp-json\/wp\/v2\/users\/14734"}],"replies":[{"embeddable":true,"href":"https:\/\/etab.ac-reunion.fr\/clg-gaston-crochet\/wp-json\/wp\/v2\/comments?post=2996"}],"version-history":[{"count":6,"href":"https:\/\/etab.ac-reunion.fr\/clg-gaston-crochet\/wp-json\/wp\/v2\/pages\/2996\/revisions"}],"predecessor-version":[{"id":3894,"href":"https:\/\/etab.ac-reunion.fr\/clg-gaston-crochet\/wp-json\/wp\/v2\/pages\/2996\/revisions\/3894"}],"up":[{"embeddable":true,"href":"https:\/\/etab.ac-reunion.fr\/clg-gaston-crochet\/wp-json\/wp\/v2\/pages\/2872"}],"wp:attachment":[{"href":"https:\/\/etab.ac-reunion.fr\/clg-gaston-crochet\/wp-json\/wp\/v2\/media?parent=2996"}],"curies":[{"name":"wp","href":"https:\/\/api.w.org\/{rel}","templated":true}]}}