{"id":3113,"date":"2025-04-28T15:00:19","date_gmt":"2025-04-28T12:00:19","guid":{"rendered":"https:\/\/etab.ac-reunion.fr\/clg-gaston-crochet\/?page_id=3113"},"modified":"2025-12-25T16:38:36","modified_gmt":"2025-12-25T13:38:36","slug":"liste-des-fournitures-scolaires","status":"publish","type":"page","link":"https:\/\/etab.ac-reunion.fr\/clg-gaston-crochet\/liste-des-fournitures-scolaires\/","title":{"rendered":"Liste des fournitures scolaires"},"content":{"rendered":"\n<p class=\"has-accent-1-color has-text-color has-link-color has-large-font-size wp-elements-3614f4dc0c621043ca4e847cf193a4e8\">\u270f\ufe0f Liste des fournitures scolaires 2025<strong>\u2013<\/strong>2026<\/p>\n\n\n\n<p class=\"has-accent-2-color has-text-color has-link-color has-large-font-size wp-elements-59a9e488e1d1141f37ad08b7f121e974\">La liste des effets scolaires attendus pour chaque niveau et chaque discipline est d\u00e9sormais disponible.<br>Elle vous permet de pr\u00e9parer sereinement la rentr\u00e9e de votre enfant, avec le mat\u00e9riel n\u00e9cessaire d\u00e8s le premier jour de classe.<\/p>\n\n\n\n<p class=\"has-large-font-size\">\ud83d\udce5 <strong>T\u00e9l\u00e9charger la liste des fournitures scolaires :<\/strong><br>\ud83d\udc49 <a>Cliquez ici pour consulter le document au format PDF<\/a> <strong> en cliquant sur la fl\u00e8che (vers le bas) positionn\u00e9e \u00e0 droite du bandeau noir ci-dessous, juste avant l&rsquo;image de l&rsquo;imprimante<\/strong><\/p>\n\n\n\n<p class=\"has-accent-1-color has-text-color has-link-color has-large-font-size wp-elements-9fe9e580fee8a216c913514e33bf7896\">\u2139\ufe0f Pensez \u00e0 v\u00e9rifier r\u00e9guli\u00e8rement le mat\u00e9riel tout au long de l\u2019ann\u00e9e pour qu\u2019il soit toujours complet et en bon \u00e9tat.<\/p>\n\n\n\n<div class=\"wp-block-file\"><a id=\"wp-block-file--media-4ca6b43d-3807-4576-a0b3-cb9ac293bc74\" href=\"https:\/\/etab.ac-reunion.fr\/clg-gaston-crochet\/wp-content\/uploads\/sites\/97\/2025\/07\/liste_effets_scolaires_2025.pdf\">liste_effets_scolaires_2025<\/a><a href=\"https:\/\/etab.ac-reunion.fr\/clg-gaston-crochet\/wp-content\/uploads\/sites\/97\/2025\/07\/liste_effets_scolaires_2025.pdf\" class=\"wp-block-file__button wp-element-button\" download aria-describedby=\"wp-block-file--media-4ca6b43d-3807-4576-a0b3-cb9ac293bc74\">T\u00e9l\u00e9charger<\/a><\/div>\n\n\n<a href=\"https:\/\/etab.ac-reunion.fr\/clg-gaston-crochet\/wp-content\/uploads\/sites\/97\/2025\/07\/liste_effets_scolaires_2025.pdf\" class=\"pdfemb-viewer\" style=\"\" data-width=\"max\" data-height=\"max\" data-toolbar=\"top\" data-toolbar-fixed=\"off\">liste_effets_scolaires_2025<\/a>","protected":false},"excerpt":{"rendered":"<p>\u270f\ufe0f Liste des fournitures scolaires 2025\u20132026 La liste des effets scolaires attendus pour chaque niveau et chaque discipline est d\u00e9sormais disponible.Elle vous permet de pr\u00e9parer sereinement la rentr\u00e9e de votre enfant, avec le mat\u00e9riel n\u00e9cessaire d\u00e8s le premier jour de classe. \ud83d\udce5 T\u00e9l\u00e9charger la liste des fournitures scolaires :\ud83d\udc49 Cliquez &hellip;<\/p>\n","protected":false},"author":14734,"featured_media":0,"parent":0,"menu_order":0,"comment_status":"closed","ping_status":"closed","template":"","meta":{"footnotes":""},"class_list":["post-3113","page","type-page","status-publish","hentry"],"_links":{"self":[{"href":"https:\/\/etab.ac-reunion.fr\/clg-gaston-crochet\/wp-json\/wp\/v2\/pages\/3113","targetHints":{"allow":["GET"]}}],"collection":[{"href":"https:\/\/etab.ac-reunion.fr\/clg-gaston-crochet\/wp-json\/wp\/v2\/pages"}],"about":[{"href":"https:\/\/etab.ac-reunion.fr\/clg-gaston-crochet\/wp-json\/wp\/v2\/types\/page"}],"author":[{"embeddable":true,"href":"https:\/\/etab.ac-reunion.fr\/clg-gaston-crochet\/wp-json\/wp\/v2\/users\/14734"}],"replies":[{"embeddable":true,"href":"https:\/\/etab.ac-reunion.fr\/clg-gaston-crochet\/wp-json\/wp\/v2\/comments?post=3113"}],"version-history":[{"count":8,"href":"https:\/\/etab.ac-reunion.fr\/clg-gaston-crochet\/wp-json\/wp\/v2\/pages\/3113\/revisions"}],"predecessor-version":[{"id":3887,"href":"https:\/\/etab.ac-reunion.fr\/clg-gaston-crochet\/wp-json\/wp\/v2\/pages\/3113\/revisions\/3887"}],"wp:attachment":[{"href":"https:\/\/etab.ac-reunion.fr\/clg-gaston-crochet\/wp-json\/wp\/v2\/media?parent=3113"}],"curies":[{"name":"wp","href":"https:\/\/api.w.org\/{rel}","templated":true}]}}