{"id":3236,"date":"2025-04-30T10:36:18","date_gmt":"2025-04-30T07:36:18","guid":{"rendered":"https:\/\/etab.ac-reunion.fr\/clg-gaston-crochet\/?page_id=3236"},"modified":"2025-04-30T11:09:47","modified_gmt":"2025-04-30T08:09:47","slug":"le-rucher-pedagogique","status":"publish","type":"page","link":"https:\/\/etab.ac-reunion.fr\/clg-gaston-crochet\/le-rucher-pedagogique\/","title":{"rendered":"Le rucher p\u00e9dagogique"},"content":{"rendered":"\n<h2 class=\"wp-block-heading has-large-font-size\">\ud83d\udc1d Le rucher p\u00e9dagogique<\/h2>\n\n\n\n<p class=\"has-large-font-size\">Dans le cadre de notre engagement en faveur de l\u2019\u00e9ducation au d\u00e9veloppement durable, le coll\u00e8ge Gaston Crochet va mettre en place un rucher p\u00e9dagogique. Ce projet vise \u00e0 sensibiliser les \u00e9l\u00e8ves \u00e0 l\u2019importance des abeilles dans notre \u00e9cosyst\u00e8me et \u00e0 leur r\u00f4le crucial dans la pollinisation.\u200b<\/p>\n\n\n\n<p class=\"has-large-font-size\">Les \u00e9l\u00e8ves participeront activement \u00e0 l\u2019entretien des ruches, \u00e0 l\u2019observation des abeilles et \u00e0 la r\u00e9colte du miel. Ce projet interdisciplinaire permet d\u2019aborder des notions scientifiques, \u00e9cologiques et citoyennes, tout en d\u00e9veloppant des comp\u00e9tences pratiques.\u200b<\/p>\n\n\n\n<p class=\"has-large-font-size\">Le rucher p\u00e9dagogique sera \u00e9galement un outil de sensibilisation pour l\u2019ensemble de la communaut\u00e9 scolaire, favorisant une prise de conscience collective des enjeux environnementaux.<\/p>\n","protected":false},"excerpt":{"rendered":"<p>\ud83d\udc1d Le rucher p\u00e9dagogique Dans le cadre de notre engagement en faveur de l\u2019\u00e9ducation au d\u00e9veloppement durable, le coll\u00e8ge Gaston Crochet va mettre en place un rucher p\u00e9dagogique. Ce projet vise \u00e0 sensibiliser les \u00e9l\u00e8ves \u00e0 l\u2019importance des abeilles dans notre \u00e9cosyst\u00e8me et \u00e0 leur r\u00f4le crucial dans la pollinisation.\u200b &hellip;<\/p>\n","protected":false},"author":6403,"featured_media":0,"parent":0,"menu_order":0,"comment_status":"closed","ping_status":"closed","template":"","meta":{"footnotes":""},"class_list":["post-3236","page","type-page","status-publish","hentry"],"_links":{"self":[{"href":"https:\/\/etab.ac-reunion.fr\/clg-gaston-crochet\/wp-json\/wp\/v2\/pages\/3236","targetHints":{"allow":["GET"]}}],"collection":[{"href":"https:\/\/etab.ac-reunion.fr\/clg-gaston-crochet\/wp-json\/wp\/v2\/pages"}],"about":[{"href":"https:\/\/etab.ac-reunion.fr\/clg-gaston-crochet\/wp-json\/wp\/v2\/types\/page"}],"author":[{"embeddable":true,"href":"https:\/\/etab.ac-reunion.fr\/clg-gaston-crochet\/wp-json\/wp\/v2\/users\/6403"}],"replies":[{"embeddable":true,"href":"https:\/\/etab.ac-reunion.fr\/clg-gaston-crochet\/wp-json\/wp\/v2\/comments?post=3236"}],"version-history":[{"count":2,"href":"https:\/\/etab.ac-reunion.fr\/clg-gaston-crochet\/wp-json\/wp\/v2\/pages\/3236\/revisions"}],"predecessor-version":[{"id":3251,"href":"https:\/\/etab.ac-reunion.fr\/clg-gaston-crochet\/wp-json\/wp\/v2\/pages\/3236\/revisions\/3251"}],"wp:attachment":[{"href":"https:\/\/etab.ac-reunion.fr\/clg-gaston-crochet\/wp-json\/wp\/v2\/media?parent=3236"}],"curies":[{"name":"wp","href":"https:\/\/api.w.org\/{rel}","templated":true}]}}