{"id":3270,"date":"2025-05-20T14:14:58","date_gmt":"2025-05-20T11:14:58","guid":{"rendered":"https:\/\/etab.ac-reunion.fr\/clg-gaston-crochet\/?page_id=3270"},"modified":"2025-05-20T14:19:25","modified_gmt":"2025-05-20T11:19:25","slug":"la-sante-le-social","status":"publish","type":"page","link":"https:\/\/etab.ac-reunion.fr\/clg-gaston-crochet\/la-sante-le-social\/","title":{"rendered":"LA SANTE &amp; LE SOCIAL"},"content":{"rendered":"\n<p class=\"has-accent-2-color has-text-color has-link-color has-large-font-size wp-elements-d8ddf388a264ce0fe4b0167f8d0a74f5\">Un accompagnement social au service des \u00e9l\u00e8ves et des familles<\/p>\n\n\n\n<p class=\"has-large-font-size\">Le service social scolaire du coll\u00e8ge Gaston Crochet est assur\u00e9 par un assistant social de l\u2019\u00c9ducation nationale. Il intervient pour :<\/p>\n\n\n\n<ul class=\"wp-block-list\">\n<li class=\"has-large-font-size\"><strong>Accompagner les \u00e9l\u00e8ves et leurs familles<\/strong> confront\u00e9s \u00e0 des difficult\u00e9s sociales, financi\u00e8res ou personnelles.<\/li>\n\n\n\n<li class=\"has-large-font-size\"><strong>Pr\u00e9venir et lutter contre le d\u00e9crochage scolaire<\/strong> en identifiant les facteurs de vuln\u00e9rabilit\u00e9.<\/li>\n\n\n\n<li class=\"has-large-font-size\"><strong>Faciliter l\u2019acc\u00e8s aux droits<\/strong> en informant sur les dispositifs d\u2019aide existants (bourses, fonds sociaux, aides sp\u00e9cifiques).<\/li>\n\n\n\n<li class=\"has-large-font-size\"><strong>Collaborer avec les partenaires locaux<\/strong> pour une prise en charge globale des situations complexes.<\/li>\n<\/ul>\n\n\n\n<p class=\"has-large-font-size\">L\u2019assistant social travaille en \u00e9troite collaboration avec l\u2019infirmi\u00e8re scolaire, le m\u00e9decin scolaire, le PsyEN et les \u00e9quipes \u00e9ducatives. Il  est soumis au secret professionnel et re\u00e7oit les \u00e9l\u00e8ves et leurs familles dans un cadre confidentiel.<\/p>\n\n\n\n<p class=\"has-large-font-size\">Pour plus d\u2019informations, vous pouvez consulter la page d\u00e9di\u00e9e :<br>\ud83d\udd17 <a href=\"https:\/\/www.ac-reunion.fr\/sante-et-social-123311?utm_source=chatgpt.com\">Sant\u00e9 &amp; social<\/a><\/p>\n","protected":false},"excerpt":{"rendered":"<p>Un accompagnement social au service des \u00e9l\u00e8ves et des familles Le service social scolaire du coll\u00e8ge Gaston Crochet est assur\u00e9 par un assistant social de l\u2019\u00c9ducation nationale. Il intervient pour : L\u2019assistant social travaille en \u00e9troite collaboration avec l\u2019infirmi\u00e8re scolaire, le m\u00e9decin scolaire, le PsyEN et les \u00e9quipes \u00e9ducatives. Il &hellip;<\/p>\n","protected":false},"author":6403,"featured_media":0,"parent":0,"menu_order":0,"comment_status":"closed","ping_status":"closed","template":"","meta":{"footnotes":""},"class_list":["post-3270","page","type-page","status-publish","hentry"],"_links":{"self":[{"href":"https:\/\/etab.ac-reunion.fr\/clg-gaston-crochet\/wp-json\/wp\/v2\/pages\/3270","targetHints":{"allow":["GET"]}}],"collection":[{"href":"https:\/\/etab.ac-reunion.fr\/clg-gaston-crochet\/wp-json\/wp\/v2\/pages"}],"about":[{"href":"https:\/\/etab.ac-reunion.fr\/clg-gaston-crochet\/wp-json\/wp\/v2\/types\/page"}],"author":[{"embeddable":true,"href":"https:\/\/etab.ac-reunion.fr\/clg-gaston-crochet\/wp-json\/wp\/v2\/users\/6403"}],"replies":[{"embeddable":true,"href":"https:\/\/etab.ac-reunion.fr\/clg-gaston-crochet\/wp-json\/wp\/v2\/comments?post=3270"}],"version-history":[{"count":2,"href":"https:\/\/etab.ac-reunion.fr\/clg-gaston-crochet\/wp-json\/wp\/v2\/pages\/3270\/revisions"}],"predecessor-version":[{"id":3273,"href":"https:\/\/etab.ac-reunion.fr\/clg-gaston-crochet\/wp-json\/wp\/v2\/pages\/3270\/revisions\/3273"}],"wp:attachment":[{"href":"https:\/\/etab.ac-reunion.fr\/clg-gaston-crochet\/wp-json\/wp\/v2\/media?parent=3270"}],"curies":[{"name":"wp","href":"https:\/\/api.w.org\/{rel}","templated":true}]}}