{"id":3276,"date":"2025-05-20T14:45:00","date_gmt":"2025-05-20T11:45:00","guid":{"rendered":"https:\/\/etab.ac-reunion.fr\/clg-gaston-crochet\/?page_id=3276"},"modified":"2025-12-05T11:02:05","modified_gmt":"2025-12-05T08:02:05","slug":"phare-lutte-contre-le-harcelement-scolaire","status":"publish","type":"page","link":"https:\/\/etab.ac-reunion.fr\/clg-gaston-crochet\/phare-lutte-contre-le-harcelement-scolaire\/","title":{"rendered":"PHARE : LUTTE CONTRE LE HARCELEMENT SCOLAIRE"},"content":{"rendered":"\n<p class=\"has-accent-2-color has-text-color has-link-color has-large-font-size wp-elements-3543feffded55ce94ca34355db9916da\"><strong>Un \u00e9tablissement engag\u00e9 contre le harc\u00e8lement<\/strong><\/p>\n\n\n\n<p class=\"has-large-font-size\">Le coll\u00e8ge Gaston Crochet est labellis\u00e9 <strong>PHARE (Programme de lutte contre le Harc\u00e8lement \u00c0 l\u2019\u00c9cole)<\/strong>, un dispositif national pilot\u00e9 par le minist\u00e8re de l\u2019\u00c9ducation nationale.<\/p>\n\n\n\n<p class=\"has-large-font-size\">Ce programme vise \u00e0 <strong>pr\u00e9venir, rep\u00e9rer et traiter<\/strong> toutes les situations de harc\u00e8lement entre \u00e9l\u00e8ves, qu\u2019elles aient lieu dans l\u2019\u00e9tablissement ou en ligne (cyberharc\u00e8lement).<\/p>\n\n\n\n<p class=\"has-large-font-size\"><strong>Nos actions concr\u00e8tes dans le cadre du programme PHARE :<\/strong><\/p>\n\n\n\n<ul class=\"wp-block-list\">\n<li class=\"has-large-font-size\"><strong>Formation des adultes r\u00e9f\u00e9rents<\/strong> (enseignants, CPE, vie scolaire, personnels sant\u00e9-social).<\/li>\n\n\n\n<li class=\"has-large-font-size\"><strong>Cr\u00e9ation d\u2019un groupe d\u2019\u00e9l\u00e8ves ambassadeurs<\/strong> form\u00e9s \u00e0 la pr\u00e9vention du harc\u00e8lement.<\/li>\n\n\n\n<li class=\"has-large-font-size\"><strong>Mise en place d\u2019un protocole de traitement des situations<\/strong> : \u00e9coute, enqu\u00eate, accompagnement des victimes et mise \u00e0 distance des auteurs.<\/li>\n\n\n\n<li class=\"has-large-font-size\"><strong>Actions de sensibilisation<\/strong> r\u00e9guli\u00e8res dans les classes (ex. : Semaine nationale de lutte contre le harc\u00e8lement, ateliers, d\u00e9bats, vid\u00e9os).<\/li>\n\n\n\n<li class=\"has-large-font-size\"><strong>Travail transversal<\/strong> entre sant\u00e9, citoyennet\u00e9, \u00e9ducation morale et num\u00e9rique.<\/li>\n<\/ul>\n\n\n\n<p class=\"has-large-font-size\">Le coll\u00e8ge Gaston Crochet fait de la <strong>pr\u00e9vention du harc\u00e8lement un enjeu \u00e9ducatif majeur<\/strong>, pour garantir \u00e0 chaque \u00e9l\u00e8ve un cadre de vie <strong>serein, s\u00e9curis\u00e9 et bienveillant<\/strong>.<\/p>\n\n\n\n<p class=\"has-accent-1-color has-text-color has-link-color has-large-font-size wp-elements-edaa7f62f24c2849ab48f50ed807026a\"><strong>Communication du num\u00e9ro d\u2019urgence 3018<\/strong> : diffusion syst\u00e9matique du num\u00e9ro d&rsquo;urgence dans les carnets de correspondance et autres supports num\u00e9riques<\/p>\n\n\n\n<blockquote class=\"wp-block-quote is-layout-flow wp-block-quote-is-layout-flow\">\n<p class=\"has-accent-2-color has-text-color has-link-color has-large-font-size wp-elements-ddfac0ed1f9a9e78db581647ff3fafc9\">\u00ab\u00a0Ensemble, nous pouvons faire de nos \u00e9coles des environnements plus s\u00fbrs et plus respectueux, o\u00f9 chaque \u00e9l\u00e8ve a le droit de s&rsquo;\u00e9panouir et d&rsquo;apprendre dans un climat de confiance\u00a0\u00bb.<\/p>\n\n\n\n<p class=\"has-large-font-size\">\ud83d\udd17 En savoir plus sur le programme PHARE : <a href=\"https:\/\/www.education.gouv.fr\/non-au-harcelement\/phare-un-programme-de-lutte-contre-le-harcelement-l-ecole-323435?utm_source=chatgpt.com\">www.education.gouv.fr\/programme-phare<\/a><\/p>\n<\/blockquote>\n\n\n\n<p><\/p>\n","protected":false},"excerpt":{"rendered":"<p>Un \u00e9tablissement engag\u00e9 contre le harc\u00e8lement Le coll\u00e8ge Gaston Crochet est labellis\u00e9 PHARE (Programme de lutte contre le Harc\u00e8lement \u00c0 l\u2019\u00c9cole), un dispositif national pilot\u00e9 par le minist\u00e8re de l\u2019\u00c9ducation nationale. Ce programme vise \u00e0 pr\u00e9venir, rep\u00e9rer et traiter toutes les situations de harc\u00e8lement entre \u00e9l\u00e8ves, qu\u2019elles aient lieu dans &hellip;<\/p>\n","protected":false},"author":6403,"featured_media":0,"parent":0,"menu_order":0,"comment_status":"closed","ping_status":"closed","template":"","meta":{"footnotes":""},"class_list":["post-3276","page","type-page","status-publish","hentry"],"_links":{"self":[{"href":"https:\/\/etab.ac-reunion.fr\/clg-gaston-crochet\/wp-json\/wp\/v2\/pages\/3276","targetHints":{"allow":["GET"]}}],"collection":[{"href":"https:\/\/etab.ac-reunion.fr\/clg-gaston-crochet\/wp-json\/wp\/v2\/pages"}],"about":[{"href":"https:\/\/etab.ac-reunion.fr\/clg-gaston-crochet\/wp-json\/wp\/v2\/types\/page"}],"author":[{"embeddable":true,"href":"https:\/\/etab.ac-reunion.fr\/clg-gaston-crochet\/wp-json\/wp\/v2\/users\/6403"}],"replies":[{"embeddable":true,"href":"https:\/\/etab.ac-reunion.fr\/clg-gaston-crochet\/wp-json\/wp\/v2\/comments?post=3276"}],"version-history":[{"count":6,"href":"https:\/\/etab.ac-reunion.fr\/clg-gaston-crochet\/wp-json\/wp\/v2\/pages\/3276\/revisions"}],"predecessor-version":[{"id":3822,"href":"https:\/\/etab.ac-reunion.fr\/clg-gaston-crochet\/wp-json\/wp\/v2\/pages\/3276\/revisions\/3822"}],"wp:attachment":[{"href":"https:\/\/etab.ac-reunion.fr\/clg-gaston-crochet\/wp-json\/wp\/v2\/media?parent=3276"}],"curies":[{"name":"wp","href":"https:\/\/api.w.org\/{rel}","templated":true}]}}